{"id":34760,"date":"2023-10-26T12:08:05","date_gmt":"2023-10-26T11:08:05","guid":{"rendered":"https:\/\/hellenics-original.com\/produkt\/gezichts-lichaamscreme-voor-mannen-200ml\/"},"modified":"2025-10-19T11:09:03","modified_gmt":"2025-10-19T10:09:03","slug":"gezichts-lichaamscreme-voor-mannen-200ml","status":"publish","type":"product","link":"https:\/\/hellenics-original.com\/nl\/produkt\/gezichts-lichaamscreme-voor-mannen-200ml\/","title":{"rendered":"Gezichts- &amp; lichaamscr\u00e8me voor mannen 200ml"},"content":{"rendered":"<p><span style=\"color: #000000\"><strong>Gezicht &amp; Lichaam voor Mannen 200ml<\/strong><\/span><\/p>\n<p><em><span style=\"color: #000000\">Gezichts- en lichaamscr\u00e8me voor de specifieke behoeften van de mannenhuid,<\/span><\/em><\/p>\n<p><em><span style=\"color: #000000\">Met een mannelijke geur, hydrateert diep de mannelijke huid<\/span><\/em><\/p>\n<p><em><span style=\"color: #000000\">en beschermt ze tegen schade na langdurige blootstelling aan de zon en slecht weer.<\/span><\/em><\/p>\n<p><em><span style=\"color: #000000\">Het is ook ideaal om de huid te verzachten na het scheren.<\/span><\/em><\/p>\n<p>&nbsp;<\/p>\n<p>Ben je op zoek naar een leuk cadeau voor je dierbaren? Dan hebben we een mooie selectie kant-en-klare cosmetica cadeausets voor je. <\/p>\n<p>Wij bieden je unieke natuurlijke cosmetica van de hoogste kwaliteit en veiligheid.<\/p>\n<p>De belangrijkste ingredi\u00ebnten in onze recepten zijn biologische olijfolie, planten, kruiden en essenti\u00eble oli\u00ebn,<\/p>\n<p>die de schoonheid en gezondheid van je huid verzorgen zoals alleen de natuur dat kan.<\/p>\n<p>Onze producten bevatten GEEN PARABENS, PARRAFINOLI\u00cbN, ZILICONEN OF MINERAALOLI\u00cbN!<\/p>\n<p>Ze zijn dermatologisch getest en bevatten kruiden- en organische extracten.<\/p>\n<p>Ze zijn NIET UITGEPRObeerd op DIEREN!<\/p>\n<p><strong><span style=\"color: #99cc00\">Je kunt ook andere geweldige producten vinden in onze online shop!<\/span><\/strong><\/p>\n<p>Kollectiva, Fotinatos B. Konstantinos<\/p>\n<p>Agios Dimitrios, 17342,<\/p>\n<p>Athene, Griekenland<\/p>\n<p>Telefoon: +302109739617<\/p>\n<p>Alleen voor uitwendig gebruik! Buiten bereik van kinderen houden! <\/p>\n","protected":false},"excerpt":{"rendered":"<p>Gezichts- en lichaamscr\u00e8me voor mannen \/ 200ml<\/p>\n","protected":false},"featured_media":34180,"comment_status":"closed","ping_status":"closed","template":"","meta":[],"product_brand":[],"product_cat":[771,765,769,770],"product_tag":[],"class_list":{"0":"post-34760","1":"product","2":"type-product","3":"status-publish","4":"has-post-thumbnail","6":"product_cat-bescherming-tegen-de-zon","7":"product_cat-cosmetica","8":"product_cat-gezichtsverzorging","9":"product_cat-lichaamsverzorging","10":"pa_artikelnummer-261","11":"pa_kategorie-cosmetica","12":"pa_produktart-lichaamsverzorging","13":"pa_produktgewicht-200-ml","15":"first","16":"instock","17":"taxable","18":"shipping-taxable","19":"purchasable","20":"product-type-simple"},"_links":{"self":[{"href":"https:\/\/hellenics-original.com\/nl\/wp-json\/wp\/v2\/product\/34760","targetHints":{"allow":["GET"]}}],"collection":[{"href":"https:\/\/hellenics-original.com\/nl\/wp-json\/wp\/v2\/product"}],"about":[{"href":"https:\/\/hellenics-original.com\/nl\/wp-json\/wp\/v2\/types\/product"}],"replies":[{"embeddable":true,"href":"https:\/\/hellenics-original.com\/nl\/wp-json\/wp\/v2\/comments?post=34760"}],"version-history":[{"count":0,"href":"https:\/\/hellenics-original.com\/nl\/wp-json\/wp\/v2\/product\/34760\/revisions"}],"wp:featuredmedia":[{"embeddable":true,"href":"https:\/\/hellenics-original.com\/nl\/wp-json\/wp\/v2\/media\/34180"}],"wp:attachment":[{"href":"https:\/\/hellenics-original.com\/nl\/wp-json\/wp\/v2\/media?parent=34760"}],"wp:term":[{"taxonomy":"product_brand","embeddable":true,"href":"https:\/\/hellenics-original.com\/nl\/wp-json\/wp\/v2\/product_brand?post=34760"},{"taxonomy":"product_cat","embeddable":true,"href":"https:\/\/hellenics-original.com\/nl\/wp-json\/wp\/v2\/product_cat?post=34760"},{"taxonomy":"product_tag","embeddable":true,"href":"https:\/\/hellenics-original.com\/nl\/wp-json\/wp\/v2\/product_tag?post=34760"}],"curies":[{"name":"wp","href":"https:\/\/api.w.org\/{rel}","templated":true}]}}