{"id":34787,"date":"2023-10-26T12:08:05","date_gmt":"2023-10-26T11:08:05","guid":{"rendered":"https:\/\/hellenics-original.com\/produkt\/arganolie-100ml\/"},"modified":"2025-10-25T10:52:16","modified_gmt":"2025-10-25T09:52:16","slug":"arganolie-100ml","status":"publish","type":"product","link":"https:\/\/hellenics-original.com\/nl\/produkt\/arganolie-100ml\/","title":{"rendered":"Arganolie 100ml"},"content":{"rendered":"<p><span style=\"color: #000000\"><strong>Arganolie 100ml<\/strong><\/span><\/p>\n<p><span style=\"color: #000000\"><em>Arganolie wordt gewonnen uit de pitten van de arganboom en staat bekend om zijn voedende, cosmetische en therapeutische eigenschappen.<\/em><\/span><\/p>\n<p><span style=\"color: #000000\"><em>Zeer rijk aan vitamine A, E en de essenti\u00eble vetzuren omega 6 en 9.<\/em><\/span><\/p>\n<p><span style=\"color: #000000\"><em>Het hydrateert, voedt en beschermt het haar,<\/em><\/span><\/p>\n<p><span style=\"color: #000000\"><em>Kalmeert de ge\u00efrriteerde huid, vermindert rimpels en is een bondgenoot tegen acne.<\/em><\/span><\/p>\n<p><span style=\"color: #000000\"><em>Een gouden olie van biologische teelt, 100% natuurlijk, zonder parabenen.<\/em><\/span><\/p>\n<p><span style=\"color: #000000\"><em>Met praktische pipet voor betere dosering! Zeer zuinig!<\/em><\/span><\/p>\n<p><span style=\"color: #000000\"><em>ALLEEN VOOR EXTERN GEBRUIK!<\/em><\/span><\/p>\n<p>&nbsp;<\/p>\n<p>Ben je op zoek naar een leuk cadeau voor je dierbaren? Dan hebben we een mooie selectie kant-en-klare cosmeticasets voor je.<\/p>\n<p>Wij bieden je unieke natuurlijke cosmetica van de hoogste kwaliteit en veiligheid.<\/p>\n<p>De belangrijkste ingredi\u00ebnten in onze recepten zijn biologische olijfolie, planten, kruiden en essenti\u00eble oli\u00ebn,<\/p>\n<p>die de schoonheid en gezondheid van je huid verzorgen zoals alleen de natuur dat kan.<\/p>\n<p>Onze producten bevatten GEEN PARABENS, PARRAFINOLI\u00cbN, ZILICONEN OF MINERAALOLI\u00cbN!<\/p>\n<p>Ze zijn dermatologisch getest en bevatten kruiden- en organische extracten.<\/p>\n<p>Ze zijn NIET UITGEPRObeerd op DIEREN!<\/p>\n<p><strong><span style=\"color: #99cc00\">Je kunt ook andere geweldige producten vinden in onze online shop!<\/span><\/strong><\/p>\n<p>Rizes Griekenland,<\/p>\n<p>Giannoudi,Rethymno<\/p>\n<p>Kreta, Griekenland<\/p>\n<p>Telefoon: +302831042626<\/p>\n<p>Buiten bereik van kinderen bewaren!<\/p>\n","protected":false},"excerpt":{"rendered":"<p><strong>Arganolie 100ml<\/strong><\/p>\n","protected":false},"featured_media":34162,"comment_status":"closed","ping_status":"closed","template":"","meta":[],"product_brand":[],"product_cat":[765,769,779,770,780],"product_tag":[],"class_list":{"0":"post-34787","1":"product","2":"type-product","3":"status-publish","4":"has-post-thumbnail","6":"product_cat-cosmetica","7":"product_cat-gezichtsverzorging","8":"product_cat-haarverzorging","9":"product_cat-lichaamsverzorging","10":"product_cat-olien","11":"pa_artikelnummer-274","12":"pa_kategorie-cosmetica","13":"pa_produktart-olien","14":"pa_produktgewicht-100ml","16":"first","17":"instock","18":"taxable","19":"shipping-taxable","20":"purchasable","21":"product-type-simple"},"_links":{"self":[{"href":"https:\/\/hellenics-original.com\/nl\/wp-json\/wp\/v2\/product\/34787","targetHints":{"allow":["GET"]}}],"collection":[{"href":"https:\/\/hellenics-original.com\/nl\/wp-json\/wp\/v2\/product"}],"about":[{"href":"https:\/\/hellenics-original.com\/nl\/wp-json\/wp\/v2\/types\/product"}],"replies":[{"embeddable":true,"href":"https:\/\/hellenics-original.com\/nl\/wp-json\/wp\/v2\/comments?post=34787"}],"version-history":[{"count":0,"href":"https:\/\/hellenics-original.com\/nl\/wp-json\/wp\/v2\/product\/34787\/revisions"}],"wp:featuredmedia":[{"embeddable":true,"href":"https:\/\/hellenics-original.com\/nl\/wp-json\/wp\/v2\/media\/34162"}],"wp:attachment":[{"href":"https:\/\/hellenics-original.com\/nl\/wp-json\/wp\/v2\/media?parent=34787"}],"wp:term":[{"taxonomy":"product_brand","embeddable":true,"href":"https:\/\/hellenics-original.com\/nl\/wp-json\/wp\/v2\/product_brand?post=34787"},{"taxonomy":"product_cat","embeddable":true,"href":"https:\/\/hellenics-original.com\/nl\/wp-json\/wp\/v2\/product_cat?post=34787"},{"taxonomy":"product_tag","embeddable":true,"href":"https:\/\/hellenics-original.com\/nl\/wp-json\/wp\/v2\/product_tag?post=34787"}],"curies":[{"name":"wp","href":"https:\/\/api.w.org\/{rel}","templated":true}]}}