{"id":34793,"date":"2023-10-26T12:08:08","date_gmt":"2023-10-26T11:08:08","guid":{"rendered":"https:\/\/hellenics-original.com\/produkt\/natuurlijke-deodorant\/"},"modified":"2025-10-19T11:09:20","modified_gmt":"2025-10-19T10:09:20","slug":"natuurlijke-deodorant","status":"publish","type":"product","link":"https:\/\/hellenics-original.com\/nl\/produkt\/natuurlijke-deodorant\/","title":{"rendered":"Natuurlijke deodorant"},"content":{"rendered":"<p><span style=\"color: #000000\"><strong>Deodorant roll-on 50ml<\/strong><\/span><\/p>\n<p><em><span style=\"color: #000000\">Natuurlijke deodorant met alo\u00eb, vera, olijfbladextract en rozemarijn.<\/span><\/em><\/p>\n<p><em><span style=\"color: #000000\">Deze deodorant is geschikt voor alle huidtypes.<\/span><\/em><\/p>\n<p><em><span style=\"color: #000000\">De deodorant biedt de hele dag bescherming en houdt bacteri\u00ebn tegen.<\/span><\/em><\/p>\n<p><em><span style=\"color: #000000\">Wij bieden je unieke natuurlijke cosmetica van de hoogste kwaliteit en veiligheid.<\/span><\/em><\/p>\n<p><em><span style=\"color: #000000\">De belangrijkste ingredi\u00ebnten in onze recepten zijn biologische olijfolie, planten, kruiden en essenti\u00eble oli\u00ebn,<\/span><\/em><\/p>\n<p><em><span style=\"color: #000000\">die de schoonheid en gezondheid van je huid verzorgen zoals alleen de natuur dat kan.<\/span><\/em><\/p>\n<p>&nbsp;<\/p>\n<p>Onze producten bevatten GEEN PARABENS, PARRAFINOLI\u00cbN, ZILICONEN OF MINERAALOLI\u00cbN!<\/p>\n<p>Ze zijn dermatologisch getest en bevatten kruiden- en organische extracten.<\/p>\n<p>Ze zijn NIET UITGEPRObeerd op DIEREN!<\/p>\n<p><strong><span style=\"color: #99cc00\">Je kunt ook andere geweldige producten vinden in onze online shop!<\/span><\/strong><\/p>\n<p>Rizes Griekenland,<\/p>\n<p>Giannoudi,Rethymno<\/p>\n<p>Kreta, Griekenland<\/p>\n<p>Telefoon: +302831042626<\/p>\n<p>Buiten bereik van kinderen bewaren! Alleen voor uitwendig gebruik!<\/p>\n","protected":false},"excerpt":{"rendered":"<p><span class=\"excerpt_part\">Deodorant roll-on 50ml<br \/><\/span><\/p>\n","protected":false},"featured_media":34274,"comment_status":"closed","ping_status":"closed","template":"","meta":[],"product_brand":[],"product_cat":[765,770],"product_tag":[],"class_list":{"0":"post-34793","1":"product","2":"type-product","3":"status-publish","4":"has-post-thumbnail","6":"product_cat-cosmetica","7":"product_cat-lichaamsverzorging","8":"pa_artikelnummer-283","9":"pa_kategorie-cosmetica","10":"pa_produktart-lichaamsverzorging","11":"pa_produktgewicht-50-ml","13":"first","14":"instock","15":"taxable","16":"shipping-taxable","17":"purchasable","18":"product-type-simple"},"_links":{"self":[{"href":"https:\/\/hellenics-original.com\/nl\/wp-json\/wp\/v2\/product\/34793","targetHints":{"allow":["GET"]}}],"collection":[{"href":"https:\/\/hellenics-original.com\/nl\/wp-json\/wp\/v2\/product"}],"about":[{"href":"https:\/\/hellenics-original.com\/nl\/wp-json\/wp\/v2\/types\/product"}],"replies":[{"embeddable":true,"href":"https:\/\/hellenics-original.com\/nl\/wp-json\/wp\/v2\/comments?post=34793"}],"version-history":[{"count":0,"href":"https:\/\/hellenics-original.com\/nl\/wp-json\/wp\/v2\/product\/34793\/revisions"}],"wp:featuredmedia":[{"embeddable":true,"href":"https:\/\/hellenics-original.com\/nl\/wp-json\/wp\/v2\/media\/34274"}],"wp:attachment":[{"href":"https:\/\/hellenics-original.com\/nl\/wp-json\/wp\/v2\/media?parent=34793"}],"wp:term":[{"taxonomy":"product_brand","embeddable":true,"href":"https:\/\/hellenics-original.com\/nl\/wp-json\/wp\/v2\/product_brand?post=34793"},{"taxonomy":"product_cat","embeddable":true,"href":"https:\/\/hellenics-original.com\/nl\/wp-json\/wp\/v2\/product_cat?post=34793"},{"taxonomy":"product_tag","embeddable":true,"href":"https:\/\/hellenics-original.com\/nl\/wp-json\/wp\/v2\/product_tag?post=34793"}],"curies":[{"name":"wp","href":"https:\/\/api.w.org\/{rel}","templated":true}]}}