{"id":34798,"date":"2023-10-26T12:08:08","date_gmt":"2023-10-26T11:08:08","guid":{"rendered":"https:\/\/hellenics-original.com\/produkt\/meelvrije-natuurlijke-tandpasta-sensitive-75ml\/"},"modified":"2025-10-19T11:09:24","modified_gmt":"2025-10-19T10:09:24","slug":"meelvrije-natuurlijke-tandpasta-sensitive-75ml","status":"publish","type":"product","link":"https:\/\/hellenics-original.com\/nl\/produkt\/meelvrije-natuurlijke-tandpasta-sensitive-75ml\/","title":{"rendered":"Meelvrije natuurlijke tandpasta sensitive 75ml"},"content":{"rendered":"<p><span style=\"color: #000000\"><strong>Tandpasta gevoelig FLOURIDFREI 75ml<\/strong><\/span><\/p>\n<p><em><span style=\"color: #000000\">Tandpasta met natuurlijke extracten<\/span><\/em><\/p>\n<p><em><span style=\"color: #000000\">  van wilde kruiden zoals salie, calendula en kamille,<\/span><\/em><\/p>\n<p><em><span style=\"color: #000000\">Alo\u00eb vera en olijfbladeren.<\/span><\/em><\/p>\n<p><em><span style=\"color: #000000\">Effectieve natuurlijke behandeling tegen verkleuring, tandplak en slechte adem.<\/span><\/em><\/p>\n<p><em><span style=\"color: #000000\">Het wordt aanbevolen om het drie keer per dag te gebruiken.<\/span><\/em><\/p>\n<p><em><span style=\"color: #000000\">Niet inslikken. Alleen geschikt voor kinderen onder ouderlijk toezicht. <\/span><\/em><\/p>\n<p>Ben je op zoek naar een leuk cadeau voor je dierbaren? Dan hebben we een mooie selectie kant-en-klare cosmetica cadeausets voor je. <\/p>\n<p>Wij bieden je unieke natuurlijke cosmetica van de hoogste kwaliteit en veiligheid.<\/p>\n<p>De belangrijkste ingredi\u00ebnten in onze recepten zijn biologische olijfolie, planten, kruiden en essenti\u00eble oli\u00ebn,<\/p>\n<p>die de schoonheid en gezondheid van je huid verzorgen zoals alleen de natuur dat kan.<\/p>\n<p>Onze producten bevatten GEEN PARABENS, PARRAFINOLI\u00cbN, ZILICONEN OF MINERAALOLI\u00cbN!<\/p>\n<p>Ze zijn dermatologisch getest en bevatten kruiden- en organische extracten.<\/p>\n<p>Ze zijn NIET UITGEPRObeerd op DIEREN!<\/p>\n<p><strong><span style=\"color: #99cc00\">Je kunt ook andere geweldige producten vinden in onze online shop!<\/span><\/strong><\/p>\n<p>Rizes Griekenland,<\/p>\n<p>Giannoudi,Rethymno<\/p>\n<p>Kreta, Griekenland<\/p>\n<p>Telefoon: +302831042626<\/p>\n<p>Buiten bereik van kinderen houden! Alleen voor uitwendig gebruik! <\/p>\n","protected":false},"excerpt":{"rendered":"<p>Tandpasta sensitive \/ 75 ml<\/p>\n","protected":false},"featured_media":34153,"comment_status":"closed","ping_status":"closed","template":"","meta":[],"product_brand":[],"product_cat":[765,769,770],"product_tag":[],"class_list":{"0":"post-34798","1":"product","2":"type-product","3":"status-publish","4":"has-post-thumbnail","6":"product_cat-cosmetica","7":"product_cat-gezichtsverzorging","8":"product_cat-lichaamsverzorging","9":"pa_artikelnummer-284","10":"pa_kategorie-cosmetica","11":"pa_produktart-lichaamsverzorging","12":"pa_produktgewicht-75-ml","14":"first","15":"instock","16":"taxable","17":"shipping-taxable","18":"purchasable","19":"product-type-simple"},"_links":{"self":[{"href":"https:\/\/hellenics-original.com\/nl\/wp-json\/wp\/v2\/product\/34798","targetHints":{"allow":["GET"]}}],"collection":[{"href":"https:\/\/hellenics-original.com\/nl\/wp-json\/wp\/v2\/product"}],"about":[{"href":"https:\/\/hellenics-original.com\/nl\/wp-json\/wp\/v2\/types\/product"}],"replies":[{"embeddable":true,"href":"https:\/\/hellenics-original.com\/nl\/wp-json\/wp\/v2\/comments?post=34798"}],"version-history":[{"count":0,"href":"https:\/\/hellenics-original.com\/nl\/wp-json\/wp\/v2\/product\/34798\/revisions"}],"wp:featuredmedia":[{"embeddable":true,"href":"https:\/\/hellenics-original.com\/nl\/wp-json\/wp\/v2\/media\/34153"}],"wp:attachment":[{"href":"https:\/\/hellenics-original.com\/nl\/wp-json\/wp\/v2\/media?parent=34798"}],"wp:term":[{"taxonomy":"product_brand","embeddable":true,"href":"https:\/\/hellenics-original.com\/nl\/wp-json\/wp\/v2\/product_brand?post=34798"},{"taxonomy":"product_cat","embeddable":true,"href":"https:\/\/hellenics-original.com\/nl\/wp-json\/wp\/v2\/product_cat?post=34798"},{"taxonomy":"product_tag","embeddable":true,"href":"https:\/\/hellenics-original.com\/nl\/wp-json\/wp\/v2\/product_tag?post=34798"}],"curies":[{"name":"wp","href":"https:\/\/api.w.org\/{rel}","templated":true}]}}