{"id":34802,"date":"2023-10-26T12:08:08","date_gmt":"2023-10-26T11:08:08","guid":{"rendered":"https:\/\/hellenics-original.com\/produkt\/avocado-olie-100ml\/"},"modified":"2023-10-26T12:08:08","modified_gmt":"2023-10-26T11:08:08","slug":"avocado-olie-100ml","status":"publish","type":"product","link":"https:\/\/hellenics-original.com\/nl\/produkt\/avocado-olie-100ml\/","title":{"rendered":"Avocado-olie 100ml"},"content":{"rendered":"<p style=\"text-align: left\"><span style=\"color: #000000\"><strong>Avocado-olie 100ml<\/strong><\/span><\/p>\n<p style=\"text-align: left\"><span style=\"color: #000000\"><em>Avocado-olie is een voedzame olie die rijk is aan lecithine en vitamine A, B, C, D, E, H.<\/em><\/span><\/p>\n<p style=\"text-align: left\"><span style=\"color: #000000\"><em>Herstelt de huid in haar natuurlijke staat en zorgt voor voeding en balans.<\/em><\/span><\/p>\n<p style=\"text-align: left\"><span style=\"color: #000000\"><em>Vitamine B en E gaan veroudering tegen.<\/em><\/span><\/p>\n<p style=\"text-align: left\"><span style=\"color: #000000\"><em>Het aanbrengen van avocado-olie verzacht en revitaliseert de huid en maakt de hoofdhuid strakker.<\/em><\/span><\/p>\n<p style=\"text-align: left\"><span style=\"color: #000000\"><em>Het is geschikt voor alle huidtypes.<\/em><\/span><\/p>\n<p style=\"text-align: left\"><span style=\"color: #000000\"><em>Met praktische pipet voor betere dosering! Zeer zuinig! <\/em><\/span><\/p>\n<p style=\"text-align: left\"><span style=\"color: #000000\"><em>ALLEEN VOOR EXTERN GEBRUIK!<\/em><\/span><\/p>\n<p style=\"text-align: left\">Ben je op zoek naar een leuk cadeau voor je dierbaren? Dan hebben we een mooie selectie kant-en-klare cosmetica cadeausets voor je. <\/p>\n<p style=\"text-align: left\">Wij bieden je unieke natuurlijke cosmetica van de hoogste kwaliteit en veiligheid.<\/p>\n<p style=\"text-align: left\">De belangrijkste ingredi\u00ebnten in onze recepten zijn biologische olijfolie, planten, kruiden en essenti\u00eble oli\u00ebn,<\/p>\n<p style=\"text-align: left\">die de schoonheid en gezondheid van je huid verzorgen zoals alleen de natuur dat kan.<\/p>\n<p style=\"text-align: left\">Onze producten bevatten GEEN PARABENS, PARRAFINOLI\u00cbN, ZILICONEN OF MINERAALOLI\u00cbN!<\/p>\n<p style=\"text-align: left\">Ze zijn dermatologisch getest en bevatten kruiden- en organische extracten.<\/p>\n<p style=\"text-align: left\">Ze zijn NIET UITGEPRObeerd op DIEREN!<\/p>\n<p style=\"text-align: left\"><strong><span style=\"color: #99cc00\">Je kunt ook andere geweldige producten vinden in onze online shop!<\/span><\/strong><\/p>\n<p>Rizes Griekenland,<\/p>\n<p>Giannoudi,Rethymno<\/p>\n<p>Kreta, Griekenland<\/p>\n<p>Telefoon: +302831042626<\/p>\n<p>Buiten bereik van kinderen houden! Alleen voor uitwendig gebruik! <\/p>\n","protected":false},"excerpt":{"rendered":"<p><strong>Avocado-olie 100ml<\/strong><\/p>\n","protected":false},"featured_media":34156,"comment_status":"closed","ping_status":"closed","template":"","meta":[],"product_brand":[],"product_cat":[765,769,779,770,785,780,784],"product_tag":[],"class_list":{"0":"post-34802","1":"product","2":"type-product","3":"status-publish","4":"has-post-thumbnail","6":"product_cat-cosmetica","7":"product_cat-gezichtsverzorging","8":"product_cat-haarverzorging","9":"product_cat-lichaamsverzorging","10":"product_cat-mhd-aanbiedingen","11":"product_cat-olien","12":"product_cat-verkoop","13":"pa_artikelnummer-280","14":"pa_kategorie-cosmetica","15":"pa_produktart-olien","16":"pa_produktgewicht-100ml","18":"first","19":"instock","20":"taxable","21":"shipping-taxable","22":"purchasable","23":"product-type-simple"},"_links":{"self":[{"href":"https:\/\/hellenics-original.com\/nl\/wp-json\/wp\/v2\/product\/34802","targetHints":{"allow":["GET"]}}],"collection":[{"href":"https:\/\/hellenics-original.com\/nl\/wp-json\/wp\/v2\/product"}],"about":[{"href":"https:\/\/hellenics-original.com\/nl\/wp-json\/wp\/v2\/types\/product"}],"replies":[{"embeddable":true,"href":"https:\/\/hellenics-original.com\/nl\/wp-json\/wp\/v2\/comments?post=34802"}],"version-history":[{"count":0,"href":"https:\/\/hellenics-original.com\/nl\/wp-json\/wp\/v2\/product\/34802\/revisions"}],"wp:featuredmedia":[{"embeddable":true,"href":"https:\/\/hellenics-original.com\/nl\/wp-json\/wp\/v2\/media\/34156"}],"wp:attachment":[{"href":"https:\/\/hellenics-original.com\/nl\/wp-json\/wp\/v2\/media?parent=34802"}],"wp:term":[{"taxonomy":"product_brand","embeddable":true,"href":"https:\/\/hellenics-original.com\/nl\/wp-json\/wp\/v2\/product_brand?post=34802"},{"taxonomy":"product_cat","embeddable":true,"href":"https:\/\/hellenics-original.com\/nl\/wp-json\/wp\/v2\/product_cat?post=34802"},{"taxonomy":"product_tag","embeddable":true,"href":"https:\/\/hellenics-original.com\/nl\/wp-json\/wp\/v2\/product_tag?post=34802"}],"curies":[{"name":"wp","href":"https:\/\/api.w.org\/{rel}","templated":true}]}}