{"id":34806,"date":"2023-10-26T12:08:08","date_gmt":"2023-10-26T11:08:08","guid":{"rendered":"https:\/\/hellenics-original.com\/produkt\/deodorant-kristal\/"},"modified":"2023-10-26T12:08:08","modified_gmt":"2023-10-26T11:08:08","slug":"deodorant-kristal","status":"publish","type":"product","link":"https:\/\/hellenics-original.com\/nl\/produkt\/deodorant-kristal\/","title":{"rendered":"Deodorant kristal"},"content":{"rendered":"<p><span style=\"color: #000000\"><strong>Deodorant kristal \/ 120g<br \/><\/strong><\/span><\/p>\n<p><em><span style=\"color: #000000\">Het deodorantkristal gemaakt van natuurlijke minerale zouten<\/span><\/em><\/p>\n<p><em><span style=\"color: #000000\">Voorkomt op natuurlijke wijze de geur van zweet gedurende de dag<\/span><\/em><\/p>\n<p><em><span style=\"color: #000000\">en biedt een aangenaam gevoel van reinheid en zuiverheid.<\/span><\/em><\/p>\n<p><em><span style=\"color: #000000\">100% natuurlijk!<\/span><\/em><\/p>\n<p><em><span style=\"color: #000000\">Laat geen vlekken achter op kleding.<\/span><\/em><\/p>\n<p><em><span style=\"color: #000000\">Zeer zuinig en huidvriendelijk!<\/span><\/em><\/p>\n<p>Ben je op zoek naar een leuk cadeau voor je dierbaren? Dan hebben we een mooie selectie kant-en-klare cosmeticasets voor je.<\/p>\n<p>Wij bieden je unieke natuurlijke cosmetica van de hoogste kwaliteit en veiligheid.<\/p>\n<p>De belangrijkste ingredi\u00ebnten in onze recepten zijn biologische olijfolie, planten, kruiden en essenti\u00eble oli\u00ebn,<\/p>\n<p>die de schoonheid en gezondheid van je huid verzorgen zoals alleen de natuur dat kan.<\/p>\n<p>Onze producten bevatten GEEN PARABENS, PARRAFINOLI\u00cbN, ZILICONEN OF MINERAALOLI\u00cbN!<\/p>\n<p>Ze zijn dermatologisch getest en bevatten kruiden- en organische extracten.<\/p>\n<p>Ze zijn NIET UITGEPRObeerd op DIEREN!<\/p>\n<p><strong><span style=\"color: #99cc00\">Je kunt ook andere geweldige producten vinden in onze online shop!<\/span><\/strong><\/p>\n<p>Rizes Griekenland,<\/p>\n<p>Giannoudi,Rethymno<\/p>\n<p>Kreta, Griekenland<\/p>\n<p>Telefoon: +302831042626<\/p>\n<p>Buiten bereik van kinderen bewaren! Alleen voor uitwendig gebruik!<\/p>\n","protected":false},"excerpt":{"rendered":"<p>Deodorant kristal \/ 120g<\/p>\n","protected":false},"featured_media":34154,"comment_status":"closed","ping_status":"closed","template":"","meta":[],"product_brand":[],"product_cat":[765,770],"product_tag":[],"class_list":{"0":"post-34806","1":"product","2":"type-product","3":"status-publish","4":"has-post-thumbnail","6":"product_cat-cosmetica","7":"product_cat-lichaamsverzorging","8":"pa_artikelnummer-281","9":"pa_kategorie-cosmetica","10":"pa_produktart-lichaamsverzorging","11":"pa_produktgewicht-120g","13":"first","14":"instock","15":"taxable","16":"shipping-taxable","17":"purchasable","18":"product-type-simple"},"_links":{"self":[{"href":"https:\/\/hellenics-original.com\/nl\/wp-json\/wp\/v2\/product\/34806","targetHints":{"allow":["GET"]}}],"collection":[{"href":"https:\/\/hellenics-original.com\/nl\/wp-json\/wp\/v2\/product"}],"about":[{"href":"https:\/\/hellenics-original.com\/nl\/wp-json\/wp\/v2\/types\/product"}],"replies":[{"embeddable":true,"href":"https:\/\/hellenics-original.com\/nl\/wp-json\/wp\/v2\/comments?post=34806"}],"version-history":[{"count":0,"href":"https:\/\/hellenics-original.com\/nl\/wp-json\/wp\/v2\/product\/34806\/revisions"}],"wp:featuredmedia":[{"embeddable":true,"href":"https:\/\/hellenics-original.com\/nl\/wp-json\/wp\/v2\/media\/34154"}],"wp:attachment":[{"href":"https:\/\/hellenics-original.com\/nl\/wp-json\/wp\/v2\/media?parent=34806"}],"wp:term":[{"taxonomy":"product_brand","embeddable":true,"href":"https:\/\/hellenics-original.com\/nl\/wp-json\/wp\/v2\/product_brand?post=34806"},{"taxonomy":"product_cat","embeddable":true,"href":"https:\/\/hellenics-original.com\/nl\/wp-json\/wp\/v2\/product_cat?post=34806"},{"taxonomy":"product_tag","embeddable":true,"href":"https:\/\/hellenics-original.com\/nl\/wp-json\/wp\/v2\/product_tag?post=34806"}],"curies":[{"name":"wp","href":"https:\/\/api.w.org\/{rel}","templated":true}]}}