{"id":34845,"date":"2023-10-26T12:08:08","date_gmt":"2023-10-26T11:08:08","guid":{"rendered":"https:\/\/hellenics-original.com\/produkt\/kokosolie-100ml\/"},"modified":"2025-10-19T11:09:48","modified_gmt":"2025-10-19T10:09:48","slug":"kokosolie-100ml","status":"publish","type":"product","link":"https:\/\/hellenics-original.com\/nl\/produkt\/kokosolie-100ml\/","title":{"rendered":"Kokosolie 100ml"},"content":{"rendered":"<p><span style=\"color: #000000\"><strong>Kokosolie 100ml<\/strong><\/span><\/p>\n<p><em><span style=\"color: #000000\">Natuurlijke kokosolie verkregen uit de pit van het kokospit,<\/span><\/em><\/p>\n<p><em><span style=\"color: #000000\">Bevat laurinezuur, myristinezuur, capryl\/caprinezuur, vitamine E en andere waardevolle vetzuren.<\/span><\/em><\/p>\n<p><em><span style=\"color: #000000\">Het is zeer vochtinbrengend omdat het middellangeketentriglyceriden bevat,<\/span><\/em><\/p>\n<p><em><span style=\"color: #000000\">dat zijn natuurlijke vetten die diep doordringen en hydrateren<\/span><\/em><\/p>\n<p><em><span style=\"color: #000000\">en beschermen tegen milieuvervuiling en vrije radicalen.<\/span><\/em><\/p>\n<p><em><span style=\"color: #000000\">Het gebruik wordt aanbevolen voor lichaamsverzorging en haar.<\/span><\/em><\/p>\n<p><em><span style=\"color: #000000\">Het is geschikt voor alle huidtypes, maar wordt vooral gebruikt in formules voor de droge en gevoelige huid vanwege de uitzonderlijke hydraterende en verzachtende eigenschappen.<\/span><\/em><\/p>\n<p><em><span style=\"color: #000000\">Met praktische pipet voor betere dosering! Zeer zuinig! <\/span><\/em><\/p>\n<p>ALLEEN VOOR EXTERN GEBRUIK!<\/p>\n<p>Ben je op zoek naar een leuk cadeau voor je dierbaren? Dan hebben we een mooie selectie kant-en-klare cosmetica cadeausets voor je. <\/p>\n<p>Wij bieden je unieke natuurlijke cosmetica van de hoogste kwaliteit en veiligheid.<\/p>\n<p>De belangrijkste ingredi\u00ebnten in onze recepten zijn biologische olijfolie, planten, kruiden en essenti\u00eble oli\u00ebn,<\/p>\n<p>die de schoonheid en gezondheid van je huid verzorgen zoals alleen de natuur dat kan.<\/p>\n<p>Onze producten bevatten GEEN PARABENS, PARRAFINOLI\u00cbN, ZILICONEN OF MINERAALOLI\u00cbN!<\/p>\n<p>Ze zijn dermatologisch getest en bevatten kruiden- en organische extracten.<\/p>\n<p>Ze zijn NIET UITGEPRObeerd op DIEREN!<\/p>\n<p><strong><span style=\"color: #99cc00\">Je kunt ook andere geweldige producten vinden in onze online shop!<\/span><\/strong><\/p>\n<p>Rizes Griekenland,<\/p>\n<p>Giannoudi,Rethymno<\/p>\n<p>Kreta, Griekenland<\/p>\n<p>Telefoon: +302831042626<\/p>\n<p>Buiten bereik van kinderen houden! Alleen voor uitwendig gebruik! <\/p>\n","protected":false},"excerpt":{"rendered":"<p>Kokosolie \/ 100 ml<\/p>\n","protected":false},"featured_media":34158,"comment_status":"closed","ping_status":"closed","template":"","meta":[],"product_brand":[],"product_cat":[765,769,779,770,780],"product_tag":[],"class_list":{"0":"post-34845","1":"product","2":"type-product","3":"status-publish","4":"has-post-thumbnail","6":"product_cat-cosmetica","7":"product_cat-gezichtsverzorging","8":"product_cat-haarverzorging","9":"product_cat-lichaamsverzorging","10":"product_cat-olien","11":"pa_artikelnummer-279","12":"pa_kategorie-cosmetica","13":"pa_produktart-olien","14":"pa_produktgewicht-100ml","16":"first","17":"outofstock","18":"taxable","19":"shipping-taxable","20":"purchasable","21":"product-type-simple"},"_links":{"self":[{"href":"https:\/\/hellenics-original.com\/nl\/wp-json\/wp\/v2\/product\/34845","targetHints":{"allow":["GET"]}}],"collection":[{"href":"https:\/\/hellenics-original.com\/nl\/wp-json\/wp\/v2\/product"}],"about":[{"href":"https:\/\/hellenics-original.com\/nl\/wp-json\/wp\/v2\/types\/product"}],"replies":[{"embeddable":true,"href":"https:\/\/hellenics-original.com\/nl\/wp-json\/wp\/v2\/comments?post=34845"}],"version-history":[{"count":0,"href":"https:\/\/hellenics-original.com\/nl\/wp-json\/wp\/v2\/product\/34845\/revisions"}],"wp:featuredmedia":[{"embeddable":true,"href":"https:\/\/hellenics-original.com\/nl\/wp-json\/wp\/v2\/media\/34158"}],"wp:attachment":[{"href":"https:\/\/hellenics-original.com\/nl\/wp-json\/wp\/v2\/media?parent=34845"}],"wp:term":[{"taxonomy":"product_brand","embeddable":true,"href":"https:\/\/hellenics-original.com\/nl\/wp-json\/wp\/v2\/product_brand?post=34845"},{"taxonomy":"product_cat","embeddable":true,"href":"https:\/\/hellenics-original.com\/nl\/wp-json\/wp\/v2\/product_cat?post=34845"},{"taxonomy":"product_tag","embeddable":true,"href":"https:\/\/hellenics-original.com\/nl\/wp-json\/wp\/v2\/product_tag?post=34845"}],"curies":[{"name":"wp","href":"https:\/\/api.w.org\/{rel}","templated":true}]}}