{"id":34871,"date":"2023-10-26T12:08:12","date_gmt":"2023-10-26T11:08:12","guid":{"rendered":"https:\/\/hellenics-original.com\/produkt\/haarmasker-met-olijf-aloe-vera-honing-200ml\/"},"modified":"2025-10-25T10:52:20","modified_gmt":"2025-10-25T09:52:20","slug":"haarmasker-met-olijf-aloe-vera-honing-200ml","status":"publish","type":"product","link":"https:\/\/hellenics-original.com\/nl\/produkt\/haarmasker-met-olijf-aloe-vera-honing-200ml\/","title":{"rendered":"Haarmasker met olijf, alo\u00eb vera &amp; honing 200ml"},"content":{"rendered":"<p><span style=\"color: #000000\"><strong>Haarmasker met olijf, alo\u00eb vera &amp; honing 200ml  <\/strong><\/span><\/p>\n<p><em><span style=\"color: #000000\">Hydraterend haarmasker met organische alo\u00eb, organische olijfolie, honing &amp; tarweprote\u00efnen en gojibessenextract, ideaal voor droog, aan de zon blootgesteld haar.<\/span><\/em><\/p>\n<p><em><span style=\"color: #000000\">Alo\u00eb vera en olijfolie hebben hydraterende eigenschappen,<\/span><\/em><\/p>\n<p><em><span style=\"color: #000000\">zijn effectief tegen een droge hoofdhuid en droog haar en zorgen voor veel vocht.<\/span><\/em><\/p>\n<p><em><span style=\"color: #000000\">Het mengsel van honing en tarweprote\u00efnen verrijkt het haar met vitaminen en mineralen die de haarwortels diepgaand voeden, het haar verjongen en hydrateren,<\/span><\/em><\/p>\n<p><em><span style=\"color: #000000\">en geeft het energie, glans en volume.<\/span><\/em><\/p>\n<p><em><span style=\"color: #000000\">Daarnaast ontwart en verzorgt de samenstelling het haar perfect, biedt het flexibiliteit en beschermt het het haar tegen gespleten haarpunten.<\/span><\/em><\/p>\n<p>&nbsp;<\/p>\n<p>Ben je op zoek naar een leuk cadeau voor je dierbaren? Dan hebben we een mooie selectie kant-en-klare cosmetica cadeausets voor je. <\/p>\n<p>Wij bieden je unieke natuurlijke cosmetica van de hoogste kwaliteit en veiligheid.<\/p>\n<p>De belangrijkste ingredi\u00ebnten in onze recepten zijn biologische olijfolie, planten, kruiden en essenti\u00eble oli\u00ebn,<\/p>\n<p>die de schoonheid en gezondheid van je huid verzorgen zoals alleen de natuur dat kan.<\/p>\n<p>Onze producten bevatten GEEN PARABENS, PARRAFINOLI\u00cbN, ZILICONEN OF MINERAALOLI\u00cbN!<\/p>\n<p>Ze zijn dermatologisch getest en bevatten kruiden- en organische extracten.<\/p>\n<p>Ze zijn NIET UITGEPRObeerd op DIEREN!<\/p>\n<p><strong><span style=\"color: #99cc00\">Je kunt ook andere geweldige producten vinden in onze online shop!<\/span><\/strong><\/p>\n<p>Rizes Griekenland,<\/p>\n<p>Giannoudi,Rethymno<\/p>\n<p>Kreta, Griekenland<\/p>\n<p>Telefoon: +302831042626<\/p>\n<p>Buiten bereik van kinderen houden! Alleen voor uitwendig gebruik! <\/p>\n","protected":false},"excerpt":{"rendered":"<p>Haarmasker met olijf, alo\u00eb vera &amp; honing 200ml<\/p>\n","protected":false},"featured_media":34133,"comment_status":"closed","ping_status":"closed","template":"","meta":[],"product_brand":[],"product_cat":[771,765,779],"product_tag":[],"class_list":{"0":"post-34871","1":"product","2":"type-product","3":"status-publish","4":"has-post-thumbnail","6":"product_cat-bescherming-tegen-de-zon","7":"product_cat-cosmetica","8":"product_cat-haarverzorging","9":"pa_kategorie-cosmetica","10":"pa_produktart-haarverzorging","11":"pa_produktgewicht-200-ml","13":"first","14":"instock","15":"taxable","16":"shipping-taxable","17":"purchasable","18":"product-type-simple"},"_links":{"self":[{"href":"https:\/\/hellenics-original.com\/nl\/wp-json\/wp\/v2\/product\/34871","targetHints":{"allow":["GET"]}}],"collection":[{"href":"https:\/\/hellenics-original.com\/nl\/wp-json\/wp\/v2\/product"}],"about":[{"href":"https:\/\/hellenics-original.com\/nl\/wp-json\/wp\/v2\/types\/product"}],"replies":[{"embeddable":true,"href":"https:\/\/hellenics-original.com\/nl\/wp-json\/wp\/v2\/comments?post=34871"}],"version-history":[{"count":0,"href":"https:\/\/hellenics-original.com\/nl\/wp-json\/wp\/v2\/product\/34871\/revisions"}],"wp:featuredmedia":[{"embeddable":true,"href":"https:\/\/hellenics-original.com\/nl\/wp-json\/wp\/v2\/media\/34133"}],"wp:attachment":[{"href":"https:\/\/hellenics-original.com\/nl\/wp-json\/wp\/v2\/media?parent=34871"}],"wp:term":[{"taxonomy":"product_brand","embeddable":true,"href":"https:\/\/hellenics-original.com\/nl\/wp-json\/wp\/v2\/product_brand?post=34871"},{"taxonomy":"product_cat","embeddable":true,"href":"https:\/\/hellenics-original.com\/nl\/wp-json\/wp\/v2\/product_cat?post=34871"},{"taxonomy":"product_tag","embeddable":true,"href":"https:\/\/hellenics-original.com\/nl\/wp-json\/wp\/v2\/product_tag?post=34871"}],"curies":[{"name":"wp","href":"https:\/\/api.w.org\/{rel}","templated":true}]}}