{"id":34878,"date":"2023-10-26T12:08:12","date_gmt":"2023-10-26T11:08:12","guid":{"rendered":"https:\/\/hellenics-original.com\/produkt\/aloe-vera-gel-250ml\/"},"modified":"2025-10-19T11:10:16","modified_gmt":"2025-10-19T10:10:16","slug":"aloe-vera-gel-250ml","status":"publish","type":"product","link":"https:\/\/hellenics-original.com\/nl\/produkt\/aloe-vera-gel-250ml\/","title":{"rendered":"Alo\u00eb vera gel 250ml"},"content":{"rendered":"<p><span style=\"color: #000000\"><strong>Alo\u00eb vera gel 250ml met olijfextract, echte kamille en vitamine E en \u0391<\/strong><\/span><\/p>\n<p><span style=\"color: #000000\"><em>Het actieve ingredi\u00ebnt panthenol bevordert de wondgenezing van de huid en verbetert de symptomen,<\/em><\/span><\/p>\n<p><span style=\"color: #000000\"><em>veroorzaakt door huidirritatie en blootstelling aan de zon.<\/em><\/span><\/p>\n<p><span style=\"color: #000000\"><em>Olijfextract en vitamine E en A hebben een antioxiderende werking en beschermen tegen rode huid door de zon.<\/em><\/span><\/p>\n<p><span style=\"color: #000000\"><em>Daarnaast hydrateert en verzacht alo\u00eb vera de huid na het scheren.<\/em><\/span><\/p>\n<p>Ben je op zoek naar een leuk cadeau voor je dierbaren? Dan hebben we een mooie selectie kant-en-klare cosmetica cadeausets voor je. <\/p>\n<p>Wij bieden je unieke natuurlijke cosmetica van de hoogste kwaliteit en veiligheid.<\/p>\n<p>De belangrijkste ingredi\u00ebnten in onze recepten zijn biologische olijfolie, planten, kruiden en essenti\u00eble oli\u00ebn,<\/p>\n<p>die de schoonheid en gezondheid van je huid verzorgen zoals alleen de natuur dat kan.<\/p>\n<p>Onze producten bevatten GEEN PARABENS, PARRAFINOLI\u00cbN, ZILICONEN OF MINERAALOLI\u00cbN!<\/p>\n<p>Ze zijn dermatologisch getest en bevatten kruiden- en organische extracten.<\/p>\n<p>Ze zijn NIET UITGEPRObeerd op DIEREN!<\/p>\n<p><strong><span style=\"color: #99cc00\">Je kunt ook andere geweldige producten vinden in onze online shop!<\/span><\/strong><\/p>\n<p>Rizes Griekenland,<\/p>\n<p>Giannoudi,Rethymno<\/p>\n<p>Kreta, Griekenland<\/p>\n<p>Telefoon: +302831042626<\/p>\n<p>Buiten bereik van kinderen houden! Alleen voor uitwendig gebruik! <\/p>\n","protected":false},"excerpt":{"rendered":"<p><strong>Alo\u00eb Vera Gel 250ml<\/strong><\/p>\n","protected":false},"featured_media":34136,"comment_status":"closed","ping_status":"closed","template":"","meta":[],"product_brand":[],"product_cat":[771,781,765,770],"product_tag":[],"class_list":{"0":"post-34878","1":"product","2":"type-product","3":"status-publish","4":"has-post-thumbnail","6":"product_cat-bescherming-tegen-de-zon","7":"product_cat-bescherming-tegen-insecten","8":"product_cat-cosmetica","9":"product_cat-lichaamsverzorging","10":"pa_artikelnummer-294","11":"pa_kategorie-cosmetica","12":"pa_produktart-lichaamsverzorging","13":"pa_produktgewicht-250-ml","15":"first","16":"instock","17":"taxable","18":"shipping-taxable","19":"purchasable","20":"product-type-simple"},"_links":{"self":[{"href":"https:\/\/hellenics-original.com\/nl\/wp-json\/wp\/v2\/product\/34878","targetHints":{"allow":["GET"]}}],"collection":[{"href":"https:\/\/hellenics-original.com\/nl\/wp-json\/wp\/v2\/product"}],"about":[{"href":"https:\/\/hellenics-original.com\/nl\/wp-json\/wp\/v2\/types\/product"}],"replies":[{"embeddable":true,"href":"https:\/\/hellenics-original.com\/nl\/wp-json\/wp\/v2\/comments?post=34878"}],"version-history":[{"count":0,"href":"https:\/\/hellenics-original.com\/nl\/wp-json\/wp\/v2\/product\/34878\/revisions"}],"wp:featuredmedia":[{"embeddable":true,"href":"https:\/\/hellenics-original.com\/nl\/wp-json\/wp\/v2\/media\/34136"}],"wp:attachment":[{"href":"https:\/\/hellenics-original.com\/nl\/wp-json\/wp\/v2\/media?parent=34878"}],"wp:term":[{"taxonomy":"product_brand","embeddable":true,"href":"https:\/\/hellenics-original.com\/nl\/wp-json\/wp\/v2\/product_brand?post=34878"},{"taxonomy":"product_cat","embeddable":true,"href":"https:\/\/hellenics-original.com\/nl\/wp-json\/wp\/v2\/product_cat?post=34878"},{"taxonomy":"product_tag","embeddable":true,"href":"https:\/\/hellenics-original.com\/nl\/wp-json\/wp\/v2\/product_tag?post=34878"}],"curies":[{"name":"wp","href":"https:\/\/api.w.org\/{rel}","templated":true}]}}