{"id":34882,"date":"2023-10-26T12:08:12","date_gmt":"2023-10-26T11:08:12","guid":{"rendered":"https:\/\/hellenics-original.com\/produkt\/haarserum-elixer-met-olijfolie-cannabisolie\/"},"modified":"2025-10-25T10:52:21","modified_gmt":"2025-10-25T09:52:21","slug":"haarserum-elixer-met-olijfolie-cannabisolie","status":"publish","type":"product","link":"https:\/\/hellenics-original.com\/nl\/produkt\/haarserum-elixer-met-olijfolie-cannabisolie\/","title":{"rendered":"Haarserum elixer met olijfolie &amp; cannabisolie"},"content":{"rendered":"<p><span style=\"color: #000000\"><strong>Haarserum Elixir met Olijfolie &amp; Cannabisolie 100ml<\/strong><\/span><\/p>\n<p><em><span style=\"color: #000000\">Dit serum biedt een powerboost voor je haar met zijn zeer geavanceerde formule!<\/span><\/em><\/p>\n<p><em><span style=\"color: #000000\">Het geeft glans, vitaliteit en elasticiteit zonder het haar te verzwaren,<\/span><\/em><\/p>\n<p><em><span style=\"color: #000000\">en is perfect voor dun en breekbaar haar.<\/span><\/em><\/p>\n<p><em><span style=\"color: #000000\">De vitaminen en vetzuren in de olijfolie regenereren het haar en beschermen het tegelijkertijd tegen invloeden van buitenaf!<\/span><\/em><\/p>\n<p><em><span style=\"color: #000000\">De cannabisolie versterkt en herstelt het haar en vermindert het breken tijdens het kammen.<\/span><\/em><\/p>\n<p><em><span style=\"color: #000000\">Het beschermt ook tegen gespleten haarpunten en minimaliseert kroes!<\/span><\/em><\/p>\n<p><em><span style=\"color: #000000\">Aanbrengen: Laat het serum met je vingertoppen door het haar lopen en wikkel het rond de punten. Vermijd de ogen! Bij contact met de ogen onmiddellijk uitspoelen met helder water!  <\/span><\/em><\/p>\n<p><em><span style=\"color: #000000\">Trekt snel in zonder vettig gevoel, verjongt en voedt de haarwortels tot in de punten.<\/span><\/em><\/p>\n<p>Wij bieden je unieke natuurlijke cosmetica van de hoogste kwaliteit en veiligheid.<\/p>\n<p>De belangrijkste ingredi\u00ebnten in onze recepten zijn biologische olijfolie, planten, kruiden en essenti\u00eble oli\u00ebn,<\/p>\n<p>die de schoonheid en gezondheid van je huid verzorgen zoals alleen de natuur dat kan.<\/p>\n<p>Onze producten bevatten GEEN PARABENS, PARRAFINOLI\u00cbN, ZILICONEN OF MINERAALOLI\u00cbN!<\/p>\n<p>Ze zijn dermatologisch getest en bevatten kruiden- en organische extracten.<\/p>\n<p>Ze zijn NIET UITGEPRObeerd op DIEREN!<\/p>\n<p><strong><span style=\"color: #99cc00\">Je kunt ook andere geweldige producten vinden in onze online shop!<\/span><\/strong><\/p>\n<p>Rizes Griekenland,<\/p>\n<p>Giannoudi,Rethymno<\/p>\n<p>Kreta, Griekenland<\/p>\n<p>Telefoon: +302831042626<\/p>\n<p>Buiten bereik van kinderen houden! Alleen voor uitwendig gebruik! <\/p>\n","protected":false},"excerpt":{"rendered":"<p><strong>Haarserum Elixir met Olijfolie &amp; Cannabisolie 100ml<\/strong><\/p>\n","protected":false},"featured_media":34134,"comment_status":"closed","ping_status":"closed","template":"","meta":[],"product_brand":[],"product_cat":[765,779],"product_tag":[],"class_list":{"0":"post-34882","1":"product","2":"type-product","3":"status-publish","4":"has-post-thumbnail","6":"product_cat-cosmetica","7":"product_cat-haarverzorging","8":"pa_kategorie-cosmetica","9":"pa_produktart-haarverzorging","11":"first","12":"instock","13":"sale","14":"taxable","15":"shipping-taxable","16":"purchasable","17":"product-type-simple"},"_links":{"self":[{"href":"https:\/\/hellenics-original.com\/nl\/wp-json\/wp\/v2\/product\/34882","targetHints":{"allow":["GET"]}}],"collection":[{"href":"https:\/\/hellenics-original.com\/nl\/wp-json\/wp\/v2\/product"}],"about":[{"href":"https:\/\/hellenics-original.com\/nl\/wp-json\/wp\/v2\/types\/product"}],"replies":[{"embeddable":true,"href":"https:\/\/hellenics-original.com\/nl\/wp-json\/wp\/v2\/comments?post=34882"}],"version-history":[{"count":0,"href":"https:\/\/hellenics-original.com\/nl\/wp-json\/wp\/v2\/product\/34882\/revisions"}],"wp:featuredmedia":[{"embeddable":true,"href":"https:\/\/hellenics-original.com\/nl\/wp-json\/wp\/v2\/media\/34134"}],"wp:attachment":[{"href":"https:\/\/hellenics-original.com\/nl\/wp-json\/wp\/v2\/media?parent=34882"}],"wp:term":[{"taxonomy":"product_brand","embeddable":true,"href":"https:\/\/hellenics-original.com\/nl\/wp-json\/wp\/v2\/product_brand?post=34882"},{"taxonomy":"product_cat","embeddable":true,"href":"https:\/\/hellenics-original.com\/nl\/wp-json\/wp\/v2\/product_cat?post=34882"},{"taxonomy":"product_tag","embeddable":true,"href":"https:\/\/hellenics-original.com\/nl\/wp-json\/wp\/v2\/product_tag?post=34882"}],"curies":[{"name":"wp","href":"https:\/\/api.w.org\/{rel}","templated":true}]}}