{"id":34887,"date":"2023-10-26T12:08:12","date_gmt":"2023-10-26T11:08:12","guid":{"rendered":"https:\/\/hellenics-original.com\/produkt\/verstevigend-serum-voor-gezicht-en-decollete\/"},"modified":"2023-10-26T12:08:12","modified_gmt":"2023-10-26T11:08:12","slug":"verstevigend-serum-voor-gezicht-en-decollete","status":"publish","type":"product","link":"https:\/\/hellenics-original.com\/nl\/produkt\/verstevigend-serum-voor-gezicht-en-decollete\/","title":{"rendered":"Verstevigend serum voor gezicht en decollet\u00e9"},"content":{"rendered":"<p><span style=\"color: #000000\"><strong>Verstevigend serum voor gezicht, hals en decollet\u00e9 50ml<\/strong><\/span><\/p>\n<p><em><span style=\"color: #000000\">Verstevigend serum verrijkt met natuurlijke, krachtige en zeer hydraterende ingredi\u00ebnten zoals alo\u00eb vera gel, hyaluronzuur en imperata cylindrica extract,<\/span><\/em><\/p>\n<p><em><span style=\"color: #000000\">die transepidermaal vochtverlies helpen verminderen en de natuurlijke vochtbalans van je huid op peil houden.<\/span><\/em><\/p>\n<p><em><span style=\"color: #000000\">Arganolie, olijfbladextract en een complex van oligopeptiden werken samen,<\/span><\/em><\/p>\n<p><em><span style=\"color: #000000\">om de huid te beschermen tegen toekomstige tekenen van veroudering.<\/span><\/em><\/p>\n<p><em><span style=\"color: #000000\">Helpt fijne lijntjes en een ruwe textuur te verbeteren,<\/span><\/em><\/p>\n<p><em><span style=\"color: #000000\">Verheldert en hydrateert de huid.<\/span><\/em><\/p>\n<p><em><span style=\"color: #000000\">Verhoogt de weerstand tegen stress en agressieve omgevingsfactoren,<\/span><\/em><\/p>\n<p><em><span style=\"color: #000000\">wat kan leiden tot vroegtijdige huidveroudering.<\/span><\/em><\/p>\n<p><em><span style=\"color: #000000\">Zorgt voor een zichtbaar verstevigend effect voor een gladde, gehydrateerde en gezonde huid.<\/span><\/em><\/p>\n<p>&nbsp;<\/p>\n<p>Ben je op zoek naar een leuk cadeau voor je dierbaren? Dan hebben we een mooie selectie kant-en-klare cosmetica cadeausets voor je. <\/p>\n<p>Wij bieden je unieke natuurlijke cosmetica van de hoogste kwaliteit en veiligheid.<\/p>\n<p>De belangrijkste ingredi\u00ebnten in onze recepten zijn biologische olijfolie, planten, kruiden en essenti\u00eble oli\u00ebn,<\/p>\n<p>die de schoonheid en gezondheid van je huid verzorgen zoals alleen de natuur dat kan.<\/p>\n<p>Onze producten bevatten GEEN PARABENS, PARRAFINOLI\u00cbN, ZILICONEN OF MINERAALOLI\u00cbN!<\/p>\n<p>Ze zijn dermatologisch getest en bevatten kruiden- en organische extracten.<\/p>\n<p>Ze zijn NIET UITGEPRObeerd op DIEREN!<\/p>\n<p><strong><span style=\"color: #99cc00\">Je kunt ook andere geweldige producten vinden in onze online shop!<\/span><\/strong><\/p>\n<p>Rizes Griekenland,<\/p>\n<p>Giannoudi,Rethymno<\/p>\n<p>Kreta, Griekenland<\/p>\n<p>Telefoon: +302831042626<\/p>\n<p>Buiten bereik van kinderen houden! Alleen voor uitwendig gebruik! <\/p>\n","protected":false},"excerpt":{"rendered":"<p>Verstevigend serum voor gezicht en decollet\u00e9 \/ 50ml<\/p>\n","protected":false},"featured_media":34127,"comment_status":"closed","ping_status":"closed","template":"","meta":[],"product_brand":[],"product_cat":[765,769],"product_tag":[],"class_list":{"0":"post-34887","1":"product","2":"type-product","3":"status-publish","4":"has-post-thumbnail","6":"product_cat-cosmetica","7":"product_cat-gezichtsverzorging","8":"pa_artikelnummer-300","9":"pa_kategorie-cosmetica","10":"pa_produktart-lichaamsverzorging","11":"pa_produktgewicht-50-ml","13":"first","14":"instock","15":"taxable","16":"shipping-taxable","17":"purchasable","18":"product-type-simple"},"_links":{"self":[{"href":"https:\/\/hellenics-original.com\/nl\/wp-json\/wp\/v2\/product\/34887","targetHints":{"allow":["GET"]}}],"collection":[{"href":"https:\/\/hellenics-original.com\/nl\/wp-json\/wp\/v2\/product"}],"about":[{"href":"https:\/\/hellenics-original.com\/nl\/wp-json\/wp\/v2\/types\/product"}],"replies":[{"embeddable":true,"href":"https:\/\/hellenics-original.com\/nl\/wp-json\/wp\/v2\/comments?post=34887"}],"version-history":[{"count":0,"href":"https:\/\/hellenics-original.com\/nl\/wp-json\/wp\/v2\/product\/34887\/revisions"}],"wp:featuredmedia":[{"embeddable":true,"href":"https:\/\/hellenics-original.com\/nl\/wp-json\/wp\/v2\/media\/34127"}],"wp:attachment":[{"href":"https:\/\/hellenics-original.com\/nl\/wp-json\/wp\/v2\/media?parent=34887"}],"wp:term":[{"taxonomy":"product_brand","embeddable":true,"href":"https:\/\/hellenics-original.com\/nl\/wp-json\/wp\/v2\/product_brand?post=34887"},{"taxonomy":"product_cat","embeddable":true,"href":"https:\/\/hellenics-original.com\/nl\/wp-json\/wp\/v2\/product_cat?post=34887"},{"taxonomy":"product_tag","embeddable":true,"href":"https:\/\/hellenics-original.com\/nl\/wp-json\/wp\/v2\/product_tag?post=34887"}],"curies":[{"name":"wp","href":"https:\/\/api.w.org\/{rel}","templated":true}]}}