{"id":34893,"date":"2023-10-26T12:08:12","date_gmt":"2023-10-26T11:08:12","guid":{"rendered":"https:\/\/hellenics-original.com\/produkt\/voedende-anti-verouderingscreme-50\/"},"modified":"2023-10-26T12:08:12","modified_gmt":"2023-10-26T11:08:12","slug":"voedende-anti-verouderingscreme-50","status":"publish","type":"product","link":"https:\/\/hellenics-original.com\/nl\/produkt\/voedende-anti-verouderingscreme-50\/","title":{"rendered":"Voedende anti-verouderingscr\u00e8me 50+"},"content":{"rendered":"<p><span style=\"color: #000000\"><strong>Anti-verouderingscr\u00e8me 50+ \/ 50ml<\/strong><\/span><\/p>\n<p><em><span style=\"color: #000000\">Een rijke, getextureerde cr\u00e8me speciaal ontwikkeld voor de rijpere huid boven de 50.<\/span><\/em><\/p>\n<p><em><span style=\"color: #000000\">Deze anti-aging en verzorgende cr\u00e8me met antioxiderende werking,<\/span><\/em><\/p>\n<p><em><span style=\"color: #000000\">effectieve hydraterende en verjongende eigenschappen,<\/span><\/em><\/p>\n<p><em><span style=\"color: #000000\">beschermt de huid tegen vroegtijdige veroudering en verlies van elasticiteit.<\/span><\/em><\/p>\n<p><em><span style=\"color: #000000\">Een optimale combinatie van<\/span><\/em><\/p>\n<p><em><span style=\"color: #000000\">  Biologische olijfolie, amandelolie, vitamine A, E, F, hyaluronzuur, biologische alo\u00eb vera,<\/span><\/em><\/p>\n<p><em><span style=\"color: #000000\">  Calendula- en kamille-extract met een peptide-actieve factor om het afweersysteem van de huid te stimuleren.<\/span><\/em><\/p>\n<p><em><span style=\"color: #000000\">Een synergetisch effect om leeftijdgerelateerde huidschade te herstellen.<\/span><\/em><\/p>\n<p><em><span style=\"color: #000000\">Verhoogt de elasticiteit, vermindert rimpels en maakt de huid zacht,<\/span><\/em><\/p>\n<p><em><span style=\"color: #000000\">stevig, glad en verjongd.<\/span><\/em><\/p>\n<p><em><span style=\"color: #000000\">Dankzij de lichte formule wordt de cr\u00e8me snel opgenomen en laat hij geen laagje achter op de huid!<\/span><\/em><\/p>\n<p>&nbsp;<\/p>\n<p>Ben je op zoek naar een leuk cadeau voor je dierbaren? Dan hebben we een mooie selectie kant-en-klare cosmetica cadeausets voor je. <\/p>\n<p>Wij bieden je unieke natuurlijke cosmetica van de hoogste kwaliteit en veiligheid.<\/p>\n<p>De belangrijkste ingredi\u00ebnten in onze recepten zijn biologische olijfolie, planten, kruiden en essenti\u00eble oli\u00ebn,<\/p>\n<p>die de schoonheid en gezondheid van je huid verzorgen zoals alleen de natuur dat kan.<\/p>\n<p>Onze producten bevatten GEEN PARABENS, PARRAFINOLI\u00cbN, ZILICONEN OF MINERAALOLI\u00cbN!<\/p>\n<p>Ze zijn dermatologisch getest en bevatten kruiden- en organische extracten.<\/p>\n<p>Ze zijn NIET UITGEPRObeerd op DIEREN!<\/p>\n<p><strong><span style=\"color: #99cc00\">Je kunt ook andere geweldige producten vinden in onze online shop!<\/span><\/strong><\/p>\n<p>Rizes Griekenland,<\/p>\n<p>Giannoudi,Rethymno<\/p>\n<p>Kreta, Griekenland<\/p>\n<p>Telefoon: +302831042626<\/p>\n<p>Buiten bereik van kinderen houden! Alleen voor uitwendig gebruik! <\/p>\n","protected":false},"excerpt":{"rendered":"<p>Voedende anti-verouderingscr\u00e8me 50+ \/ 50ml<\/p>\n","protected":false},"featured_media":34125,"comment_status":"closed","ping_status":"closed","template":"","meta":[],"product_brand":[],"product_cat":[765,769],"product_tag":[],"class_list":{"0":"post-34893","1":"product","2":"type-product","3":"status-publish","4":"has-post-thumbnail","6":"product_cat-cosmetica","7":"product_cat-gezichtsverzorging","8":"pa_artikelnummer-302","9":"pa_kategorie-cosmetica","10":"pa_produktart-lichaamsverzorging","11":"pa_produktgewicht-50-ml","13":"first","14":"instock","15":"taxable","16":"shipping-taxable","17":"purchasable","18":"product-type-simple"},"_links":{"self":[{"href":"https:\/\/hellenics-original.com\/nl\/wp-json\/wp\/v2\/product\/34893","targetHints":{"allow":["GET"]}}],"collection":[{"href":"https:\/\/hellenics-original.com\/nl\/wp-json\/wp\/v2\/product"}],"about":[{"href":"https:\/\/hellenics-original.com\/nl\/wp-json\/wp\/v2\/types\/product"}],"replies":[{"embeddable":true,"href":"https:\/\/hellenics-original.com\/nl\/wp-json\/wp\/v2\/comments?post=34893"}],"version-history":[{"count":0,"href":"https:\/\/hellenics-original.com\/nl\/wp-json\/wp\/v2\/product\/34893\/revisions"}],"wp:featuredmedia":[{"embeddable":true,"href":"https:\/\/hellenics-original.com\/nl\/wp-json\/wp\/v2\/media\/34125"}],"wp:attachment":[{"href":"https:\/\/hellenics-original.com\/nl\/wp-json\/wp\/v2\/media?parent=34893"}],"wp:term":[{"taxonomy":"product_brand","embeddable":true,"href":"https:\/\/hellenics-original.com\/nl\/wp-json\/wp\/v2\/product_brand?post=34893"},{"taxonomy":"product_cat","embeddable":true,"href":"https:\/\/hellenics-original.com\/nl\/wp-json\/wp\/v2\/product_cat?post=34893"},{"taxonomy":"product_tag","embeddable":true,"href":"https:\/\/hellenics-original.com\/nl\/wp-json\/wp\/v2\/product_tag?post=34893"}],"curies":[{"name":"wp","href":"https:\/\/api.w.org\/{rel}","templated":true}]}}