{"id":34895,"date":"2023-10-26T12:08:12","date_gmt":"2023-10-26T11:08:12","guid":{"rendered":"https:\/\/hellenics-original.com\/produkt\/anti-rimpel-oogcreme-met-olijf-aloe-vera-50ml\/"},"modified":"2023-10-26T12:08:12","modified_gmt":"2023-10-26T11:08:12","slug":"anti-rimpel-oogcreme-met-olijf-aloe-vera-50ml","status":"publish","type":"product","link":"https:\/\/hellenics-original.com\/nl\/produkt\/anti-rimpel-oogcreme-met-olijf-aloe-vera-50ml\/","title":{"rendered":"Anti-rimpel oogcr\u00e8me met olijf &amp; alo\u00eb vera 50ml"},"content":{"rendered":"<p><span style=\"color: #000000\"><strong>Anti-rimpel oogcr\u00e8me met olijf &amp; alo\u00eb vera 50ml<\/strong><\/span><\/p>\n<p><em><span style=\"color: #000000\">Rijke samenstelling,  <\/span><\/em><\/p>\n<p><em><span style=\"color: #000000\">de opmerkelijke voordelen van olijfolie, alo\u00eb vera gel<\/span><\/em><\/p>\n<p><em><span style=\"color: #000000\">en panthenol met anti-aging peptiden, stoffen tegen donkere kringen,  <\/span><\/em><\/p>\n<p><em><span style=\"color: #000000\">sterke anti-rimpel <\/span><\/em><em><span style=\"color: #000000\">en gezwollen ogen.<\/span><\/em><\/p>\n<p><em><span style=\"color: #000000\">Peptiden in combinatie met een natuurlijk flavono\u00efde, chrysine,<\/span><\/em><\/p>\n<p><em><span style=\"color: #000000\">de verwijdering van pigmenten activeren,  <\/span><\/em><\/p>\n<p><em><span style=\"color: #000000\">die verantwoordelijk zijn voor donkere kringen en plaatselijke ontstekingen.  <\/span><\/em><\/p>\n<p><em><span style=\"color: #000000\">Een liposomaal mengsel met carnosine &#8211; een antioxidant<\/span><\/em><\/p>\n<p> <em><span style=\"color: #000000\"> en een antirimpelstof <\/span><\/em><em><span style=\"color: #000000\">met twee krachtige antioxidanten, silymarine en tocoferol, <\/span><\/em> <\/p>\n<p><em><span style=\"color: #000000\">gecombineerd,<\/span><\/em><\/p>\n<p><em><span style=\"color: #000000\">Verhoogt de stevigheid en elasticiteit en helpt fijne lijntjes en rimpels te verminderen.<\/span><\/em><\/p>\n<p><em><span style=\"color: #000000\">Beschermt huidcellen tegen oxidatieve veroudering.<\/span><\/em><\/p>\n<p><em><span style=\"color: #000000\">In een praktische pompdispenser!<\/span><\/em><\/p>\n<p>&nbsp;<\/p>\n<p>Ben je op zoek naar een leuk cadeau voor je dierbaren? Dan hebben we een mooie selectie kant-en-klare cosmetica cadeausets voor je. <\/p>\n<p>Wij bieden je unieke natuurlijke cosmetica van de hoogste kwaliteit en veiligheid.<\/p>\n<p>De belangrijkste ingredi\u00ebnten in onze recepten zijn biologische olijfolie, planten, kruiden en essenti\u00eble oli\u00ebn,<\/p>\n<p>die de schoonheid en gezondheid van je huid verzorgen zoals alleen de natuur dat kan.<\/p>\n<p>Onze producten bevatten GEEN PARABENS, PARRAFINOLI\u00cbN, ZILICONEN OF MINERAALOLI\u00cbN!<\/p>\n<p>Ze zijn dermatologisch getest en bevatten kruiden- en organische extracten.<\/p>\n<p>Ze zijn NIET UITGEPRObeerd op DIEREN!<\/p>\n<p><strong><span style=\"color: #99cc00\">Je kunt ook andere geweldige producten vinden in onze online shop!<\/span><\/strong><\/p>\n<p>Kollectiva, Fotinatos B. Konstantinos<\/p>\n<p>Agios Dimitrios, 17342,<\/p>\n<p>Athene, Griekenland<\/p>\n<p>Telefoon: +302109739617<\/p>\n<p>Alleen voor uitwendig gebruik! Buiten bereik van kinderen houden! <\/p>\n","protected":false},"excerpt":{"rendered":"<p><strong>Anti-rimpel oogcr\u00e8me met olijf &amp; alo\u00eb vera 50ml<\/strong><\/p>\n","protected":false},"featured_media":34126,"comment_status":"closed","ping_status":"closed","template":"","meta":[],"product_brand":[],"product_cat":[765,769,770],"product_tag":[],"class_list":{"0":"post-34895","1":"product","2":"type-product","3":"status-publish","4":"has-post-thumbnail","6":"product_cat-cosmetica","7":"product_cat-gezichtsverzorging","8":"product_cat-lichaamsverzorging","9":"pa_kategorie-cosmetica","10":"pa_produktart-lichaamsverzorging","11":"pa_produktgewicht-30ml","13":"first","14":"instock","15":"taxable","16":"shipping-taxable","17":"purchasable","18":"product-type-simple"},"_links":{"self":[{"href":"https:\/\/hellenics-original.com\/nl\/wp-json\/wp\/v2\/product\/34895","targetHints":{"allow":["GET"]}}],"collection":[{"href":"https:\/\/hellenics-original.com\/nl\/wp-json\/wp\/v2\/product"}],"about":[{"href":"https:\/\/hellenics-original.com\/nl\/wp-json\/wp\/v2\/types\/product"}],"replies":[{"embeddable":true,"href":"https:\/\/hellenics-original.com\/nl\/wp-json\/wp\/v2\/comments?post=34895"}],"version-history":[{"count":0,"href":"https:\/\/hellenics-original.com\/nl\/wp-json\/wp\/v2\/product\/34895\/revisions"}],"wp:featuredmedia":[{"embeddable":true,"href":"https:\/\/hellenics-original.com\/nl\/wp-json\/wp\/v2\/media\/34126"}],"wp:attachment":[{"href":"https:\/\/hellenics-original.com\/nl\/wp-json\/wp\/v2\/media?parent=34895"}],"wp:term":[{"taxonomy":"product_brand","embeddable":true,"href":"https:\/\/hellenics-original.com\/nl\/wp-json\/wp\/v2\/product_brand?post=34895"},{"taxonomy":"product_cat","embeddable":true,"href":"https:\/\/hellenics-original.com\/nl\/wp-json\/wp\/v2\/product_cat?post=34895"},{"taxonomy":"product_tag","embeddable":true,"href":"https:\/\/hellenics-original.com\/nl\/wp-json\/wp\/v2\/product_tag?post=34895"}],"curies":[{"name":"wp","href":"https:\/\/api.w.org\/{rel}","templated":true}]}}