{"id":34897,"date":"2023-10-26T12:08:12","date_gmt":"2023-10-26T11:08:12","guid":{"rendered":"https:\/\/hellenics-original.com\/produkt\/voedende-antiverouderende-gezichtscreme-40\/"},"modified":"2025-10-19T11:10:39","modified_gmt":"2025-10-19T10:10:39","slug":"voedende-antiverouderende-gezichtscreme-40","status":"publish","type":"product","link":"https:\/\/hellenics-original.com\/nl\/produkt\/voedende-antiverouderende-gezichtscreme-40\/","title":{"rendered":"Voedende antiverouderende gezichtscr\u00e8me 40+"},"content":{"rendered":"<p><span style=\"color: #000000\"><strong>Dag en nacht anti-verouderingscr\u00e8me 40+ 50ml<\/strong><\/span><\/p>\n<p><em><span style=\"color: #000000\">Een krachtige samenstelling met enkele van de meest effectieve ingredi\u00ebnten uit de natuur.<\/span><\/em><\/p>\n<p><em><span style=\"color: #000000\">Deze rijke cr\u00e8me brengt onmiddellijk verlichting en comfort  <\/span><\/em><\/p>\n<p><em><span style=\"color: #000000\">voor de droge en vermoeide huid en helpt,  <\/span><\/em><\/p>\n<p><em><span style=\"color: #000000\">hen beschermen tegen schadelijke externe factoren.<\/span><\/em><\/p>\n<p><em><span style=\"color: #000000\">Het bevat een actieve factor met de matrikines Pal-GHK en Pal-GQPR,<\/span><\/em><\/p>\n<p> <em><span style=\"color: #000000\"> die in synergie werken, <\/span><\/em><em><span style=\"color: #000000\">om leeftijdgerelateerde huidschade te herstellen, speciaal voor de huid boven de 40.<\/span><\/em><\/p>\n<p><em><span style=\"color: #000000\">Biedt een antirimpeleffect en bevordert de lipidensynthese,  <\/span><\/em><\/p>\n<p><em><span style=\"color: #000000\">om de huidbarri\u00e8re te versterken.<\/span><\/em><\/p>\n<p><em><span style=\"color: #000000\">De actieve ingredi\u00ebnten zijn hyaluronzuur en zeecollageen,  <\/span><\/em><\/p>\n<p><em><span style=\"color: #000000\">die bekend staan om hun hydraterende <\/span><\/em><em><span style=\"color: #000000\">hydraterende en voedende eigenschappen,<\/span><\/em><\/p>\n<p><em><span style=\"color: #000000\">  Vitamine A, E, C, F voor voeding,<\/span><\/em><\/p>\n<p> <em><span style=\"color: #000000\"> de antioxiderende werking <\/span><\/em><em><span style=\"color: #000000\">en de beperking van vrije radicalen,<\/span><\/em><\/p>\n<p><em><span style=\"color: #000000\">  Biologische olijfolie, avocado-olie, jojoba-olie en amandelolie<\/span><\/em><\/p>\n<p><em><span style=\"color: #000000\">om de huid te verzorgen en de natuurlijke huidbescherming te versterken.<\/span><\/em><\/p>\n<p><em><span style=\"color: #000000\">Bevat helichrysum-extract met zijn uitstekende antiverouderingseigenschappen.<\/span><\/em><\/p>\n<p><em><span style=\"color: #000000\">Deze intensief voedende, zachte cr\u00e8me werkt als een overlevingsdeken voor de vermoeide huid<\/span><\/em><\/p>\n<p><em><span style=\"color: #000000\">en laat de huid stralen met een perfect, soepel en zacht gevoel.<\/span><\/em><\/p>\n<p><em><span style=\"color: #000000\">Dankzij de lichte formule wordt de cr\u00e8me snel opgenomen en laat hij geen laagje achter op de huid!<\/span><\/em><\/p>\n<p><em><span style=\"color: #000000\">In een praktische pompdispenser. Zeer zuinig in gebruik. <\/span><\/em><\/p>\n<p>&nbsp;<\/p>\n<p>Ben je op zoek naar een leuk cadeau voor je dierbaren? Dan hebben we een mooie selectie kant-en-klare cosmetica cadeausets voor je. <\/p>\n<p>Wij bieden je unieke natuurlijke cosmetica van de hoogste kwaliteit en veiligheid.<\/p>\n<p>De belangrijkste ingredi\u00ebnten in onze recepten zijn biologische olijfolie, planten, kruiden en essenti\u00eble oli\u00ebn,<\/p>\n<p>die de schoonheid en gezondheid van je huid verzorgen zoals alleen de natuur dat kan.<\/p>\n<p>Onze producten bevatten GEEN PARABENS, PARRAFINOLI\u00cbN, ZILICONEN OF MINERAALOLI\u00cbN!<\/p>\n<p>Ze zijn dermatologisch getest en bevatten kruiden- en organische extracten.<\/p>\n<p>Ze zijn NIET UITGEPRObeerd op DIEREN!<\/p>\n<p><strong><span style=\"color: #99cc00\">Je kunt ook andere geweldige producten vinden in onze online shop!<\/span><\/strong><\/p>\n<p>Rizes Griekenland,<\/p>\n<p>Giannoudi,Rethymno<\/p>\n<p>Kreta, Griekenland<\/p>\n<p>Telefoon: +302831042626<\/p>\n<p>Buiten bereik van kinderen houden! Alleen voor uitwendig gebruik! <\/p>\n","protected":false},"excerpt":{"rendered":"<p>Voedende anti-verouderingscr\u00e8me 40+\/ 50ml<\/p>\n","protected":false},"featured_media":34124,"comment_status":"closed","ping_status":"closed","template":"","meta":[],"product_brand":[],"product_cat":[765,769,770],"product_tag":[],"class_list":{"0":"post-34897","1":"product","2":"type-product","3":"status-publish","4":"has-post-thumbnail","6":"product_cat-cosmetica","7":"product_cat-gezichtsverzorging","8":"product_cat-lichaamsverzorging","9":"pa_artikelnummer-303","10":"pa_kategorie-cosmetica","11":"pa_produktart-lichaamsverzorging","12":"pa_produktgewicht-50-ml","14":"first","15":"instock","16":"taxable","17":"shipping-taxable","18":"purchasable","19":"product-type-simple"},"_links":{"self":[{"href":"https:\/\/hellenics-original.com\/nl\/wp-json\/wp\/v2\/product\/34897","targetHints":{"allow":["GET"]}}],"collection":[{"href":"https:\/\/hellenics-original.com\/nl\/wp-json\/wp\/v2\/product"}],"about":[{"href":"https:\/\/hellenics-original.com\/nl\/wp-json\/wp\/v2\/types\/product"}],"replies":[{"embeddable":true,"href":"https:\/\/hellenics-original.com\/nl\/wp-json\/wp\/v2\/comments?post=34897"}],"version-history":[{"count":0,"href":"https:\/\/hellenics-original.com\/nl\/wp-json\/wp\/v2\/product\/34897\/revisions"}],"wp:featuredmedia":[{"embeddable":true,"href":"https:\/\/hellenics-original.com\/nl\/wp-json\/wp\/v2\/media\/34124"}],"wp:attachment":[{"href":"https:\/\/hellenics-original.com\/nl\/wp-json\/wp\/v2\/media?parent=34897"}],"wp:term":[{"taxonomy":"product_brand","embeddable":true,"href":"https:\/\/hellenics-original.com\/nl\/wp-json\/wp\/v2\/product_brand?post=34897"},{"taxonomy":"product_cat","embeddable":true,"href":"https:\/\/hellenics-original.com\/nl\/wp-json\/wp\/v2\/product_cat?post=34897"},{"taxonomy":"product_tag","embeddable":true,"href":"https:\/\/hellenics-original.com\/nl\/wp-json\/wp\/v2\/product_tag?post=34897"}],"curies":[{"name":"wp","href":"https:\/\/api.w.org\/{rel}","templated":true}]}}