{"id":34916,"date":"2023-10-26T12:08:16","date_gmt":"2023-10-26T11:08:16","guid":{"rendered":"https:\/\/hellenics-original.com\/produkt\/natuurlijke-zeep-met-olijfolie-argan-100g\/"},"modified":"2023-10-26T12:08:16","modified_gmt":"2023-10-26T11:08:16","slug":"natuurlijke-zeep-met-olijfolie-argan-100g","status":"publish","type":"product","link":"https:\/\/hellenics-original.com\/nl\/produkt\/natuurlijke-zeep-met-olijfolie-argan-100g\/","title":{"rendered":"Natuurlijke zeep met olijfolie &amp; argan 100g"},"content":{"rendered":"<p><span style=\"color: #000000\"><strong>Natuurlijke zeep met olijfolie &amp; arganolie 100g<\/strong><\/span><\/p>\n<p><span style=\"color: #000000\"><em>De populaire olijfoliezeep uit Griekenland voedt de huid en ontdoet haar van talg en vuil.<\/em><\/span><\/p>\n<p><span style=\"color: #000000\"><em>Geschikt voor gezicht, handen, haar en lichaam!<\/em><\/span><\/p>\n<p><span style=\"color: #000000\"><em><strong>VEGAN en 100% NATUURLIJK!<\/strong><\/em><\/span><\/p>\n<p><span style=\"color: #000000\"><em>De natuurlijke zepen met een heerlijke geur zijn ook ideaal voor de gevoelige huid en baby&#8217;s.<\/em><\/span><\/p>\n<p>Bekijk ook onze spaaraanbiedingen!<\/p>\n<p><strong><span style=\"color: #99cc00\">Je kunt ook andere geweldige producten vinden in onze online shop!<\/span><\/strong><\/p>\n<p>Ben je op zoek naar een leuk cadeau voor je dierbaren? Dan hebben we een mooie selectie kant-en-klare cosmetica cadeausets voor je. <\/p>\n<p>Wij bieden je unieke natuurlijke cosmetica van de hoogste kwaliteit en veiligheid.<\/p>\n<p>De belangrijkste ingredi\u00ebnten in onze recepten zijn biologische olijfolie, planten, kruiden en essenti\u00eble oli\u00ebn,<\/p>\n<p>die de schoonheid en gezondheid van je huid verzorgen zoals alleen de natuur dat kan.<\/p>\n<p>Onze producten bevatten GEEN PARABENS, PARRAFINOLI\u00cbN, ZILICONEN OF MINERAALOLI\u00cbN!<\/p>\n<p>Ze zijn dermatologisch getest en bevatten kruiden- en organische extracten.<\/p>\n<p>Ze zijn NIET UITGEPRObeerd op DIEREN!<\/p>\n<p><strong><span style=\"color: #99cc00\">Je kunt ook andere geweldige producten vinden in onze online shop!<\/span><\/strong><\/p>\n<p>Rizes Griekenland,<\/p>\n<p>Giannoudi,Rethymno<\/p>\n<p>Kreta, Griekenland<\/p>\n<p>Telefoon: +302831042626<\/p>\n","protected":false},"excerpt":{"rendered":"<p><strong>Natuurlijke zeep met olijfolie &amp; arganolie 100g<\/strong><\/p>\n","protected":false},"featured_media":34115,"comment_status":"closed","ping_status":"closed","template":"","meta":[],"product_brand":[],"product_cat":[765,769,779,770,803],"product_tag":[],"class_list":{"0":"post-34916","1":"product","2":"type-product","3":"status-publish","4":"has-post-thumbnail","6":"product_cat-cosmetica","7":"product_cat-gezichtsverzorging","8":"product_cat-haarverzorging","9":"product_cat-lichaamsverzorging","10":"product_cat-zeep","11":"pa_artikelnummer-311","12":"pa_kategorie-cosmetica","13":"pa_produktart-zeep","14":"pa_produktgewicht-100g","16":"first","17":"instock","18":"taxable","19":"shipping-taxable","20":"purchasable","21":"product-type-simple"},"_links":{"self":[{"href":"https:\/\/hellenics-original.com\/nl\/wp-json\/wp\/v2\/product\/34916","targetHints":{"allow":["GET"]}}],"collection":[{"href":"https:\/\/hellenics-original.com\/nl\/wp-json\/wp\/v2\/product"}],"about":[{"href":"https:\/\/hellenics-original.com\/nl\/wp-json\/wp\/v2\/types\/product"}],"replies":[{"embeddable":true,"href":"https:\/\/hellenics-original.com\/nl\/wp-json\/wp\/v2\/comments?post=34916"}],"version-history":[{"count":0,"href":"https:\/\/hellenics-original.com\/nl\/wp-json\/wp\/v2\/product\/34916\/revisions"}],"wp:featuredmedia":[{"embeddable":true,"href":"https:\/\/hellenics-original.com\/nl\/wp-json\/wp\/v2\/media\/34115"}],"wp:attachment":[{"href":"https:\/\/hellenics-original.com\/nl\/wp-json\/wp\/v2\/media?parent=34916"}],"wp:term":[{"taxonomy":"product_brand","embeddable":true,"href":"https:\/\/hellenics-original.com\/nl\/wp-json\/wp\/v2\/product_brand?post=34916"},{"taxonomy":"product_cat","embeddable":true,"href":"https:\/\/hellenics-original.com\/nl\/wp-json\/wp\/v2\/product_cat?post=34916"},{"taxonomy":"product_tag","embeddable":true,"href":"https:\/\/hellenics-original.com\/nl\/wp-json\/wp\/v2\/product_tag?post=34916"}],"curies":[{"name":"wp","href":"https:\/\/api.w.org\/{rel}","templated":true}]}}