{"id":34991,"date":"2023-11-14T12:47:25","date_gmt":"2023-11-14T11:47:25","guid":{"rendered":"https:\/\/hellenics-original.com\/produkt\/oogcreme-met-cannabis-sativa-olie-15ml\/"},"modified":"2023-11-14T12:47:25","modified_gmt":"2023-11-14T11:47:25","slug":"oogcreme-met-cannabis-sativa-olie-15ml","status":"publish","type":"product","link":"https:\/\/hellenics-original.com\/nl\/produkt\/oogcreme-met-cannabis-sativa-olie-15ml\/","title":{"rendered":"Oogcr\u00e8me met cannabis sativa olie 15ml"},"content":{"rendered":"<p><span style=\"color: #000000\"><strong>Oogcr\u00e8me met cannabis sativa olie 15ml<\/strong><\/span><\/p>\n<p><span style=\"color: #000000\"><em>Cannabis sativa zaadolie wordt geperst uit de zaden van de hennepplant,<\/em><\/span><\/p>\n<p><span style=\"color: #000000\"><em>om een zoete olie te produceren.<\/em><\/span><\/p>\n<p><span style=\"color: #000000\"><em>Het wordt beschouwd als een van de meest voedzame oli\u00ebn.<\/em><\/span><\/p>\n<p><span style=\"color: #000000\"><em>en het gebruik ervan voor verschillende medische en cosmetische doeleinden<\/em><\/span><\/p>\n<p><span style=\"color: #000000\"><em>kan teruggevoerd worden tot 4000 voor Christus in China.<\/em><\/span><\/p>\n<p>&nbsp;<\/p>\n<p>Ben je op zoek naar een leuk cadeau voor je dierbaren? Dan hebben we een mooie selectie kant-en-klare cosmetica cadeausets voor je. <\/p>\n<p>Wij bieden je unieke natuurlijke cosmetica van de hoogste kwaliteit en veiligheid.<\/p>\n<p>De belangrijkste ingredi\u00ebnten in onze recepten zijn biologische olijfolie, planten, kruiden en essenti\u00eble oli\u00ebn,<\/p>\n<p>die de schoonheid en gezondheid van je huid verzorgen zoals alleen de natuur dat kan.<\/p>\n<p>Onze producten bevatten GEEN PARABENS, PARRAFINOLI\u00cbN, ZILICONEN OF MINERAALOLI\u00cbN!<\/p>\n<p>Ze zijn dermatologisch getest en bevatten kruiden- en organische extracten.<\/p>\n<p>Ze zijn NIET UITGEPRObeerd op DIEREN!<\/p>\n<p><strong><span style=\"color: #99cc00\">Je kunt ook andere geweldige producten vinden in onze online shop!<\/span><\/strong><\/p>\n<p>Kollectiva, Fotinatos B. Konstantinos<\/p>\n<p>Promitheos 2, 16346 Ilioupolis,<\/p>\n<p>Athene, Griekenland<\/p>\n<p>Telefoon: +302109739617<\/p>\n<p>Alleen voor uitwendig gebruik! Buiten bereik van kinderen houden! <\/p>\n","protected":false},"excerpt":{"rendered":"<p><strong>Oogcr\u00e8me met cannabis sativa olie 15ml<\/strong><\/p>\n","protected":false},"featured_media":33800,"comment_status":"closed","ping_status":"closed","template":"","meta":[],"product_brand":[],"product_cat":[765,769,770],"product_tag":[],"class_list":{"0":"post-34991","1":"product","2":"type-product","3":"status-publish","4":"has-post-thumbnail","6":"product_cat-cosmetica","7":"product_cat-gezichtsverzorging","8":"product_cat-lichaamsverzorging","9":"pa_kategorie-cosmetica","10":"pa_produktart-lichaamsverzorging","11":"pa_produktgewicht-15-ml","13":"first","14":"instock","15":"taxable","16":"shipping-taxable","17":"purchasable","18":"product-type-simple"},"_links":{"self":[{"href":"https:\/\/hellenics-original.com\/nl\/wp-json\/wp\/v2\/product\/34991","targetHints":{"allow":["GET"]}}],"collection":[{"href":"https:\/\/hellenics-original.com\/nl\/wp-json\/wp\/v2\/product"}],"about":[{"href":"https:\/\/hellenics-original.com\/nl\/wp-json\/wp\/v2\/types\/product"}],"replies":[{"embeddable":true,"href":"https:\/\/hellenics-original.com\/nl\/wp-json\/wp\/v2\/comments?post=34991"}],"version-history":[{"count":0,"href":"https:\/\/hellenics-original.com\/nl\/wp-json\/wp\/v2\/product\/34991\/revisions"}],"wp:featuredmedia":[{"embeddable":true,"href":"https:\/\/hellenics-original.com\/nl\/wp-json\/wp\/v2\/media\/33800"}],"wp:attachment":[{"href":"https:\/\/hellenics-original.com\/nl\/wp-json\/wp\/v2\/media?parent=34991"}],"wp:term":[{"taxonomy":"product_brand","embeddable":true,"href":"https:\/\/hellenics-original.com\/nl\/wp-json\/wp\/v2\/product_brand?post=34991"},{"taxonomy":"product_cat","embeddable":true,"href":"https:\/\/hellenics-original.com\/nl\/wp-json\/wp\/v2\/product_cat?post=34991"},{"taxonomy":"product_tag","embeddable":true,"href":"https:\/\/hellenics-original.com\/nl\/wp-json\/wp\/v2\/product_tag?post=34991"}],"curies":[{"name":"wp","href":"https:\/\/api.w.org\/{rel}","templated":true}]}}