{"id":35042,"date":"2023-10-26T12:08:05","date_gmt":"2023-10-26T11:08:05","guid":{"rendered":"https:\/\/hellenics-original.com\/produkt\/douchegel-met-aloe-vera-olijfextract-250ml\/"},"modified":"2023-10-26T12:08:05","modified_gmt":"2023-10-26T11:08:05","slug":"douchegel-met-aloe-vera-olijfextract-250ml","status":"publish","type":"product","link":"https:\/\/hellenics-original.com\/nl\/produkt\/douchegel-met-aloe-vera-olijfextract-250ml\/","title":{"rendered":"Douchegel met alo\u00eb vera &amp; olijfextract 250ml"},"content":{"rendered":"<p><span style=\"color: #000000\"><strong>Douchegel alo\u00eb vera 250ml<\/strong><\/span><\/p>\n<p><em><span style=\"color: #000000\">Verfrissende douchegel met organische alo\u00eb vera en olijfextracten,<\/span><\/em><\/p>\n<p><em><span style=\"color: #000000\">die je een uniek gevoel van frisheid geven.<\/span><\/em><\/p>\n<p><em><span style=\"color: #000000\">Tegelijkertijd hydrateren en verzachten honingextract en panthenol de huid intensief. Ontspan en geniet van het unieke aroma van alo\u00eb vera. <\/span><\/em><\/p>\n<p>&nbsp;<\/p>\n<p>Wij bieden je unieke natuurlijke cosmetica van de hoogste kwaliteit en veiligheid.<\/p>\n<p>De belangrijkste ingredi\u00ebnten in onze recepten zijn biologische olijfolie, planten, kruiden en essenti\u00eble oli\u00ebn,<\/p>\n<p>die de schoonheid en gezondheid van je huid verzorgen zoals alleen de natuur dat kan.<\/p>\n<p>Onze producten bevatten GEEN PARABENS, PARRAFINOLI\u00cbN, ZILICONEN OF MINERAALOLI\u00cbN!<\/p>\n<p>Ze zijn dermatologisch getest en bevatten kruiden- en organische extracten.<\/p>\n<p>Ze zijn NIET UITGEPRObeerd op DIEREN!<\/p>\n<p><strong><span style=\"color: #99cc00\">Je kunt ook andere geweldige producten vinden in onze online shop!<\/span><\/strong><\/p>\n<p>Rizes Griekenland,<\/p>\n<p>Giannoudi,Rethymno<\/p>\n<p>Kreta, Griekenland<\/p>\n<p>Telefoon: +302831042626<\/p>\n<p>Buiten bereik van kinderen houden! Alleen voor uitwendig gebruik! <\/p>\n<p>.<\/p>\n","protected":false},"excerpt":{"rendered":"<p>Douchegel met alo\u00eb vera &amp; olijfextract \/ 250ml<\/p>\n","protected":false},"featured_media":33790,"comment_status":"closed","ping_status":"closed","template":"","meta":[],"product_brand":[],"product_cat":[765,770],"product_tag":[],"class_list":{"0":"post-35042","1":"product","2":"type-product","3":"status-publish","4":"has-post-thumbnail","6":"product_cat-cosmetica","7":"product_cat-lichaamsverzorging","8":"pa_kategorie-cosmetica","9":"pa_produktart-lichaamsverzorging","10":"pa_produktgewicht-250-ml","12":"first","13":"instock","14":"taxable","15":"shipping-taxable","16":"purchasable","17":"product-type-simple"},"_links":{"self":[{"href":"https:\/\/hellenics-original.com\/nl\/wp-json\/wp\/v2\/product\/35042","targetHints":{"allow":["GET"]}}],"collection":[{"href":"https:\/\/hellenics-original.com\/nl\/wp-json\/wp\/v2\/product"}],"about":[{"href":"https:\/\/hellenics-original.com\/nl\/wp-json\/wp\/v2\/types\/product"}],"replies":[{"embeddable":true,"href":"https:\/\/hellenics-original.com\/nl\/wp-json\/wp\/v2\/comments?post=35042"}],"version-history":[{"count":0,"href":"https:\/\/hellenics-original.com\/nl\/wp-json\/wp\/v2\/product\/35042\/revisions"}],"wp:featuredmedia":[{"embeddable":true,"href":"https:\/\/hellenics-original.com\/nl\/wp-json\/wp\/v2\/media\/33790"}],"wp:attachment":[{"href":"https:\/\/hellenics-original.com\/nl\/wp-json\/wp\/v2\/media?parent=35042"}],"wp:term":[{"taxonomy":"product_brand","embeddable":true,"href":"https:\/\/hellenics-original.com\/nl\/wp-json\/wp\/v2\/product_brand?post=35042"},{"taxonomy":"product_cat","embeddable":true,"href":"https:\/\/hellenics-original.com\/nl\/wp-json\/wp\/v2\/product_cat?post=35042"},{"taxonomy":"product_tag","embeddable":true,"href":"https:\/\/hellenics-original.com\/nl\/wp-json\/wp\/v2\/product_tag?post=35042"}],"curies":[{"name":"wp","href":"https:\/\/api.w.org\/{rel}","templated":true}]}}