{"id":35048,"date":"2023-10-26T12:07:59","date_gmt":"2023-10-26T11:07:59","guid":{"rendered":"https:\/\/hellenics-original.com\/produkt\/exfolierende-creme-voor-gezicht-en-lichaam-80ml\/"},"modified":"2023-10-26T12:07:59","modified_gmt":"2023-10-26T11:07:59","slug":"exfolierende-creme-voor-gezicht-en-lichaam-80ml","status":"publish","type":"product","link":"https:\/\/hellenics-original.com\/nl\/produkt\/exfolierende-creme-voor-gezicht-en-lichaam-80ml\/","title":{"rendered":"Exfoli\u00ebrende cr\u00e8me voor gezicht en lichaam 80ml"},"content":{"rendered":"<p><span style=\"color: #000000\"><strong>Exfoli\u00ebrende cr\u00e8me voor gezicht en lichaam 80ml<\/strong><\/span><\/p>\n<p><span style=\"color: #000000\"><em>Het verwijdert dode huidcellen en reinigt de huid grondig.<\/em><\/span><\/p>\n<p><span style=\"color: #000000\"><em>Rijk aan vitamine A, E en F,<\/em><\/span><\/p>\n<p><span style=\"color: #000000\"><em>  die de huid verjongen en verfrissen.<\/em><\/span><\/p>\n<p><span style=\"color: #000000\"><em>De allanto\u00efne die het bevat maakt de vermoeide  <\/em><\/span><\/p>\n<p><span style=\"color: #000000\"><em>en gereinigde huid zacht en gehydrateerd.<\/em><\/span><\/p>\n<p><span style=\"color: #000000\"><em>Schilferend effect door geplette olijfpitten.<\/em><\/span><\/p>\n<p>&nbsp;<\/p>\n<p>Ben je op zoek naar een leuk cadeau voor je dierbaren? Dan hebben we een mooie selectie kant-en-klare cosmetica cadeausets voor je. <\/p>\n<p>Wij bieden je unieke natuurlijke cosmetica van de hoogste kwaliteit en veiligheid.<\/p>\n<p>De belangrijkste ingredi\u00ebnten in onze recepten zijn biologische olijfolie, planten, kruiden en essenti\u00eble oli\u00ebn,<\/p>\n<p>die de schoonheid en gezondheid van je huid verzorgen zoals alleen de natuur dat kan.<\/p>\n<p>Onze producten bevatten GEEN PARABENS, PARRAFINOLI\u00cbN, ZILICONEN OF MINERAALOLI\u00cbN!<\/p>\n<p>Ze zijn dermatologisch getest en bevatten kruiden- en organische extracten.<\/p>\n<p>Ze zijn NIET UITGEPRObeerd op DIEREN!<\/p>\n<p><strong><span style=\"color: #99cc00\">Je kunt ook andere geweldige producten vinden in onze online shop!<\/span><\/strong><\/p>\n<p>Rizes Griekenland,<\/p>\n<p>Giannoudi,Rethymno<\/p>\n<p>Kreta, Griekenland<\/p>\n<p>Telefoon: +302831042626<\/p>\n<p>Buiten bereik van kinderen houden! Alleen voor uitwendig gebruik! <\/p>\n","protected":false},"excerpt":{"rendered":"<p>Exfoli\u00ebrende cr\u00e8me voor gezicht en lichaam \/ 80ml<\/p>\n","protected":false},"featured_media":34184,"comment_status":"closed","ping_status":"closed","template":"","meta":[],"product_brand":[],"product_cat":[765,769,770],"product_tag":[],"class_list":{"0":"post-35048","1":"product","2":"type-product","3":"status-publish","4":"has-post-thumbnail","6":"product_cat-cosmetica","7":"product_cat-gezichtsverzorging","8":"product_cat-lichaamsverzorging","9":"pa_artikelnummer-255","10":"pa_kategorie-cosmetica","11":"pa_produktart-lichaamsverzorging","12":"pa_produktgewicht-80g","14":"first","15":"instock","16":"taxable","17":"shipping-taxable","18":"purchasable","19":"product-type-simple"},"_links":{"self":[{"href":"https:\/\/hellenics-original.com\/nl\/wp-json\/wp\/v2\/product\/35048","targetHints":{"allow":["GET"]}}],"collection":[{"href":"https:\/\/hellenics-original.com\/nl\/wp-json\/wp\/v2\/product"}],"about":[{"href":"https:\/\/hellenics-original.com\/nl\/wp-json\/wp\/v2\/types\/product"}],"replies":[{"embeddable":true,"href":"https:\/\/hellenics-original.com\/nl\/wp-json\/wp\/v2\/comments?post=35048"}],"version-history":[{"count":0,"href":"https:\/\/hellenics-original.com\/nl\/wp-json\/wp\/v2\/product\/35048\/revisions"}],"wp:featuredmedia":[{"embeddable":true,"href":"https:\/\/hellenics-original.com\/nl\/wp-json\/wp\/v2\/media\/34184"}],"wp:attachment":[{"href":"https:\/\/hellenics-original.com\/nl\/wp-json\/wp\/v2\/media?parent=35048"}],"wp:term":[{"taxonomy":"product_brand","embeddable":true,"href":"https:\/\/hellenics-original.com\/nl\/wp-json\/wp\/v2\/product_brand?post=35048"},{"taxonomy":"product_cat","embeddable":true,"href":"https:\/\/hellenics-original.com\/nl\/wp-json\/wp\/v2\/product_cat?post=35048"},{"taxonomy":"product_tag","embeddable":true,"href":"https:\/\/hellenics-original.com\/nl\/wp-json\/wp\/v2\/product_tag?post=35048"}],"curies":[{"name":"wp","href":"https:\/\/api.w.org\/{rel}","templated":true}]}}