{"id":35051,"date":"2023-10-26T12:08:05","date_gmt":"2023-10-26T11:08:05","guid":{"rendered":"https:\/\/hellenics-original.com\/produkt\/baardbalsem-met-biologische-olijfolie-jojobaolie-100g\/"},"modified":"2023-10-26T12:08:05","modified_gmt":"2023-10-26T11:08:05","slug":"baardbalsem-met-biologische-olijfolie-jojobaolie-100g","status":"publish","type":"product","link":"https:\/\/hellenics-original.com\/nl\/produkt\/baardbalsem-met-biologische-olijfolie-jojobaolie-100g\/","title":{"rendered":"Baardbalsem met biologische olijfolie &amp; jojobaolie 100g"},"content":{"rendered":"<p><span style=\"color: #000000\"><strong>Baardbalsem met biologische olijfolie &amp; jojobaolie 100g<\/strong><\/span><\/p>\n<p><em><span style=\"color: #000000\">Een natuurlijk product, met biologische olijfolie, balsemolie en jojobaolie &amp; bijenwas,<\/span><\/em><\/p>\n<p><em><span style=\"color: #000000\">die gezichtshaar intensief verzorgt,<\/span><\/em><\/p>\n<p><em><span style=\"color: #000000\">Hydrateert, voedt<\/span><\/em><\/p>\n<p><em><span style=\"color: #000000\">en is de oplossing voor weerbarstig haar.<\/span><\/em><\/p>\n<p>Wij bieden je unieke natuurlijke cosmetica van de hoogste kwaliteit en veiligheid.<\/p>\n<p>De belangrijkste ingredi\u00ebnten in onze recepten zijn biologische olijfolie, planten, kruiden en essenti\u00eble oli\u00ebn,<\/p>\n<p>die de schoonheid en gezondheid van je huid verzorgen zoals alleen de natuur dat kan.<\/p>\n<p>Onze producten bevatten GEEN PARABENS, PARRAFINOLI\u00cbN, ZILICONEN OF MINERAALOLI\u00cbN!<\/p>\n<p>Ze zijn dermatologisch getest en bevatten kruiden- en organische extracten.<\/p>\n<p>Ze zijn NIET UITGEPRObeerd op DIEREN!<\/p>\n<p><strong><span style=\"color: #99cc00\">Je kunt ook andere geweldige producten vinden in onze online shop!<\/span><\/strong><\/p>\n<p>Rizes Griekenland,<\/p>\n<p>Giannoudi,Rethymno<\/p>\n<p>Kreta, Griekenland<\/p>\n<p>Telefoon: +302831042626<\/p>\n<p>Buiten bereik van kinderen houden! Alleen voor uitwendig gebruik! <\/p>\n","protected":false},"excerpt":{"rendered":"<p><span style=\"color: #000000\"><strong>Baardbalsem 100g met biologische olijfolie, balsemolie &amp; jojobaolie<\/strong><\/span><\/p>\n","protected":false},"featured_media":34183,"comment_status":"closed","ping_status":"closed","template":"","meta":[],"product_brand":[],"product_cat":[765,769,779,785,784],"product_tag":[],"class_list":{"0":"post-35051","1":"product","2":"type-product","3":"status-publish","4":"has-post-thumbnail","6":"product_cat-cosmetica","7":"product_cat-gezichtsverzorging","8":"product_cat-haarverzorging","9":"product_cat-mhd-aanbiedingen","10":"product_cat-verkoop","11":"pa_artikelnummer-259","12":"pa_kategorie-cosmetica","13":"pa_produktart-gezichtsverzorging","14":"pa_produktgewicht-100g","16":"first","17":"outofstock","18":"sale","19":"taxable","20":"shipping-taxable","21":"purchasable","22":"product-type-simple"},"_links":{"self":[{"href":"https:\/\/hellenics-original.com\/nl\/wp-json\/wp\/v2\/product\/35051","targetHints":{"allow":["GET"]}}],"collection":[{"href":"https:\/\/hellenics-original.com\/nl\/wp-json\/wp\/v2\/product"}],"about":[{"href":"https:\/\/hellenics-original.com\/nl\/wp-json\/wp\/v2\/types\/product"}],"replies":[{"embeddable":true,"href":"https:\/\/hellenics-original.com\/nl\/wp-json\/wp\/v2\/comments?post=35051"}],"version-history":[{"count":0,"href":"https:\/\/hellenics-original.com\/nl\/wp-json\/wp\/v2\/product\/35051\/revisions"}],"wp:featuredmedia":[{"embeddable":true,"href":"https:\/\/hellenics-original.com\/nl\/wp-json\/wp\/v2\/media\/34183"}],"wp:attachment":[{"href":"https:\/\/hellenics-original.com\/nl\/wp-json\/wp\/v2\/media?parent=35051"}],"wp:term":[{"taxonomy":"product_brand","embeddable":true,"href":"https:\/\/hellenics-original.com\/nl\/wp-json\/wp\/v2\/product_brand?post=35051"},{"taxonomy":"product_cat","embeddable":true,"href":"https:\/\/hellenics-original.com\/nl\/wp-json\/wp\/v2\/product_cat?post=35051"},{"taxonomy":"product_tag","embeddable":true,"href":"https:\/\/hellenics-original.com\/nl\/wp-json\/wp\/v2\/product_tag?post=35051"}],"curies":[{"name":"wp","href":"https:\/\/api.w.org\/{rel}","templated":true}]}}