{"id":35068,"date":"2023-10-26T12:07:59","date_gmt":"2023-10-26T11:07:59","guid":{"rendered":"https:\/\/hellenics-original.com\/produkt\/natuurlijke-insectenspray-met-etherische-olien-100ml\/"},"modified":"2023-10-26T12:07:59","modified_gmt":"2023-10-26T11:07:59","slug":"natuurlijke-insectenspray-met-etherische-olien-100ml","status":"publish","type":"product","link":"https:\/\/hellenics-original.com\/nl\/produkt\/natuurlijke-insectenspray-met-etherische-olien-100ml\/","title":{"rendered":"Natuurlijke insectenspray met etherische oli\u00ebn 100ml"},"content":{"rendered":"<p><span style=\"color: #000000\"><strong>Insectenspray met etherische oli\u00ebn 100ml<\/strong><\/span><\/p>\n<p><em><span style=\"color: #000000\">2in1 : Verzorging &amp; bescherming in \u00e9\u00e9n!<\/span><\/em><\/p>\n<p><em><span style=\"color: #000000\">Hydrateert en voedt de huid.<\/span><\/em><\/p>\n<p><em><span style=\"color: #000000\">Essenti\u00eble oli\u00ebn van basilicum en citronella weren muggen en knutten af.<\/span><\/em><\/p>\n<p><em>Aangename geur!<\/em><\/p>\n<p><em><span style=\"color: #000000\">Geschikt voor kinderen vanaf 3 jaar.<\/span><\/em><\/p>\n<p>Wij bieden je unieke natuurlijke cosmetica van de hoogste kwaliteit en veiligheid.<\/p>\n<p>De belangrijkste ingredi\u00ebnten in onze recepten zijn biologische olijfolie, planten, kruiden en essenti\u00eble oli\u00ebn,<\/p>\n<p>die de schoonheid en gezondheid van je huid verzorgen zoals alleen de natuur dat kan.<\/p>\n<p>Onze producten bevatten GEEN PARABENS, PARRAFINOLI\u00cbN, ZILICONEN OF MINERAALOLI\u00cbN!<\/p>\n<p>Ze zijn dermatologisch getest en bevatten kruiden- en organische extracten.<\/p>\n<p>Ze zijn NIET UITGEPRObeerd op DIEREN!<\/p>\n<p><strong><span style=\"color: #99cc00\">Je kunt ook andere geweldige producten vinden in onze online shop!<\/span><\/strong><\/p>\n<p>Rizes Griekenland,<\/p>\n<p>Giannoudi,Rethymno<\/p>\n<p>Kreta, Griekenland<\/p>\n<p>Telefoon: +302831042626<\/p>\n<p>Buiten bereik van kinderen houden! Alleen voor uitwendig gebruik! <\/p>\n","protected":false},"excerpt":{"rendered":"<p><span style=\"color: #000000\"><strong>Insectenspray met etherische oli\u00ebn 100ml<\/strong><\/span><\/p>\n","protected":false},"featured_media":34188,"comment_status":"closed","ping_status":"closed","template":"","meta":[],"product_brand":[],"product_cat":[781,765,770,780],"product_tag":[],"class_list":{"0":"post-35068","1":"product","2":"type-product","3":"status-publish","4":"has-post-thumbnail","6":"product_cat-bescherming-tegen-insecten","7":"product_cat-cosmetica","8":"product_cat-lichaamsverzorging","9":"product_cat-olien","10":"pa_artikelnummer-250","11":"pa_kategorie-cosmetica","12":"pa_produktart-bescherming-tegen-insecten","13":"pa_produktgewicht-100ml","15":"first","16":"instock","17":"taxable","18":"shipping-taxable","19":"purchasable","20":"product-type-simple"},"_links":{"self":[{"href":"https:\/\/hellenics-original.com\/nl\/wp-json\/wp\/v2\/product\/35068","targetHints":{"allow":["GET"]}}],"collection":[{"href":"https:\/\/hellenics-original.com\/nl\/wp-json\/wp\/v2\/product"}],"about":[{"href":"https:\/\/hellenics-original.com\/nl\/wp-json\/wp\/v2\/types\/product"}],"replies":[{"embeddable":true,"href":"https:\/\/hellenics-original.com\/nl\/wp-json\/wp\/v2\/comments?post=35068"}],"version-history":[{"count":0,"href":"https:\/\/hellenics-original.com\/nl\/wp-json\/wp\/v2\/product\/35068\/revisions"}],"wp:featuredmedia":[{"embeddable":true,"href":"https:\/\/hellenics-original.com\/nl\/wp-json\/wp\/v2\/media\/34188"}],"wp:attachment":[{"href":"https:\/\/hellenics-original.com\/nl\/wp-json\/wp\/v2\/media?parent=35068"}],"wp:term":[{"taxonomy":"product_brand","embeddable":true,"href":"https:\/\/hellenics-original.com\/nl\/wp-json\/wp\/v2\/product_brand?post=35068"},{"taxonomy":"product_cat","embeddable":true,"href":"https:\/\/hellenics-original.com\/nl\/wp-json\/wp\/v2\/product_cat?post=35068"},{"taxonomy":"product_tag","embeddable":true,"href":"https:\/\/hellenics-original.com\/nl\/wp-json\/wp\/v2\/product_tag?post=35068"}],"curies":[{"name":"wp","href":"https:\/\/api.w.org\/{rel}","templated":true}]}}