{"id":35075,"date":"2023-10-26T12:07:59","date_gmt":"2023-10-26T11:07:59","guid":{"rendered":"https:\/\/hellenics-original.com\/produkt\/insectenbeet-gel-met-tea-tree-olie\/"},"modified":"2023-10-26T12:07:59","modified_gmt":"2023-10-26T11:07:59","slug":"insectenbeet-gel-met-tea-tree-olie","status":"publish","type":"product","link":"https:\/\/hellenics-original.com\/nl\/produkt\/insectenbeet-gel-met-tea-tree-olie\/","title":{"rendered":"Insectenbeet gel met tea tree olie"},"content":{"rendered":"<p><span style=\"color: #000000\"><strong>Insectenbeet gel 15ml<\/strong><\/span><\/p>\n<p><span style=\"color: #000000\"><strong>Voor gebruik na de steek!<\/strong><\/span><\/p>\n<p><span style=\"color: #000000\"><em>Met tea tree olie!<\/em><\/span><\/p>\n<p><span style=\"color: #000000\"><em>Het kalmeert de jeuk en zwelling na een muggenbeet.<\/em><\/span><\/p>\n<p><span style=\"color: #000000\"><em>Niet geschikt voor kinderen jonger dan 3 jaar!<\/em><\/span><\/p>\n<p><span style=\"color: #000000\"><em>Alleen voor uitwendig gebruik!<\/em><\/span><\/p>\n<p>&nbsp;<\/p>\n<p>Wij bieden je unieke natuurlijke cosmetica van de hoogste kwaliteit en veiligheid.<\/p>\n<p>De belangrijkste ingredi\u00ebnten in onze recepten zijn biologische olijfolie, planten, kruiden en essenti\u00eble oli\u00ebn,<\/p>\n<p>die de schoonheid en gezondheid van je huid verzorgen zoals alleen de natuur dat kan.<\/p>\n<p>Onze producten bevatten GEEN PARABENS, PARRAFINOLI\u00cbN, ZILICONEN OF MINERAALOLI\u00cbN!<\/p>\n<p>Ze zijn dermatologisch getest en bevatten kruiden- en organische extracten.<\/p>\n<p>Ze zijn NIET UITGEPRObeerd op DIEREN!<\/p>\n<p><strong><span style=\"color: #99cc00\">Je kunt ook andere geweldige producten vinden in onze online shop!<\/span><\/strong><\/p>\n<p>Rizes Griekenland,<\/p>\n<p>Giannoudi,Rethymno<\/p>\n<p>Kreta, Griekenland<\/p>\n<p>Telefoon: +302831042626<\/p>\n<p>Buiten bereik van kinderen bewaren! Alleen voor uitwendig gebruik!<\/p>\n","protected":false},"excerpt":{"rendered":"<p><span style=\"color: #000000\"><strong>Insectenbeet gel met tea tree olie 15ml<\/strong><\/span><\/p>\n","protected":false},"featured_media":34190,"comment_status":"closed","ping_status":"closed","template":"","meta":[],"product_brand":[],"product_cat":[781,765],"product_tag":[],"class_list":{"0":"post-35075","1":"product","2":"type-product","3":"status-publish","4":"has-post-thumbnail","6":"product_cat-bescherming-tegen-insecten","7":"product_cat-cosmetica","8":"pa_kategorie-cosmetica","9":"pa_produktart-bescherming-tegen-insecten","10":"pa_produktgewicht-15-ml","12":"first","13":"outofstock","14":"taxable","15":"shipping-taxable","16":"purchasable","17":"product-type-simple"},"_links":{"self":[{"href":"https:\/\/hellenics-original.com\/nl\/wp-json\/wp\/v2\/product\/35075","targetHints":{"allow":["GET"]}}],"collection":[{"href":"https:\/\/hellenics-original.com\/nl\/wp-json\/wp\/v2\/product"}],"about":[{"href":"https:\/\/hellenics-original.com\/nl\/wp-json\/wp\/v2\/types\/product"}],"replies":[{"embeddable":true,"href":"https:\/\/hellenics-original.com\/nl\/wp-json\/wp\/v2\/comments?post=35075"}],"version-history":[{"count":0,"href":"https:\/\/hellenics-original.com\/nl\/wp-json\/wp\/v2\/product\/35075\/revisions"}],"wp:featuredmedia":[{"embeddable":true,"href":"https:\/\/hellenics-original.com\/nl\/wp-json\/wp\/v2\/media\/34190"}],"wp:attachment":[{"href":"https:\/\/hellenics-original.com\/nl\/wp-json\/wp\/v2\/media?parent=35075"}],"wp:term":[{"taxonomy":"product_brand","embeddable":true,"href":"https:\/\/hellenics-original.com\/nl\/wp-json\/wp\/v2\/product_brand?post=35075"},{"taxonomy":"product_cat","embeddable":true,"href":"https:\/\/hellenics-original.com\/nl\/wp-json\/wp\/v2\/product_cat?post=35075"},{"taxonomy":"product_tag","embeddable":true,"href":"https:\/\/hellenics-original.com\/nl\/wp-json\/wp\/v2\/product_tag?post=35075"}],"curies":[{"name":"wp","href":"https:\/\/api.w.org\/{rel}","templated":true}]}}