{"id":35080,"date":"2023-10-26T12:07:55","date_gmt":"2023-10-26T11:07:55","guid":{"rendered":"https:\/\/hellenics-original.com\/produkt\/zonnemelk-voor-gezicht-en-lichaam-spf-30\/"},"modified":"2023-10-26T12:07:55","modified_gmt":"2023-10-26T11:07:55","slug":"zonnemelk-voor-gezicht-en-lichaam-spf-30","status":"publish","type":"product","link":"https:\/\/hellenics-original.com\/nl\/produkt\/zonnemelk-voor-gezicht-en-lichaam-spf-30\/","title":{"rendered":"Zonnemelk voor gezicht en lichaam SPF 30"},"content":{"rendered":"<p><span style=\"color: #000000\"><strong>ZONDMELK VOOR GEZICHT &amp; BODEM (SPF 30) 200ml<\/strong><\/span><\/p>\n<p><span style=\"color: #000000\"><em>met panthenol, alo\u00eb vera en olijfbladextracten.<\/em><\/span><\/p>\n<p><span style=\"color: #000000\"><em>A zonnebrandemulsie met hoge bescherming, speciaal ontwikkeld om de huid te hydrateren en te beschermen tegen zonlicht.<\/em><\/span><\/p>\n<p><span style=\"color: #000000\"><em>Panthenol in combinatie met hyaluronzuur biedt verzorging bij blootstelling aan de zon.<\/em><\/span><\/p>\n<p><span style=\"color: #000000\"><em>De antioxiderende eigenschappen van olijfbladextracten gaan het optreden van vrije radicalen tegen.<\/em><\/span><\/p>\n<p><span style=\"color: #000000\"><em>Daarnaast verbetert alo\u00eb vera de stevigheid van de opperhuid als krachtige vochtinbrengende factor.<\/em><\/span><\/p>\n<p><span style=\"color: #000000\"><em>en biedt onmiddellijke hydratatie en effectieve bescherming van de huid met een zachte<\/em><\/span><\/p>\n<p><span style=\"color: #000000\"><em>en zijdezacht gevoel dat lang aanhoudt.<\/em><\/span><\/p>\n<p><span style=\"color: #000000\"><em>Zonbescherming en verzorging in \u00e9\u00e9n!<\/em><\/span><\/p>\n<p>&nbsp;<\/p>\n<p>Ben je op zoek naar een leuk cadeau voor je dierbaren? Dan hebben we een mooie selectie kant-en-klare cosmetica cadeausets voor je. <\/p>\n<p>Wij bieden je unieke natuurlijke cosmetica van de hoogste kwaliteit en veiligheid.<\/p>\n<p>De belangrijkste ingredi\u00ebnten in onze recepten zijn biologische olijfolie, planten, kruiden en essenti\u00eble oli\u00ebn,<\/p>\n<p>die de schoonheid en gezondheid van je huid verzorgen zoals alleen de natuur dat kan.<\/p>\n<p>Onze producten bevatten GEEN PARABENS, PARRAFINOLI\u00cbN, ZILICONEN OF MINERAALOLI\u00cbN!<\/p>\n<p>Ze zijn dermatologisch getest en bevatten kruiden- en organische extracten.<\/p>\n<p>Ze zijn NIET UITGEPRObeerd op DIEREN!<\/p>\n<p><strong><span style=\"color: #99cc00\">Je kunt ook andere geweldige producten vinden in onze online shop!<\/span><\/strong><\/p>\n<p>Rizes Griekenland,<\/p>\n<p>Giannoudi,Rethymno<\/p>\n<p>Kreta, Griekenland<\/p>\n<p>Telefoon: +302831042626<\/p>\n<p>Buiten bereik van kinderen houden! Alleen voor uitwendig gebruik! <\/p>\n","protected":false},"excerpt":{"rendered":"<p>Zonnebrandmelk voor gezicht en lichaam SPF 30<\/p>\n","protected":false},"featured_media":34204,"comment_status":"closed","ping_status":"closed","template":"","meta":[],"product_brand":[],"product_cat":[771,765,770],"product_tag":[],"class_list":{"0":"post-35080","1":"product","2":"type-product","3":"status-publish","4":"has-post-thumbnail","6":"product_cat-bescherming-tegen-de-zon","7":"product_cat-cosmetica","8":"product_cat-lichaamsverzorging","9":"pa_artikelnummer-222","10":"pa_kategorie-cosmetica","11":"pa_produktart-bescherming-tegen-de-zon","12":"pa_produktgewicht-200-ml","14":"first","15":"instock","16":"taxable","17":"shipping-taxable","18":"purchasable","19":"product-type-simple"},"_links":{"self":[{"href":"https:\/\/hellenics-original.com\/nl\/wp-json\/wp\/v2\/product\/35080","targetHints":{"allow":["GET"]}}],"collection":[{"href":"https:\/\/hellenics-original.com\/nl\/wp-json\/wp\/v2\/product"}],"about":[{"href":"https:\/\/hellenics-original.com\/nl\/wp-json\/wp\/v2\/types\/product"}],"replies":[{"embeddable":true,"href":"https:\/\/hellenics-original.com\/nl\/wp-json\/wp\/v2\/comments?post=35080"}],"version-history":[{"count":0,"href":"https:\/\/hellenics-original.com\/nl\/wp-json\/wp\/v2\/product\/35080\/revisions"}],"wp:featuredmedia":[{"embeddable":true,"href":"https:\/\/hellenics-original.com\/nl\/wp-json\/wp\/v2\/media\/34204"}],"wp:attachment":[{"href":"https:\/\/hellenics-original.com\/nl\/wp-json\/wp\/v2\/media?parent=35080"}],"wp:term":[{"taxonomy":"product_brand","embeddable":true,"href":"https:\/\/hellenics-original.com\/nl\/wp-json\/wp\/v2\/product_brand?post=35080"},{"taxonomy":"product_cat","embeddable":true,"href":"https:\/\/hellenics-original.com\/nl\/wp-json\/wp\/v2\/product_cat?post=35080"},{"taxonomy":"product_tag","embeddable":true,"href":"https:\/\/hellenics-original.com\/nl\/wp-json\/wp\/v2\/product_tag?post=35080"}],"curies":[{"name":"wp","href":"https:\/\/api.w.org\/{rel}","templated":true}]}}