{"id":35118,"date":"2023-11-14T12:26:46","date_gmt":"2023-11-14T11:26:46","guid":{"rendered":"https:\/\/hellenics-original.com\/produkt\/24h-gezichtscreme-met-cannabis-sativa-olie-50ml\/"},"modified":"2023-11-14T12:26:46","modified_gmt":"2023-11-14T11:26:46","slug":"24h-gezichtscreme-met-cannabis-sativa-olie-50ml","status":"publish","type":"product","link":"https:\/\/hellenics-original.com\/nl\/produkt\/24h-gezichtscreme-met-cannabis-sativa-olie-50ml\/","title":{"rendered":"24h gezichtscr\u00e8me met cannabis sativa olie 50ml"},"content":{"rendered":"<p><span style=\"color: #000000\"><strong>24h gezichtscr\u00e8me met cannabis sativa olie 50ml<\/strong><\/span><\/p>\n<p><em><span style=\"color: #000000\">Cannabis sativa zaadolie wordt geperst uit de zaden van de hennepplant,<\/span><\/em><\/p>\n<p><em><span style=\"color: #000000\">om een zoete olie te produceren.<\/span><\/em><\/p>\n<p><em><span style=\"color: #000000\">Het wordt beschouwd als een van de meest voedzame oli\u00ebn.<\/span><\/em><\/p>\n<p><em><span style=\"color: #000000\">en het gebruik ervan voor verschillende medische en cosmetische doeleinden<\/span><\/em><\/p>\n<p><em><span style=\"color: #000000\">kan teruggevoerd worden tot 4000 voor Christus in China.<\/span><\/em><\/p>\n<p>Ben je op zoek naar een leuk cadeau voor je dierbaren? Dan hebben we een mooie selectie kant-en-klare cosmetica cadeausets voor je. <\/p>\n<p>Wij bieden je unieke natuurlijke cosmetica van de hoogste kwaliteit en veiligheid.<\/p>\n<p>De belangrijkste ingredi\u00ebnten in onze recepten zijn biologische olijfolie, planten, kruiden en essenti\u00eble oli\u00ebn,<\/p>\n<p>die de schoonheid en gezondheid van je huid verzorgen zoals alleen de natuur dat kan.<\/p>\n<p>Onze producten bevatten GEEN PARABENS, PARRAFINOLI\u00cbN, ZILICONEN OF MINERAALOLI\u00cbN!<\/p>\n<p>Ze zijn dermatologisch getest en bevatten kruiden- en organische extracten.<\/p>\n<p>Ze zijn NIET UITGEPRObeerd op DIEREN!<\/p>\n<p><strong><span style=\"color: #99cc00\">Je kunt ook andere geweldige producten vinden in onze online shop!<\/span><\/strong><\/p>\n<p>Kollectiva, Fotinatos B. Konstantinos<\/p>\n<p>Promitheos 2, 16346 Ilioupolis,<\/p>\n<p>Athene, Griekenland<\/p>\n<p>Telefoon: +302109739617<\/p>\n","protected":false},"excerpt":{"rendered":"<p><strong>24h gezichtscr\u00e8me met cannabis sativa olie 50ml<\/strong><\/p>\n","protected":false},"featured_media":33797,"comment_status":"closed","ping_status":"closed","template":"","meta":[],"product_brand":[],"product_cat":[765,769,770],"product_tag":[],"class_list":{"0":"post-35118","1":"product","2":"type-product","3":"status-publish","4":"has-post-thumbnail","6":"product_cat-cosmetica","7":"product_cat-gezichtsverzorging","8":"product_cat-lichaamsverzorging","9":"pa_kategorie-cosmetica","10":"pa_produktart-lichaamsverzorging","11":"pa_produktgewicht-50-ml","13":"first","14":"instock","15":"taxable","16":"shipping-taxable","17":"purchasable","18":"product-type-simple"},"_links":{"self":[{"href":"https:\/\/hellenics-original.com\/nl\/wp-json\/wp\/v2\/product\/35118","targetHints":{"allow":["GET"]}}],"collection":[{"href":"https:\/\/hellenics-original.com\/nl\/wp-json\/wp\/v2\/product"}],"about":[{"href":"https:\/\/hellenics-original.com\/nl\/wp-json\/wp\/v2\/types\/product"}],"replies":[{"embeddable":true,"href":"https:\/\/hellenics-original.com\/nl\/wp-json\/wp\/v2\/comments?post=35118"}],"version-history":[{"count":0,"href":"https:\/\/hellenics-original.com\/nl\/wp-json\/wp\/v2\/product\/35118\/revisions"}],"wp:featuredmedia":[{"embeddable":true,"href":"https:\/\/hellenics-original.com\/nl\/wp-json\/wp\/v2\/media\/33797"}],"wp:attachment":[{"href":"https:\/\/hellenics-original.com\/nl\/wp-json\/wp\/v2\/media?parent=35118"}],"wp:term":[{"taxonomy":"product_brand","embeddable":true,"href":"https:\/\/hellenics-original.com\/nl\/wp-json\/wp\/v2\/product_brand?post=35118"},{"taxonomy":"product_cat","embeddable":true,"href":"https:\/\/hellenics-original.com\/nl\/wp-json\/wp\/v2\/product_cat?post=35118"},{"taxonomy":"product_tag","embeddable":true,"href":"https:\/\/hellenics-original.com\/nl\/wp-json\/wp\/v2\/product_tag?post=35118"}],"curies":[{"name":"wp","href":"https:\/\/api.w.org\/{rel}","templated":true}]}}