{"id":35125,"date":"2023-11-13T13:17:07","date_gmt":"2023-11-13T12:17:07","guid":{"rendered":"https:\/\/hellenics-original.com\/produkt\/body-lotion-olijf-aloevera-250ml\/"},"modified":"2023-11-13T13:17:07","modified_gmt":"2023-11-13T12:17:07","slug":"body-lotion-olijf-aloevera-250ml","status":"publish","type":"product","link":"https:\/\/hellenics-original.com\/nl\/produkt\/body-lotion-olijf-aloevera-250ml\/","title":{"rendered":"Body Lotion Olijf Alo\u00ebVera 250ml"},"content":{"rendered":"<p><span style=\"color: #000000\"><strong>Lichaamslotion Alo\u00ebVera 250ml<\/strong><\/span><\/p>\n<p><span style=\"color: #000000\"><em>Natuurlijke lichaamsmelk met biologische alo\u00eb vera,  <\/em><\/span><\/p>\n<p><span style=\"color: #000000\"><em>die je huid intensief hydrateert  <\/em><\/span><\/p>\n<p><span style=\"color: #000000\"><em>en is bijzonder geschikt voor de gestreste huid.<\/em><\/span><\/p>\n<p><span style=\"color: #000000\"><em>Het olijfextract verzacht de huid en verbetert de elasticiteit.<\/em><\/span><\/p>\n<p><span style=\"color: #000000\"><em>Geschikt voor alle huidtypes.<\/em><\/span><\/p>\n<p><span style=\"color: #000000\"><em>In een praktische pompdispenser.<\/em><\/span><\/p>\n<p><span style=\"color: #000000\"><em>Snel opgenomen.<\/em><\/span><\/p>\n<p>&nbsp;<\/p>\n<p>Ben je op zoek naar een leuk cadeau voor je dierbaren? Dan hebben we een mooie selectie kant-en-klare cosmetica cadeausets voor je. <\/p>\n<p>Wij bieden je unieke natuurlijke cosmetica van de hoogste kwaliteit en veiligheid.<\/p>\n<p>De belangrijkste ingredi\u00ebnten in onze recepten zijn biologische olijfolie, planten, kruiden en essenti\u00eble oli\u00ebn,<\/p>\n<p>die de schoonheid en gezondheid van je huid verzorgen zoals alleen de natuur dat kan.<\/p>\n<p>Onze producten bevatten GEEN PARABENS, PARRAFINOLI\u00cbN, ZILICONEN OF MINERAALOLI\u00cbN!<\/p>\n<p>Ze zijn dermatologisch getest en bevatten kruiden- en organische extracten.<\/p>\n<p>Ze zijn NIET UITGEPRObeerd op DIEREN!<\/p>\n<p><strong><span style=\"color: #99cc00\">Je kunt ook andere geweldige producten vinden in onze online shop!<\/span><\/strong><\/p>\n<p>Rizes Griekenland,<\/p>\n<p>Giannoudi,Rethymno<\/p>\n<p>Kreta, Griekenland<\/p>\n<p>Telefoon: +302831042626<\/p>\n<p>Buiten bereik van kinderen houden! Alleen voor uitwendig gebruik! <\/p>\n","protected":false},"excerpt":{"rendered":"<p><strong>Lichaamslotion Alo\u00ebVera 250ml<\/strong><\/p>\n","protected":false},"featured_media":33789,"comment_status":"closed","ping_status":"closed","template":"","meta":[],"product_brand":[],"product_cat":[765,770],"product_tag":[],"class_list":{"0":"post-35125","1":"product","2":"type-product","3":"status-publish","4":"has-post-thumbnail","6":"product_cat-cosmetica","7":"product_cat-lichaamsverzorging","8":"pa_artikelnummer-329","9":"pa_kategorie-cosmetica","10":"pa_produktart-lichaamsverzorging","11":"pa_produktgewicht-250-ml","13":"first","14":"instock","15":"taxable","16":"shipping-taxable","17":"purchasable","18":"product-type-simple"},"_links":{"self":[{"href":"https:\/\/hellenics-original.com\/nl\/wp-json\/wp\/v2\/product\/35125","targetHints":{"allow":["GET"]}}],"collection":[{"href":"https:\/\/hellenics-original.com\/nl\/wp-json\/wp\/v2\/product"}],"about":[{"href":"https:\/\/hellenics-original.com\/nl\/wp-json\/wp\/v2\/types\/product"}],"replies":[{"embeddable":true,"href":"https:\/\/hellenics-original.com\/nl\/wp-json\/wp\/v2\/comments?post=35125"}],"version-history":[{"count":0,"href":"https:\/\/hellenics-original.com\/nl\/wp-json\/wp\/v2\/product\/35125\/revisions"}],"wp:featuredmedia":[{"embeddable":true,"href":"https:\/\/hellenics-original.com\/nl\/wp-json\/wp\/v2\/media\/33789"}],"wp:attachment":[{"href":"https:\/\/hellenics-original.com\/nl\/wp-json\/wp\/v2\/media?parent=35125"}],"wp:term":[{"taxonomy":"product_brand","embeddable":true,"href":"https:\/\/hellenics-original.com\/nl\/wp-json\/wp\/v2\/product_brand?post=35125"},{"taxonomy":"product_cat","embeddable":true,"href":"https:\/\/hellenics-original.com\/nl\/wp-json\/wp\/v2\/product_cat?post=35125"},{"taxonomy":"product_tag","embeddable":true,"href":"https:\/\/hellenics-original.com\/nl\/wp-json\/wp\/v2\/product_tag?post=35125"}],"curies":[{"name":"wp","href":"https:\/\/api.w.org\/{rel}","templated":true}]}}