{"id":35132,"date":"2023-11-13T13:11:31","date_gmt":"2023-11-13T12:11:31","guid":{"rendered":"https:\/\/hellenics-original.com\/produkt\/body-lotion-olijf-jasmijn-250ml\/"},"modified":"2023-11-13T13:11:31","modified_gmt":"2023-11-13T12:11:31","slug":"body-lotion-olijf-jasmijn-250ml","status":"publish","type":"product","link":"https:\/\/hellenics-original.com\/nl\/produkt\/body-lotion-olijf-jasmijn-250ml\/","title":{"rendered":"Body Lotion Olijf Jasmijn 250ml"},"content":{"rendered":"<p><span style=\"color: #000000\"><strong>Bodylotion met olijfolie en jasmijn 250ml<\/strong><\/span><\/p>\n<p><em><span style=\"color: #000000\">Hydraterende bodylotion met  <\/span><\/em><\/p>\n<p><em><span style=\"color: #000000\">Jasmijnextract, olijfextract, vitamine A&amp;E,<\/span><\/em><\/p>\n<p><em><span style=\"color: #000000\">die het lichaam intensief verzorgt en een gevoel van welzijn en euforie geeft.<\/span><\/em><\/p>\n<p><em><span style=\"color: #000000\">Biologisch olijfextract en jasmijnextract hydrateren de huid,  <\/span><\/em><\/p>\n<p><em><span style=\"color: #000000\">Maakt de huid gladder en verbetert haar elasticiteit<\/span><\/em><\/p>\n<p><em><span style=\"color: #000000\">Geschikt voor alle huidtypes.<\/span><\/em><\/p>\n<p><em><span style=\"color: #000000\">In een praktische pompdispenser.<\/span><\/em><\/p>\n<p><em><span style=\"color: #000000\">Snel opgenomen.<\/span><\/em><\/p>\n<p>&nbsp;<\/p>\n<p>Ben je op zoek naar een leuk cadeau voor je dierbaren? Dan hebben we een mooie selectie kant-en-klare cosmetica cadeausets voor je. <\/p>\n<p>Wij bieden je unieke natuurlijke cosmetica van de hoogste kwaliteit en veiligheid.<\/p>\n<p>De belangrijkste ingredi\u00ebnten in onze recepten zijn biologische olijfolie, planten, kruiden en essenti\u00eble oli\u00ebn,<\/p>\n<p>die de schoonheid en gezondheid van je huid verzorgen zoals alleen de natuur dat kan.<\/p>\n<p>Onze producten bevatten GEEN PARABENS, PARRAFINOLI\u00cbN, ZILICONEN OF MINERAALOLI\u00cbN!<\/p>\n<p>Ze zijn dermatologisch getest en bevatten kruiden- en organische extracten.<\/p>\n<p>Ze zijn NIET UITGEPRObeerd op DIEREN!<\/p>\n<p><strong><span style=\"color: #99cc00\">Je kunt ook andere geweldige producten vinden in onze online shop!<\/span><\/strong><\/p>\n<p>Rizes Griekenland,<\/p>\n<p>Giannoudi,Rethymno<\/p>\n<p>Kreta, Griekenland<\/p>\n<p>Telefoon: +302831042626<\/p>\n<p>Buiten bereik van kinderen houden! Alleen voor uitwendig gebruik! <\/p>\n","protected":false},"excerpt":{"rendered":"<p><span style=\"color: #000000\"><strong>Bodylotion met olijfolie en jasmijn 250ml<\/strong><\/span><\/p>\n","protected":false},"featured_media":34270,"comment_status":"closed","ping_status":"closed","template":"","meta":[],"product_brand":[],"product_cat":[765,770],"product_tag":[],"class_list":{"0":"post-35132","1":"product","2":"type-product","3":"status-publish","4":"has-post-thumbnail","6":"product_cat-cosmetica","7":"product_cat-lichaamsverzorging","8":"pa_artikelnummer-329","9":"pa_kategorie-cosmetica","10":"pa_produktart-lichaamsverzorging","11":"pa_produktgewicht-250-ml","13":"first","14":"instock","15":"taxable","16":"shipping-taxable","17":"purchasable","18":"product-type-simple"},"_links":{"self":[{"href":"https:\/\/hellenics-original.com\/nl\/wp-json\/wp\/v2\/product\/35132","targetHints":{"allow":["GET"]}}],"collection":[{"href":"https:\/\/hellenics-original.com\/nl\/wp-json\/wp\/v2\/product"}],"about":[{"href":"https:\/\/hellenics-original.com\/nl\/wp-json\/wp\/v2\/types\/product"}],"replies":[{"embeddable":true,"href":"https:\/\/hellenics-original.com\/nl\/wp-json\/wp\/v2\/comments?post=35132"}],"version-history":[{"count":0,"href":"https:\/\/hellenics-original.com\/nl\/wp-json\/wp\/v2\/product\/35132\/revisions"}],"wp:featuredmedia":[{"embeddable":true,"href":"https:\/\/hellenics-original.com\/nl\/wp-json\/wp\/v2\/media\/34270"}],"wp:attachment":[{"href":"https:\/\/hellenics-original.com\/nl\/wp-json\/wp\/v2\/media?parent=35132"}],"wp:term":[{"taxonomy":"product_brand","embeddable":true,"href":"https:\/\/hellenics-original.com\/nl\/wp-json\/wp\/v2\/product_brand?post=35132"},{"taxonomy":"product_cat","embeddable":true,"href":"https:\/\/hellenics-original.com\/nl\/wp-json\/wp\/v2\/product_cat?post=35132"},{"taxonomy":"product_tag","embeddable":true,"href":"https:\/\/hellenics-original.com\/nl\/wp-json\/wp\/v2\/product_tag?post=35132"}],"curies":[{"name":"wp","href":"https:\/\/api.w.org\/{rel}","templated":true}]}}