{"id":35135,"date":"2023-11-14T11:15:32","date_gmt":"2023-11-14T10:15:32","guid":{"rendered":"https:\/\/hellenics-original.com\/produkt\/bodyboter-met-olijf-ezelinnenmelk-200ml\/"},"modified":"2023-11-14T11:15:32","modified_gmt":"2023-11-14T10:15:32","slug":"bodyboter-met-olijf-ezelinnenmelk-200ml","status":"publish","type":"product","link":"https:\/\/hellenics-original.com\/nl\/produkt\/bodyboter-met-olijf-ezelinnenmelk-200ml\/","title":{"rendered":"Bodyboter met olijf- &amp; ezelinnenmelk 200ml"},"content":{"rendered":"<p><span style=\"color: #000000\"><strong>Bodyboter met olijven &amp; ezelinnenmelk 200ml<\/strong><\/span><\/p>\n<p><span style=\"color: #000000\"><em>Een delicate textuur, gemaakt van rijke olijfolie en ezelinnenmelk.<\/em><\/span><\/p>\n<p><span style=\"color: #000000\"><em>Er wordt gezegd dat koningin Cleopatra in het oude Egypte een bad nam in ezelinnenmelk,<\/em><\/span><\/p>\n<p><span style=\"color: #000000\"><em>om de schoonheid en jeugdigheid van je huid te behouden.<\/em><\/span><\/p>\n<p><span style=\"color: #000000\"><em>Ezelinnenmelk komt het dichtst in de buurt van moedermelk, met een opmerkelijk lage vetratio<\/em><\/span><\/p>\n<p><span style=\"color: #000000\"><em>en een hoog lactosegehalte. Er wordt algemeen aangenomen dat ezelinnenmelk rimpels in het gezicht vermindert, de huid verzacht en haar wit behoudt. <\/em><\/span><\/p>\n<p><span style=\"color: #000000\"><em>Olijfolie bevat vier belangrijke antioxidanten die ervoor zorgen dat het<\/em><\/span><\/p>\n<p><span style=\"color: #000000\"><em>werkt als reiniger, vochtinbrenger en huidbeschermer.<\/em><\/span><\/p>\n<p><span style=\"color: #000000\"><em>Deze antioxidanten zijn onder andere vitamine A en vitamine E.<\/em><\/span><\/p>\n<p><span style=\"color: #000000\"><em>Vitamine E is gedeeltelijk verantwoordelijk voor de anti-verouderingsvoordelen van deze stoffen,<\/em><\/span><\/p>\n<p><span style=\"color: #000000\"><em>omdat het de elasticiteit van de huid helpt herstellen.<\/em><\/span><\/p>\n<p>&nbsp;<\/p>\n<p>Ben je op zoek naar een leuk cadeau voor je dierbaren? Dan hebben we een mooie selectie kant-en-klare cosmetica cadeausets voor je. <\/p>\n<p>Wij bieden je unieke natuurlijke cosmetica van de hoogste kwaliteit en veiligheid.<\/p>\n<p>De belangrijkste ingredi\u00ebnten in onze recepten zijn biologische olijfolie, planten, kruiden en essenti\u00eble oli\u00ebn,<\/p>\n<p>die de schoonheid en gezondheid van je huid verzorgen zoals alleen de natuur dat kan.<\/p>\n<p>Onze producten bevatten GEEN PARABENS, PARRAFINOLI\u00cbN, ZILICONEN OF MINERAALOLI\u00cbN!<\/p>\n<p>Ze zijn dermatologisch getest en bevatten kruiden- en organische extracten.<\/p>\n<p>Ze zijn NIET UITGEPRObeerd op DIEREN!<\/p>\n<p><strong><span style=\"color: #99cc00\">Je kunt ook andere geweldige producten vinden in onze online shop!<\/span><\/strong><\/p>\n<p>Kollectiva, Fotinatos B. Konstantinos<\/p>\n<p>Agios Dimitrios, 17342,<\/p>\n<p>Athene, Griekenland<\/p>\n<p>Telefoon: +302109739617<\/p>\n<p>Alleen voor uitwendig gebruik! Buiten bereik van kinderen houden! <\/p>\n","protected":false},"excerpt":{"rendered":"<p>Ezelinnenmelk body butter \/ 200ml<\/p>\n","protected":false},"featured_media":35137,"comment_status":"closed","ping_status":"closed","template":"","meta":[],"product_brand":[],"product_cat":[765,770],"product_tag":[],"class_list":{"0":"post-35135","1":"product","2":"type-product","3":"status-publish","4":"has-post-thumbnail","6":"product_cat-cosmetica","7":"product_cat-lichaamsverzorging","8":"pa_kategorie-cosmetica","9":"pa_produktart-lichaamsverzorging","10":"pa_produktgewicht-200-ml","12":"first","13":"instock","14":"taxable","15":"shipping-taxable","16":"purchasable","17":"product-type-simple"},"_links":{"self":[{"href":"https:\/\/hellenics-original.com\/nl\/wp-json\/wp\/v2\/product\/35135","targetHints":{"allow":["GET"]}}],"collection":[{"href":"https:\/\/hellenics-original.com\/nl\/wp-json\/wp\/v2\/product"}],"about":[{"href":"https:\/\/hellenics-original.com\/nl\/wp-json\/wp\/v2\/types\/product"}],"replies":[{"embeddable":true,"href":"https:\/\/hellenics-original.com\/nl\/wp-json\/wp\/v2\/comments?post=35135"}],"version-history":[{"count":0,"href":"https:\/\/hellenics-original.com\/nl\/wp-json\/wp\/v2\/product\/35135\/revisions"}],"wp:featuredmedia":[{"embeddable":true,"href":"https:\/\/hellenics-original.com\/nl\/wp-json\/wp\/v2\/media\/35137"}],"wp:attachment":[{"href":"https:\/\/hellenics-original.com\/nl\/wp-json\/wp\/v2\/media?parent=35135"}],"wp:term":[{"taxonomy":"product_brand","embeddable":true,"href":"https:\/\/hellenics-original.com\/nl\/wp-json\/wp\/v2\/product_brand?post=35135"},{"taxonomy":"product_cat","embeddable":true,"href":"https:\/\/hellenics-original.com\/nl\/wp-json\/wp\/v2\/product_cat?post=35135"},{"taxonomy":"product_tag","embeddable":true,"href":"https:\/\/hellenics-original.com\/nl\/wp-json\/wp\/v2\/product_tag?post=35135"}],"curies":[{"name":"wp","href":"https:\/\/api.w.org\/{rel}","templated":true}]}}