{"id":35252,"date":"2023-11-14T11:22:10","date_gmt":"2023-11-14T10:22:10","guid":{"rendered":"https:\/\/hellenics-original.com\/produkt\/hand-en-voetcreme-met-ezelinnenmelk\/"},"modified":"2023-11-14T11:22:10","modified_gmt":"2023-11-14T10:22:10","slug":"hand-en-voetcreme-met-ezelinnenmelk","status":"publish","type":"product","link":"https:\/\/hellenics-original.com\/nl\/produkt\/hand-en-voetcreme-met-ezelinnenmelk\/","title":{"rendered":"Hand- en voetcr\u00e8me met ezelinnenmelk"},"content":{"rendered":"<p><span style=\"color: #000000\"><strong>Hand- &amp; voetcr\u00e8me met ezelinnenmelk 150ml<\/strong><\/span><\/p>\n<p><em><span style=\"color: #000000\">Een delicate textuur, gemaakt van rijke olijfolie en ezelinnenmelk.<\/span><\/em><\/p>\n<p><em><span style=\"color: #000000\">Er wordt gezegd dat koningin Cleopatra in het oude Egypte een bad nam in ezelinnenmelk,<\/span><\/em><\/p>\n<p><em><span style=\"color: #000000\">om de schoonheid en jeugdigheid van je huid te behouden.<\/span><\/em><\/p>\n<p><em><span style=\"color: #000000\">Ezelinnenmelk komt het dichtst in de buurt van moedermelk, met een opmerkelijk lage vetratio<\/span><\/em><\/p>\n<p><em><span style=\"color: #000000\">en een hoog lactosegehalte. Er wordt algemeen aangenomen dat ezelinnenmelk rimpels in het gezicht vermindert, de huid verzacht en haar wit behoudt. <\/span><\/em><\/p>\n<p><em><span style=\"color: #000000\">Olijfolie bevat vier belangrijke antioxidanten die ervoor zorgen dat het<\/span><\/em><\/p>\n<p><em><span style=\"color: #000000\">werkt als reiniger, vochtinbrenger en huidbeschermer.<\/span><\/em><\/p>\n<p><em><span style=\"color: #000000\">Deze antioxidanten zijn onder andere vitamine A en vitamine E.<\/span><\/em><\/p>\n<p><em><span style=\"color: #000000\">Vitamine E is gedeeltelijk verantwoordelijk voor de anti-verouderingsvoordelen van deze stoffen,<\/span><\/em><\/p>\n<p><em><span style=\"color: #000000\">omdat het de elasticiteit van de huid helpt herstellen.<\/span><\/em><\/p>\n<p>&nbsp;<\/p>\n<p>Ben je op zoek naar een leuk cadeau voor je dierbaren? Dan hebben we een mooie selectie kant-en-klare cosmetica cadeausets voor je. <\/p>\n<p>Wij bieden je unieke natuurlijke cosmetica van de hoogste kwaliteit en veiligheid.<\/p>\n<p>De belangrijkste ingredi\u00ebnten in onze recepten zijn biologische olijfolie, planten, kruiden en essenti\u00eble oli\u00ebn,<\/p>\n<p>die de schoonheid en gezondheid van je huid verzorgen zoals alleen de natuur dat kan.<\/p>\n<p>Onze producten bevatten GEEN PARABENS, PARRAFINOLI\u00cbN, ZILICONEN OF MINERAALOLI\u00cbN!<\/p>\n<p>Ze zijn dermatologisch getest en bevatten kruiden- en organische extracten.<\/p>\n<p>Ze zijn NIET UITGEPRObeerd op DIEREN!<\/p>\n<p><strong><span style=\"color: #99cc00\">Je kunt ook andere geweldige producten vinden in onze online shop!<\/span><\/strong><\/p>\n<p>Kollectiva, Fotinatos B. Konstantinos<\/p>\n<p>Agios Dimitrios, 17342,<\/p>\n<p>Athene, Griekenland<\/p>\n<p>Telefoon: +302109739617<\/p>\n<p>Alleen voor uitwendig gebruik! Buiten bereik van kinderen houden! <\/p>\n","protected":false},"excerpt":{"rendered":"<p>Hand &amp; Voetcr\u00e8me Ezelinnenmelk \/ 150ml<\/p>\n","protected":false},"featured_media":35253,"comment_status":"closed","ping_status":"closed","template":"","meta":[],"product_brand":[],"product_cat":[765,770],"product_tag":[],"class_list":{"0":"post-35252","1":"product","2":"type-product","3":"status-publish","4":"has-post-thumbnail","6":"product_cat-cosmetica","7":"product_cat-lichaamsverzorging","8":"pa_kategorie-cosmetica","9":"pa_produktart-lichaamsverzorging","10":"pa_produktgewicht-150-ml","12":"first","13":"instock","14":"taxable","15":"shipping-taxable","16":"purchasable","17":"product-type-simple"},"_links":{"self":[{"href":"https:\/\/hellenics-original.com\/nl\/wp-json\/wp\/v2\/product\/35252","targetHints":{"allow":["GET"]}}],"collection":[{"href":"https:\/\/hellenics-original.com\/nl\/wp-json\/wp\/v2\/product"}],"about":[{"href":"https:\/\/hellenics-original.com\/nl\/wp-json\/wp\/v2\/types\/product"}],"replies":[{"embeddable":true,"href":"https:\/\/hellenics-original.com\/nl\/wp-json\/wp\/v2\/comments?post=35252"}],"version-history":[{"count":0,"href":"https:\/\/hellenics-original.com\/nl\/wp-json\/wp\/v2\/product\/35252\/revisions"}],"wp:featuredmedia":[{"embeddable":true,"href":"https:\/\/hellenics-original.com\/nl\/wp-json\/wp\/v2\/media\/35253"}],"wp:attachment":[{"href":"https:\/\/hellenics-original.com\/nl\/wp-json\/wp\/v2\/media?parent=35252"}],"wp:term":[{"taxonomy":"product_brand","embeddable":true,"href":"https:\/\/hellenics-original.com\/nl\/wp-json\/wp\/v2\/product_brand?post=35252"},{"taxonomy":"product_cat","embeddable":true,"href":"https:\/\/hellenics-original.com\/nl\/wp-json\/wp\/v2\/product_cat?post=35252"},{"taxonomy":"product_tag","embeddable":true,"href":"https:\/\/hellenics-original.com\/nl\/wp-json\/wp\/v2\/product_tag?post=35252"}],"curies":[{"name":"wp","href":"https:\/\/api.w.org\/{rel}","templated":true}]}}