{"id":35260,"date":"2023-10-26T12:07:55","date_gmt":"2023-10-26T11:07:55","guid":{"rendered":"https:\/\/hellenics-original.com\/produkt\/zonnebeschermingscreme-voor-gezicht-decollete-spf-50\/"},"modified":"2023-10-26T12:07:55","modified_gmt":"2023-10-26T11:07:55","slug":"zonnebeschermingscreme-voor-gezicht-decollete-spf-50","status":"publish","type":"product","link":"https:\/\/hellenics-original.com\/nl\/produkt\/zonnebeschermingscreme-voor-gezicht-decollete-spf-50\/","title":{"rendered":"Zonnebeschermingscr\u00e8me voor gezicht &amp; decollet\u00e9 SPF 50+"},"content":{"rendered":"<p><span style=\"color: #000000\"><strong>Zonnebeschermingscr\u00e8me voor het gezicht (SPF 50) 50ml<\/strong><\/span><\/p>\n<p><em><span style=\"color: #000000\">Zonnebrandcr\u00e8me die speciaal is ontwikkeld,<\/span><\/em><\/p>\n<p><em><span style=\"color: #000000\">om je gezicht te hydrateren en te beschermen tegen zonlicht.<\/span><\/em><\/p>\n<p><em><span style=\"color: #000000\">Hyaluronzuur heeft een hydraterend en verouderingsremmend effect op de huid.<\/span><\/em><\/p>\n<p><em><span style=\"color: #000000\">Bevat panthenol, alo\u00eb vera en olijfbladextract, zodat je niet alleen perfect beschermd bent tegen de zon, maar tegelijkertijd ook je huid verzorgt!<\/span><\/em><\/p>\n<p>&nbsp;<\/p>\n<p>Ben je op zoek naar een leuk cadeau voor je dierbaren? Dan hebben we een mooie selectie kant-en-klare cosmetica cadeausets voor je. <\/p>\n<p>Wij bieden je unieke natuurlijke cosmetica van de hoogste kwaliteit en veiligheid.<\/p>\n<p>De belangrijkste ingredi\u00ebnten in onze recepten zijn biologische olijfolie, planten, kruiden en essenti\u00eble oli\u00ebn,<\/p>\n<p>die de schoonheid en gezondheid van je huid verzorgen zoals alleen de natuur dat kan.<\/p>\n<p>Onze producten bevatten GEEN PARABENS, PARRAFINOLI\u00cbN, ZILICONEN OF MINERAALOLI\u00cbN!<\/p>\n<p>Ze zijn dermatologisch getest en bevatten kruiden- en organische extracten.<\/p>\n<p>Ze zijn NIET UITGEPRObeerd op DIEREN!<\/p>\n<p><strong><span style=\"color: #99cc00\">Je kunt ook andere geweldige producten vinden in onze online shop!<\/span><\/strong><\/p>\n<p>Rizes Griekenland,<\/p>\n<p>Giannoudi,Rethymno<\/p>\n<p>Kreta, Griekenland<\/p>\n<p>Telefoon: +302831042626<\/p>\n<p>Buiten bereik van kinderen houden! Alleen voor uitwendig gebruik! <\/p>\n","protected":false},"excerpt":{"rendered":"<p>zonnebrandcr\u00e8me voor het gezicht SPF 50+ \/50ml<\/p>\n","protected":false},"featured_media":34205,"comment_status":"closed","ping_status":"closed","template":"","meta":[],"product_brand":[],"product_cat":[771,765,769,770],"product_tag":[],"class_list":{"0":"post-35260","1":"product","2":"type-product","3":"status-publish","4":"has-post-thumbnail","6":"product_cat-bescherming-tegen-de-zon","7":"product_cat-cosmetica","8":"product_cat-gezichtsverzorging","9":"product_cat-lichaamsverzorging","10":"pa_artikelnummer-214","11":"pa_kategorie-cosmetica","12":"pa_produktart-bescherming-tegen-de-zon","13":"pa_produktgewicht-50-ml","15":"first","16":"instock","17":"taxable","18":"shipping-taxable","19":"purchasable","20":"product-type-simple"},"_links":{"self":[{"href":"https:\/\/hellenics-original.com\/nl\/wp-json\/wp\/v2\/product\/35260","targetHints":{"allow":["GET"]}}],"collection":[{"href":"https:\/\/hellenics-original.com\/nl\/wp-json\/wp\/v2\/product"}],"about":[{"href":"https:\/\/hellenics-original.com\/nl\/wp-json\/wp\/v2\/types\/product"}],"replies":[{"embeddable":true,"href":"https:\/\/hellenics-original.com\/nl\/wp-json\/wp\/v2\/comments?post=35260"}],"version-history":[{"count":0,"href":"https:\/\/hellenics-original.com\/nl\/wp-json\/wp\/v2\/product\/35260\/revisions"}],"wp:featuredmedia":[{"embeddable":true,"href":"https:\/\/hellenics-original.com\/nl\/wp-json\/wp\/v2\/media\/34205"}],"wp:attachment":[{"href":"https:\/\/hellenics-original.com\/nl\/wp-json\/wp\/v2\/media?parent=35260"}],"wp:term":[{"taxonomy":"product_brand","embeddable":true,"href":"https:\/\/hellenics-original.com\/nl\/wp-json\/wp\/v2\/product_brand?post=35260"},{"taxonomy":"product_cat","embeddable":true,"href":"https:\/\/hellenics-original.com\/nl\/wp-json\/wp\/v2\/product_cat?post=35260"},{"taxonomy":"product_tag","embeddable":true,"href":"https:\/\/hellenics-original.com\/nl\/wp-json\/wp\/v2\/product_tag?post=35260"}],"curies":[{"name":"wp","href":"https:\/\/api.w.org\/{rel}","templated":true}]}}