{"id":35306,"date":"2023-11-16T10:37:09","date_gmt":"2023-11-16T09:37:09","guid":{"rendered":"https:\/\/hellenics-original.com\/produkt\/sparset-gezichtsverzorging-koop-3-betaal-2-4144\/"},"modified":"2023-11-16T10:37:09","modified_gmt":"2023-11-16T09:37:09","slug":"sparset-gezichtsverzorging-koop-3-betaal-2-4144","status":"publish","type":"product","link":"https:\/\/hellenics-original.com\/nl\/produkt\/sparset-gezichtsverzorging-koop-3-betaal-2-4144\/","title":{"rendered":"SPARSET gezichtsverzorging KOOP 3, BETAAL 2!!! (4144)"},"content":{"rendered":"<p><span style=\"color: #ff0000\"><strong>SPARSET: KOOP 3 en BETAAL 2!<\/strong><\/span><\/p>\n<p><del>89,70\u20ac<\/del> nu voor <span style=\"color: #ff0000\"><strong>58,90\u20ac<\/strong><\/span><\/p>\n<p><strong>Geschenkset bevat:<\/strong><\/p>\n<p><strong>  1x gladmakend serum 50ml<\/strong><\/p>\n<p><strong>  1x oogcr\u00e8me 50ml<\/strong><\/p>\n<p><strong>  1x gezichtscr\u00e8me 50ml<br \/>\n<\/strong><\/p>\n<p><span style=\"color: #ff0000\">3 gezichtsverzorgingsproducten voor de prijs van 2!  <\/span><\/p>\n<p>Ben je op zoek naar een leuk cadeau voor je dierbaren? Dan hebben we een mooie selectie kant-en-klare cosmetica cadeausets voor je. <\/p>\n<p>Wij bieden je unieke natuurlijke cosmetica van de hoogste kwaliteit en veiligheid.<\/p>\n<p>De belangrijkste ingredi\u00ebnten in onze recepten zijn biologische olijfolie, planten, kruiden en essenti\u00eble oli\u00ebn,<\/p>\n<p>die de schoonheid en gezondheid van je huid verzorgen zoals alleen de natuur dat kan.<\/p>\n<p>Onze producten bevatten GEEN PARABENS, PARRAFINOLI\u00cbN, ZILICONEN OF MINERAALOLI\u00cbN!<\/p>\n<p>Ze zijn dermatologisch getest en bevatten kruiden- en organische extracten.<\/p>\n<p>Ze zijn NIET UITGEPRObeerd op DIEREN!<\/p>\n<p><strong>Informatie zoals ingredi\u00ebnten en gegevens van de fabrikant vind je onder de afzonderlijke artikelen in onze shop!<\/strong><\/p>\n<p><strong><span style=\"color: #99cc00\">Je kunt ook andere geweldige producten vinden in onze online shop!<\/span><\/strong><\/p>\n<p>Meer informatie over de afzonderlijke artikelen, zoals ingredi\u00ebnten, vind je in onze shop!<\/p>\n<p>Rizes Griekenland, Giannoudi,Rethymno &#8211; Kreta<\/p>\n<p>Telefoon: +302831042626<\/p>\n<p>&nbsp;<\/p>\n","protected":false},"excerpt":{"rendered":"<p>SPARSET gezichtsverzorging KOOP 3, BETAAL 2!!! (4144)<\/p>\n","protected":false},"featured_media":34003,"comment_status":"closed","ping_status":"closed","template":"","meta":[],"product_brand":[],"product_cat":[766,765,865,767,769,770,784],"product_tag":[],"class_list":{"0":"post-35306","1":"product","2":"type-product","3":"status-publish","4":"has-post-thumbnail","6":"product_cat-cadeau-ideeen","7":"product_cat-cosmetica","8":"product_cat-economische-sets","9":"product_cat-geschenksets","10":"product_cat-gezichtsverzorging","11":"product_cat-lichaamsverzorging","12":"product_cat-verkoop","13":"pa_kategorie-cosmetica","14":"pa_produktart-geschenksets","16":"first","17":"instock","18":"sale","19":"taxable","20":"shipping-taxable","21":"purchasable","22":"product-type-simple"},"_links":{"self":[{"href":"https:\/\/hellenics-original.com\/nl\/wp-json\/wp\/v2\/product\/35306","targetHints":{"allow":["GET"]}}],"collection":[{"href":"https:\/\/hellenics-original.com\/nl\/wp-json\/wp\/v2\/product"}],"about":[{"href":"https:\/\/hellenics-original.com\/nl\/wp-json\/wp\/v2\/types\/product"}],"replies":[{"embeddable":true,"href":"https:\/\/hellenics-original.com\/nl\/wp-json\/wp\/v2\/comments?post=35306"}],"version-history":[{"count":0,"href":"https:\/\/hellenics-original.com\/nl\/wp-json\/wp\/v2\/product\/35306\/revisions"}],"wp:featuredmedia":[{"embeddable":true,"href":"https:\/\/hellenics-original.com\/nl\/wp-json\/wp\/v2\/media\/34003"}],"wp:attachment":[{"href":"https:\/\/hellenics-original.com\/nl\/wp-json\/wp\/v2\/media?parent=35306"}],"wp:term":[{"taxonomy":"product_brand","embeddable":true,"href":"https:\/\/hellenics-original.com\/nl\/wp-json\/wp\/v2\/product_brand?post=35306"},{"taxonomy":"product_cat","embeddable":true,"href":"https:\/\/hellenics-original.com\/nl\/wp-json\/wp\/v2\/product_cat?post=35306"},{"taxonomy":"product_tag","embeddable":true,"href":"https:\/\/hellenics-original.com\/nl\/wp-json\/wp\/v2\/product_tag?post=35306"}],"curies":[{"name":"wp","href":"https:\/\/api.w.org\/{rel}","templated":true}]}}