{"id":35350,"date":"2024-09-20T13:43:44","date_gmt":"2024-09-20T12:43:44","guid":{"rendered":"https:\/\/hellenics-original.com\/produkt\/stralende-zon-lamperos-ilios-pnevmatikakis\/"},"modified":"2024-09-20T13:43:44","modified_gmt":"2024-09-20T12:43:44","slug":"stralende-zon-lamperos-ilios-pnevmatikakis","status":"publish","type":"product","link":"https:\/\/hellenics-original.com\/nl\/produkt\/stralende-zon-lamperos-ilios-pnevmatikakis\/","title":{"rendered":"Stralende Zon &#8220;Lamperos Ilios&#8221; Pnevmatikakis"},"content":{"rendered":"<p><span style=\"color: #000000\"><strong>Shining Sun &#8220;Lamperos Ilios&#8221; Pnevmatikakis\/750ml<\/strong><\/span><\/p>\n<p><span style=\"color: #000000\"><strong><em>wit, droog<\/em><\/strong><\/span><\/p>\n<p>&nbsp;<\/p>\n<p><em><span class=\"HwtZe\" lang=\"de\" style=\"color: #000000\"><span class=\"jCAhz ChMk0b\"><span class=\"ryNqvb\">De druiven van de vari\u00ebteiten Chardonnay en Vidiano  <\/span><\/span><\/span><\/em><\/p>\n<p><em><span class=\"HwtZe\" lang=\"de\" style=\"color: #000000\"><span class=\"jCAhz ChMk0b\"><span class=\"ryNqvb\">groeien onder de stralende zon van Kreta.<\/span><\/span><\/span><\/em><\/p>\n<p><em><span class=\"HwtZe\" lang=\"de\" style=\"color: #000000\"> <span class=\"jCAhz ChMk0b\"><span class=\"ryNqvb\">De natuur levert genereus de grote grondstoffen voor een voortreffelijke wijn,<\/span><\/span><\/span><\/em><\/p>\n<p><em><span class=\"HwtZe\" lang=\"de\" style=\"color: #000000\"><span class=\"jCAhz ChMk0b\"><span class=\"ryNqvb\">  wat een verfrissende keuze kan zijn, vooral in de warme zomermaanden.<\/span><\/span><\/span><\/em><\/p>\n<p>&nbsp;<\/p>\n<p><span class=\"HwtZe\" lang=\"de\" style=\"color: #000000\">TIP:<\/span><\/p>\n<p><span class=\"HwtZe\" lang=\"de\" style=\"color: #000000\"><span class=\"jCAhz ChMk0b\"><span class=\"ryNqvb\">Het past het beste bij zeevruchten, gegrild vlees en gevogelte.<\/span><\/span><\/span><\/p>\n<p>&nbsp;<\/p>\n<div dir=\"ltr\"><span class=\"HwtZe\" lang=\"de\" style=\"color: #000000\"><span class=\"jCAhz ChMk0b\"><span class=\"ryNqvb\">Geserveerd op 9\u02da-10\u02da C.<\/span><\/span><\/span><\/div>\n<div class=\"lRu31\" dir=\"ltr\">\n<div id=\"ow13\"><span style=\"color: #000000\">Vintage 2023<\/span><\/div>\n<\/div>\n<div dir=\"ltr\"><span style=\"color: #000000\">12,5% Vol<\/span><\/div>\n<div dir=\"ltr\"><\/div>\n<div dir=\"ltr\">\n<p>Bevat <strong>sulfieten<\/strong>!<\/p>\n<p>&nbsp;<\/p>\n<p>Pnevmatikakis S.A.<\/p>\n<p>Kissamos, Chania, Kreta<\/p>\n<p>Griekenland<\/p>\n<p><strong>Belangrijk:<\/strong> Dit product bevat alcohol en mag niet worden verkocht aan personen onder de wettelijk toegestane leeftijd om alcohol te drinken. Door je bestelling te plaatsen bevestig je dat je de wettelijk vereiste leeftijd hebt om alcohol te drinken. <\/p>\n<p>&nbsp;<\/p>\n<p>&nbsp;<\/p>\n<\/div>\n<div dir=\"ltr\"><\/div>\n<div dir=\"ltr\">Wil je de wijn cadeau geven? Geen probleem, voeg gewoon een passende cadeauverpakking toe aan je winkelmandje en je wijn komt kant-en-klaar verpakt aan! <\/div>\n<div dir=\"ltr\"><\/div>\n<div dir=\"ltr\">Vind meer geweldige wijnen in onze online shop!<\/div>\n<div dir=\"ltr\"><\/div>\n<div class=\"UdTY9 WdefRb\" aria-hidden=\"true\" data-location=\"2\">\n<div class=\"kO6q6e\"><\/div>\n<\/div>\n<div class=\"XL3Kf XExWNc\">\n<div class=\"a8FIud\">\n<div data-show-delay-ms=\"250\" data-append-to-body=\"false\" data-propagate-tooltip-mouseover-events=\"true\" data-anchor-corner=\"bottom-end\" data-enable-skip-handler=\"false\" data-popup-corner=\"top-end\">\n<div class=\"dig2sb\"><\/div>\n<\/div>\n<\/div>\n<\/div>\n<div class=\"ebT7ne VOLvac sMVRZe\">\n<div class=\"F0pQVc\"><\/div>\n<\/div>\n<div class=\"VO9ucd\">\n<div class=\"aJIq1d\" dir=\"ltr\" data-language-code=\"de\" data-language-name=\"Deutsch\" data-text=\"Kretischer Wein, der an den H\u00e4ngen von Chania in unseren Weinbergen am Metochion von Agia Irini w\u00e4chst. Kristallgelbe Farbe, sanfte Aromen von Orangen, Kr\u00e4utern und bunten Blumen aus Chania, mit einer diskreten, milden S\u00e4ure und feinem Geschmack. Genie\u00dfen Sie ihn zu gegrilltem Fisch und Meeresfr\u00fcchten, K\u00e4se und gegrilltem Fleisch. Serviert bei 10\u02da-12 \u200b\u200b\u02da C.\" data-crosslingual-hint=\"\" data-location=\"2\" data-enable-toggle-playback-speed=\"true\" data-results-count=\"1\" data-result-index=\"1\">\n<div class=\"m0Qfkd\"><\/div>\n<\/div>\n<\/div>\n<div><\/div>\n<div class=\"AxqVh\">\n<div class=\"OPPzxe\">\n<div class=\"QcsUad BDJ8fb BLojaf sMVRZe hCXDsb wneUed\">\n<div class=\"usGWQd\">\n<div class=\"KkbLmb\">\n<div class=\"VO9ucd\">\n<div class=\"YJGJsb\"><\/div>\n<\/div>\n<\/div>\n<\/div>\n<\/div>\n<\/div>\n<\/div>\n<div class=\"HWmS8\">\n<div class=\"kGmWO\"><\/div>\n<div class=\"OwOEge\">\n<div class=\"cJ1Ndf\"><\/div>\n<\/div>\n<\/div>\n<p>&nbsp;<\/p>\n","protected":false},"excerpt":{"rendered":"<p>Shining Sun &#8220;Lamperos Ilios&#8221; Pnevmatikakis\/750ml<\/p>\n","protected":false},"featured_media":27919,"comment_status":"closed","ping_status":"closed","template":"","meta":[],"product_brand":[],"product_cat":[766,813,816],"product_tag":[],"class_list":{"0":"post-35350","1":"product","2":"type-product","3":"status-publish","4":"has-post-thumbnail","6":"product_cat-cadeau-ideeen","7":"product_cat-wijn","8":"product_cat-witte-wijn","10":"first","11":"instock","12":"taxable","13":"shipping-taxable","14":"purchasable","15":"product-type-simple"},"_links":{"self":[{"href":"https:\/\/hellenics-original.com\/nl\/wp-json\/wp\/v2\/product\/35350","targetHints":{"allow":["GET"]}}],"collection":[{"href":"https:\/\/hellenics-original.com\/nl\/wp-json\/wp\/v2\/product"}],"about":[{"href":"https:\/\/hellenics-original.com\/nl\/wp-json\/wp\/v2\/types\/product"}],"replies":[{"embeddable":true,"href":"https:\/\/hellenics-original.com\/nl\/wp-json\/wp\/v2\/comments?post=35350"}],"version-history":[{"count":0,"href":"https:\/\/hellenics-original.com\/nl\/wp-json\/wp\/v2\/product\/35350\/revisions"}],"wp:featuredmedia":[{"embeddable":true,"href":"https:\/\/hellenics-original.com\/nl\/wp-json\/wp\/v2\/media\/27919"}],"wp:attachment":[{"href":"https:\/\/hellenics-original.com\/nl\/wp-json\/wp\/v2\/media?parent=35350"}],"wp:term":[{"taxonomy":"product_brand","embeddable":true,"href":"https:\/\/hellenics-original.com\/nl\/wp-json\/wp\/v2\/product_brand?post=35350"},{"taxonomy":"product_cat","embeddable":true,"href":"https:\/\/hellenics-original.com\/nl\/wp-json\/wp\/v2\/product_cat?post=35350"},{"taxonomy":"product_tag","embeddable":true,"href":"https:\/\/hellenics-original.com\/nl\/wp-json\/wp\/v2\/product_tag?post=35350"}],"curies":[{"name":"wp","href":"https:\/\/api.w.org\/{rel}","templated":true}]}}