{"id":35450,"date":"2024-02-27T15:27:46","date_gmt":"2024-02-27T14:27:46","guid":{"rendered":"https:\/\/hellenics-original.com\/produkt\/natuurlijke-zeep-met-olijf-10-delige-spaar-set\/"},"modified":"2024-02-27T15:27:46","modified_gmt":"2024-02-27T14:27:46","slug":"natuurlijke-zeep-met-olijf-10-delige-spaar-set","status":"publish","type":"product","link":"https:\/\/hellenics-original.com\/nl\/produkt\/natuurlijke-zeep-met-olijf-10-delige-spaar-set\/","title":{"rendered":"Natuurlijke zeep met olijf 10-delige spaar set"},"content":{"rendered":"<p><strong><span style=\"color: #000000\">Natuurlijke olijfolie zeepjes 10st.<\/span> <span style=\"color: #ff0000\">SPARSET<\/span><\/strong><\/p>\n<p><del>34,90\u20ac<\/del> <strong><span style=\"color: #ff0000\">(-10%) 31,41\u20ac<\/span><\/strong><\/p>\n<p><em><span style=\"color: #000000\">bevat: 10x natuurlijke zeep per 100gr<\/span><\/em><\/p>\n<p><em><span style=\"color: #000000\">De populaire olijfoliezeep uit Griekenland voedt de huid en ontdoet haar van talg en vuil.<\/span><\/em><\/p>\n<p><em><span style=\"color: #000000\">Geschikt voor gezicht, handen, haar en lichaam!<\/span><\/em><\/p>\n<p><em><span style=\"color: #000000\"><strong>VEGAN en 100% NATUURLIJK!<\/strong><\/span><\/em><\/p>\n<p><em><span style=\"color: #000000\">De natuurlijke zepen met een heerlijke geur zijn ook ideaal voor de gevoelige huid en baby&#8217;s.<\/span><\/em><\/p>\n<p><strong><span style=\"color: #ff0000\">MET DEZE 10-DELIGE SET BESPAAR JE 10% TEN OPZICHTE VAN ONZE NORMALE PRIJS! <\/span><\/strong><\/p>\n<p>Vari\u00ebteiten afhankelijk van beschikbaarheid, foto is slechts een voorbeeld!<\/p>\n<p><strong>Als je de voorkeur geeft aan bepaalde vari\u00ebteiten, laat het ons dan weten tijdens het aankoopproces <\/strong><strong>onder &#8220;Opmerkingen&#8221; tijdens het aankoopproces!<\/strong><\/p>\n<p>&nbsp;<\/p>\n<p><strong><span style=\"color: #99cc00\">Je kunt ook andere geweldige producten vinden in onze online shop!<\/span><\/strong><\/p>\n<p>Ben je op zoek naar een leuk cadeau voor je dierbaren? Dan hebben we een mooie selectie kant-en-klare cosmetica cadeausets voor je. <\/p>\n<p>Wij bieden je unieke natuurlijke cosmetica van de hoogste kwaliteit en veiligheid.<\/p>\n<p>De belangrijkste ingredi\u00ebnten in onze recepten zijn biologische olijfolie, planten, kruiden en essenti\u00eble oli\u00ebn,<\/p>\n<p>die de schoonheid en gezondheid van je huid verzorgen zoals alleen de natuur dat kan.<\/p>\n<p>Onze producten bevatten GEEN PARABENS, PARRAFINOLI\u00cbN, ZILICONEN OF MINERAALOLI\u00cbN!<\/p>\n<p>Ze zijn dermatologisch getest en bevatten kruiden- en organische extracten.<\/p>\n<p>Ze zijn NIET UITGEPRObeerd op DIEREN!<\/p>\n<p><strong>Informatie zoals ingredi\u00ebnten en gegevens van de fabrikant vind je onder de afzonderlijke artikelen in onze shop!<\/strong><\/p>\n<p><strong><span style=\"color: #99cc00\">Je kunt ook andere geweldige producten vinden in onze online shop!<\/span><\/strong><\/p>\n<p>Rizes Griekenland,<\/p>\n<p>Giannoudi,Rethymno<\/p>\n<p>Kreta, Griekenland<\/p>\n<p>Telefoon: +302831042626<\/p>\n<p>Buiten bereik van kinderen houden! Alleen voor uitwendig gebruik! <\/p>\n","protected":false},"excerpt":{"rendered":"<p><strong>Natuurlijke olijfolie zepen 10-delige spaar set <\/strong><\/p>\n<p>&nbsp;<\/p>\n","protected":false},"featured_media":34297,"comment_status":"closed","ping_status":"closed","template":"","meta":[],"product_brand":[],"product_cat":[766,765,865,769,779,770,784,803],"product_tag":[909,907,903,911,902,910],"class_list":{"0":"post-35450","1":"product","2":"type-product","3":"status-publish","4":"has-post-thumbnail","6":"product_cat-cadeau-ideeen","7":"product_cat-cosmetica","8":"product_cat-economische-sets","9":"product_cat-gezichtsverzorging","10":"product_cat-haarverzorging","11":"product_cat-lichaamsverzorging","12":"product_cat-verkoop","13":"product_cat-zeep","14":"product_tag-gunstiger","15":"product_tag-korting","16":"product_tag-natuurlijke-cosmetica","17":"product_tag-olijfolie","18":"product_tag-verkoop","19":"product_tag-zeep","20":"pa_artikelnummer-304","21":"pa_kategorie-cosmetica","22":"pa_produktart-zeep","23":"pa_produktgewicht-100g","25":"first","26":"instock","27":"sale","28":"taxable","29":"shipping-taxable","30":"purchasable","31":"product-type-simple"},"_links":{"self":[{"href":"https:\/\/hellenics-original.com\/nl\/wp-json\/wp\/v2\/product\/35450","targetHints":{"allow":["GET"]}}],"collection":[{"href":"https:\/\/hellenics-original.com\/nl\/wp-json\/wp\/v2\/product"}],"about":[{"href":"https:\/\/hellenics-original.com\/nl\/wp-json\/wp\/v2\/types\/product"}],"replies":[{"embeddable":true,"href":"https:\/\/hellenics-original.com\/nl\/wp-json\/wp\/v2\/comments?post=35450"}],"version-history":[{"count":0,"href":"https:\/\/hellenics-original.com\/nl\/wp-json\/wp\/v2\/product\/35450\/revisions"}],"wp:featuredmedia":[{"embeddable":true,"href":"https:\/\/hellenics-original.com\/nl\/wp-json\/wp\/v2\/media\/34297"}],"wp:attachment":[{"href":"https:\/\/hellenics-original.com\/nl\/wp-json\/wp\/v2\/media?parent=35450"}],"wp:term":[{"taxonomy":"product_brand","embeddable":true,"href":"https:\/\/hellenics-original.com\/nl\/wp-json\/wp\/v2\/product_brand?post=35450"},{"taxonomy":"product_cat","embeddable":true,"href":"https:\/\/hellenics-original.com\/nl\/wp-json\/wp\/v2\/product_cat?post=35450"},{"taxonomy":"product_tag","embeddable":true,"href":"https:\/\/hellenics-original.com\/nl\/wp-json\/wp\/v2\/product_tag?post=35450"}],"curies":[{"name":"wp","href":"https:\/\/api.w.org\/{rel}","templated":true}]}}