{"id":35453,"date":"2024-02-22T11:03:45","date_gmt":"2024-02-22T10:03:45","guid":{"rendered":"https:\/\/hellenics-original.com\/produkt\/set-van-2-douchegel-bodylotion-met-exotische-vruchten-olijfolie\/"},"modified":"2024-02-22T11:03:45","modified_gmt":"2024-02-22T10:03:45","slug":"set-van-2-douchegel-bodylotion-met-exotische-vruchten-olijfolie","status":"publish","type":"product","link":"https:\/\/hellenics-original.com\/nl\/produkt\/set-van-2-douchegel-bodylotion-met-exotische-vruchten-olijfolie\/","title":{"rendered":"Set van 2 douchegel &amp; bodylotion met exotische vruchten &amp; olijfolie"},"content":{"rendered":"<p><strong>Set van 2 douchegel &amp; bodylotion met exotische vruchten &amp; olijfolie<\/strong><\/p>\n<p><span style=\"color: #000000\"><strong>28,89\u20ac<\/strong><\/span> <span style=\"color: #ff0000\"><strong>(-10%) 26,00\u20ac<\/strong><\/span><\/p>\n<p>Bestaande uit:<\/p>\n<p><strong>1x bodylotion 250ml<\/strong><\/p>\n<p><strong>1x douchegel 250ml<\/strong><\/p>\n<p>Beschrijving:<\/p>\n<p><strong>Bodylotion exotisch 250ml<\/strong><\/p>\n<p>Natuurlijke bodymilk met extracten van biologische olijfolie, granaatappel en gojibessen,<\/p>\n<p>die de huid hydrateert en intensief voedt.<\/p>\n<p>Papaja-extract reinigt, verzacht en verwijdert dode huidcellen en verjongt de huid.<\/p>\n<p><strong>Douchegel met exotische vruchten &amp; olijfextract 250 ml  <\/strong><\/p>\n<p>Verfrissende douchegel met biologische olijfolie en exotische vruchten,<\/p>\n<p>die de huid voedt en revitaliseert.<\/p>\n<p>Geniet van de magie van de aromatische samenstelling van exotische vruchten en zorg voor een heerlijk fris gevoel voor je huid.<\/p>\n<p>Met huidvriendelijke PH-waarde.<\/p>\n<p>Ben je op zoek naar een leuk cadeau voor je dierbaren? Dan hebben we een mooie selectie kant-en-klare cosmetica cadeausets voor je. <\/p>\n<p>Wij bieden je unieke natuurlijke cosmetica van de hoogste kwaliteit en veiligheid.<\/p>\n<p>De belangrijkste ingredi\u00ebnten in onze recepten zijn biologische olijfolie, planten, kruiden en essenti\u00eble oli\u00ebn,<\/p>\n<p>die de schoonheid en gezondheid van je huid verzorgen zoals alleen de natuur dat kan.<\/p>\n<p>Onze producten bevatten GEEN PARABENS, PARRAFINOLI\u00cbN, ZILICONEN OF MINERAALOLI\u00cbN!<\/p>\n<p>Ze zijn dermatologisch getest en bevatten kruiden- en organische extracten.<\/p>\n<p>Ze zijn NIET UITGEPRObeerd op DIEREN!<\/p>\n<p><strong>Informatie zoals ingredi\u00ebnten en gegevens van de fabrikant vind je onder de afzonderlijke artikelen in onze shop!<\/strong><\/p>\n<p><strong><span style=\"color: #99cc00\">Je kunt ook andere geweldige producten vinden in onze online shop!<\/span><\/strong><\/p>\n<p>Rizes Griekenland,<\/p>\n<p>Giannoudi,Rethymno<\/p>\n<p>Kreta, Griekenland<\/p>\n<p>Telefoon: +302831042626<\/p>\n<p>Buiten bereik van kinderen houden! Alleen voor uitwendig gebruik! <\/p>\n","protected":false},"excerpt":{"rendered":"<p>Set van 2 douchegel &amp; bodylotion met exotische vruchten &amp; olijfolie<\/p>\n","protected":false},"featured_media":34258,"comment_status":"closed","ping_status":"closed","template":"","meta":[],"product_brand":[],"product_cat":[765,865,770,784],"product_tag":[906,905,904,903,908,902],"class_list":{"0":"post-35453","1":"product","2":"type-product","3":"status-publish","4":"has-post-thumbnail","6":"product_cat-cosmetica","7":"product_cat-economische-sets","8":"product_cat-lichaamsverzorging","9":"product_cat-verkoop","10":"product_tag-bodylotion","11":"product_tag-douche","12":"product_tag-douchegel","13":"product_tag-natuurlijke-cosmetica","14":"product_tag-sla","15":"product_tag-verkoop","16":"pa_kategorie-cosmetica","17":"pa_produktart-lichaamsverzorging","19":"first","20":"instock","21":"sale","22":"taxable","23":"shipping-taxable","24":"purchasable","25":"product-type-simple"},"_links":{"self":[{"href":"https:\/\/hellenics-original.com\/nl\/wp-json\/wp\/v2\/product\/35453","targetHints":{"allow":["GET"]}}],"collection":[{"href":"https:\/\/hellenics-original.com\/nl\/wp-json\/wp\/v2\/product"}],"about":[{"href":"https:\/\/hellenics-original.com\/nl\/wp-json\/wp\/v2\/types\/product"}],"replies":[{"embeddable":true,"href":"https:\/\/hellenics-original.com\/nl\/wp-json\/wp\/v2\/comments?post=35453"}],"version-history":[{"count":0,"href":"https:\/\/hellenics-original.com\/nl\/wp-json\/wp\/v2\/product\/35453\/revisions"}],"wp:featuredmedia":[{"embeddable":true,"href":"https:\/\/hellenics-original.com\/nl\/wp-json\/wp\/v2\/media\/34258"}],"wp:attachment":[{"href":"https:\/\/hellenics-original.com\/nl\/wp-json\/wp\/v2\/media?parent=35453"}],"wp:term":[{"taxonomy":"product_brand","embeddable":true,"href":"https:\/\/hellenics-original.com\/nl\/wp-json\/wp\/v2\/product_brand?post=35453"},{"taxonomy":"product_cat","embeddable":true,"href":"https:\/\/hellenics-original.com\/nl\/wp-json\/wp\/v2\/product_cat?post=35453"},{"taxonomy":"product_tag","embeddable":true,"href":"https:\/\/hellenics-original.com\/nl\/wp-json\/wp\/v2\/product_tag?post=35453"}],"curies":[{"name":"wp","href":"https:\/\/api.w.org\/{rel}","templated":true}]}}