{"id":35455,"date":"2024-02-27T14:45:59","date_gmt":"2024-02-27T13:45:59","guid":{"rendered":"https:\/\/hellenics-original.com\/produkt\/natuurlijke-zeep-op-basis-van-olijven-5-delig\/"},"modified":"2024-02-27T14:45:59","modified_gmt":"2024-02-27T13:45:59","slug":"natuurlijke-zeep-op-basis-van-olijven-5-delig","status":"publish","type":"product","link":"https:\/\/hellenics-original.com\/nl\/produkt\/natuurlijke-zeep-op-basis-van-olijven-5-delig\/","title":{"rendered":"Natuurlijke zeep op basis van olijven 5-delig"},"content":{"rendered":"<p><span style=\"color: #000000\"><strong>Natuurlijke olijfolie zeepjes 5st.  <span style=\"color: #ff0000\">SPARSET<\/span><\/strong><\/span><\/p>\n<p><em><span style=\"color: #000000\">bevat: 5x natuurlijke zeep 100gr elk<\/span><\/em><\/p>\n<p><em><span style=\"color: #000000\">De populaire olijfoliezeep uit Griekenland voedt de huid en ontdoet haar van talg en vuil.<\/span><\/em><\/p>\n<p><em><span style=\"color: #000000\">Geschikt voor gezicht, handen, haar en lichaam!<\/span><\/em><\/p>\n<p><em><span style=\"color: #000000\"><strong>VEGAN en 100% NATUURLIJK!<\/strong><\/span><\/em><\/p>\n<p><em><span style=\"color: #000000\">De natuurlijke zepen met een heerlijke geur zijn ook ideaal voor de gevoelige huid en baby&#8217;s.<\/span><\/em><\/p>\n<p><strong><span style=\"color: #ff0000\">MET DEZE 5-DELIGE SET SET BESPAAR JE 5% TEN OPZICHTE VAN ONZE NORMALE PRIJS! <\/span><\/strong><\/p>\n<p><span style=\"color: #000000\">Varianten afhankelijk van beschikbaarheid!<\/span><\/p>\n<p><span style=\"color: #000000\"><strong>Als je de voorkeur geeft aan bepaalde vari\u00ebteiten, laat het ons dan weten tijdens het aankoopproces <\/strong><strong>onder &#8220;Opmerkingen&#8221; tijdens het aankoopproces!<\/strong><\/span><\/p>\n<p>&nbsp;<\/p>\n<p><strong><span style=\"color: #99cc00\">Je kunt ook andere geweldige producten vinden in onze online shop!<\/span><\/strong><\/p>\n<p>Ben je op zoek naar een leuk cadeau voor je dierbaren? Dan hebben we een mooie selectie kant-en-klare cosmetica cadeausets voor je. <\/p>\n<p>Wij bieden je unieke natuurlijke cosmetica van de hoogste kwaliteit en veiligheid.<\/p>\n<p>De belangrijkste ingredi\u00ebnten in onze recepten zijn biologische olijfolie, planten, kruiden en essenti\u00eble oli\u00ebn,<\/p>\n<p>die de schoonheid en gezondheid van je huid verzorgen zoals alleen de natuur dat kan.<\/p>\n<p>Onze producten bevatten GEEN PARABENS, PARRAFINOLI\u00cbN, ZILICONEN OF MINERAALOLI\u00cbN!<\/p>\n<p>Ze zijn dermatologisch getest en bevatten kruiden- en organische extracten.<\/p>\n<p>Ze zijn NIET UITGEPRObeerd op DIEREN!<\/p>\n<p><strong>Informatie zoals ingredi\u00ebnten en gegevens van de fabrikant vind je onder de afzonderlijke artikelen in onze shop!<\/strong><\/p>\n<p><strong><span style=\"color: #99cc00\">Je kunt ook andere geweldige producten vinden in onze online shop!<\/span><\/strong><\/p>\n<p>Rizes Griekenland,<\/p>\n<p>Giannoudi,Rethymno<\/p>\n<p>Kreta, Griekenland<\/p>\n<p>Telefoon: +302831042626<\/p>\n<p>Buiten bereik van kinderen houden! Alleen voor uitwendig gebruik! <\/p>\n","protected":false},"excerpt":{"rendered":"<p><strong>Natuurlijke olijfolie zepen 5-delige spaar set <\/strong><\/p>\n<p>&nbsp;<\/p>\n","protected":false},"featured_media":34299,"comment_status":"closed","ping_status":"closed","template":"","meta":[],"product_brand":[],"product_cat":[765,865,769,779,770,784,803],"product_tag":[909,907,903,911,902,910],"class_list":{"0":"post-35455","1":"product","2":"type-product","3":"status-publish","4":"has-post-thumbnail","6":"product_cat-cosmetica","7":"product_cat-economische-sets","8":"product_cat-gezichtsverzorging","9":"product_cat-haarverzorging","10":"product_cat-lichaamsverzorging","11":"product_cat-verkoop","12":"product_cat-zeep","13":"product_tag-gunstiger","14":"product_tag-korting","15":"product_tag-natuurlijke-cosmetica","16":"product_tag-olijfolie","17":"product_tag-verkoop","18":"product_tag-zeep","19":"pa_artikelnummer-304","20":"pa_kategorie-cosmetica","21":"pa_produktart-zeep","22":"pa_produktgewicht-100g","24":"first","25":"instock","26":"sale","27":"taxable","28":"shipping-taxable","29":"purchasable","30":"product-type-simple"},"_links":{"self":[{"href":"https:\/\/hellenics-original.com\/nl\/wp-json\/wp\/v2\/product\/35455","targetHints":{"allow":["GET"]}}],"collection":[{"href":"https:\/\/hellenics-original.com\/nl\/wp-json\/wp\/v2\/product"}],"about":[{"href":"https:\/\/hellenics-original.com\/nl\/wp-json\/wp\/v2\/types\/product"}],"replies":[{"embeddable":true,"href":"https:\/\/hellenics-original.com\/nl\/wp-json\/wp\/v2\/comments?post=35455"}],"version-history":[{"count":0,"href":"https:\/\/hellenics-original.com\/nl\/wp-json\/wp\/v2\/product\/35455\/revisions"}],"wp:featuredmedia":[{"embeddable":true,"href":"https:\/\/hellenics-original.com\/nl\/wp-json\/wp\/v2\/media\/34299"}],"wp:attachment":[{"href":"https:\/\/hellenics-original.com\/nl\/wp-json\/wp\/v2\/media?parent=35455"}],"wp:term":[{"taxonomy":"product_brand","embeddable":true,"href":"https:\/\/hellenics-original.com\/nl\/wp-json\/wp\/v2\/product_brand?post=35455"},{"taxonomy":"product_cat","embeddable":true,"href":"https:\/\/hellenics-original.com\/nl\/wp-json\/wp\/v2\/product_cat?post=35455"},{"taxonomy":"product_tag","embeddable":true,"href":"https:\/\/hellenics-original.com\/nl\/wp-json\/wp\/v2\/product_tag?post=35455"}],"curies":[{"name":"wp","href":"https:\/\/api.w.org\/{rel}","templated":true}]}}