{"id":35460,"date":"2024-02-22T10:21:22","date_gmt":"2024-02-22T09:21:22","guid":{"rendered":"https:\/\/hellenics-original.com\/produkt\/cosmeticaset-5-stuks-met-cannabis-sativa-olie-sparpreis\/"},"modified":"2024-02-22T10:21:22","modified_gmt":"2024-02-22T09:21:22","slug":"cosmeticaset-5-stuks-met-cannabis-sativa-olie-sparpreis","status":"publish","type":"product","link":"https:\/\/hellenics-original.com\/nl\/produkt\/cosmeticaset-5-stuks-met-cannabis-sativa-olie-sparpreis\/","title":{"rendered":"Cosmeticaset 5 stuks met Cannabis Sativa Olie SPARPREIS"},"content":{"rendered":"<p><span style=\"color: #000000\"><strong>Cosmeticaset 5 stuks met Cannabis Sativa Olie <span style=\"color: #ff0000\">SPARPREIS<\/span><\/strong><\/span><\/p>\n<p><del>80,95\u20ac<\/del><span style=\"color: #ff0000\"><strong> nu 76,09\u20ac<\/strong><\/span><\/p>\n<p><span style=\"color: #000000\">Bestaande uit:<\/span><\/p>\n<p><span style=\"color: #000000\"><strong>1x bodylotion 100ml<\/strong><\/span><\/p>\n<p><span style=\"color: #000000\"><strong>1x Hand &amp; Voetcr\u00e8me 100ml<\/strong><\/span><\/p>\n<p><span style=\"color: #000000\"><strong>1x Bodybutter 75ml<\/strong><\/span><\/p>\n<p><span style=\"color: #000000\"><strong>1x oogcr\u00e8me 15ml<\/strong><\/span><\/p>\n<p><span style=\"color: #000000\"><strong>1x 24h gezichtsverzorgingscr\u00e8me 50ml<\/strong><\/span><\/p>\n<p><em><span style=\"color: #000000\">Cannabis sativa zaadolie wordt geperst uit de zaden van de hennepplant,<\/span><\/em><\/p>\n<p><em><span style=\"color: #000000\">om een zoete olie te produceren.<\/span><\/em><\/p>\n<p><em><span style=\"color: #000000\">Het wordt beschouwd als een van de meest voedzame oli\u00ebn.<\/span><\/em><\/p>\n<p><em><span style=\"color: #000000\">en het gebruik ervan voor verschillende medische en cosmetische doeleinden<\/span><\/em><\/p>\n<p><em><span style=\"color: #000000\">kan teruggevoerd worden tot 4000 voor Christus in China.<\/span><\/em><\/p>\n<p><em><span style=\"color: #000000\">Ben je op zoek naar een leuk cadeau voor je dierbaren? Dan hebben we een mooie selectie kant-en-klare cosmetica cadeausets voor je. <\/span><\/em><\/p>\n<p>Wij bieden je unieke natuurlijke cosmetica van de hoogste kwaliteit en veiligheid.<\/p>\n<p>De belangrijkste ingredi\u00ebnten in onze recepten zijn biologische olijfolie, planten, kruiden en essenti\u00eble oli\u00ebn,<\/p>\n<p>die de schoonheid en gezondheid van je huid verzorgen zoals alleen de natuur dat kan.<\/p>\n<p>Onze producten bevatten GEEN PARABENS, PARRAFINOLI\u00cbN, ZILICONEN OF MINERAALOLI\u00cbN!<\/p>\n<p>Ze zijn dermatologisch getest en bevatten kruiden- en organische extracten.<\/p>\n<p>Ze zijn NIET UITGEPRObeerd op DIEREN!<\/p>\n<p><strong>Informatie zoals ingredi\u00ebnten en gegevens van de fabrikant vind je onder de afzonderlijke artikelen in onze shop!<\/strong><\/p>\n<p><strong><span style=\"color: #99cc00\">Je kunt ook andere geweldige producten vinden in onze online shop!<\/span><\/strong><\/p>\n<p>Kollectiva, Fotinatos B. Konstantinos<\/p>\n<p>Promitheos 2, 16346 Ilioupolis,<\/p>\n<p>Athene, Griekenland<\/p>\n<p>Telefoon: +302109739617<\/p>\n<p>Alleen voor uitwendig gebruik! Buiten bereik van kinderen houden! <\/p>\n","protected":false},"excerpt":{"rendered":"<p><strong>Cosmeticaset 5 stuks met Cannabis Sativa Olie SPARPREIS<\/strong><\/p>\n","protected":false},"featured_media":33795,"comment_status":"closed","ping_status":"closed","template":"","meta":[],"product_brand":[],"product_cat":[766,765,865,769,770,784],"product_tag":[912,915,903,913,914],"class_list":{"0":"post-35460","1":"product","2":"type-product","3":"status-publish","4":"has-post-thumbnail","6":"product_cat-cadeau-ideeen","7":"product_cat-cosmetica","8":"product_cat-economische-sets","9":"product_cat-gezichtsverzorging","10":"product_cat-lichaamsverzorging","11":"product_cat-verkoop","12":"product_tag-cannabis","13":"product_tag-hennep","14":"product_tag-natuurlijke-cosmetica","15":"product_tag-natuurlijke-genezing","16":"product_tag-zorg","17":"pa_kategorie-cosmetica","18":"pa_produktart-lichaamsverzorging","20":"first","21":"instock","22":"sale","23":"taxable","24":"shipping-taxable","25":"purchasable","26":"product-type-simple"},"_links":{"self":[{"href":"https:\/\/hellenics-original.com\/nl\/wp-json\/wp\/v2\/product\/35460","targetHints":{"allow":["GET"]}}],"collection":[{"href":"https:\/\/hellenics-original.com\/nl\/wp-json\/wp\/v2\/product"}],"about":[{"href":"https:\/\/hellenics-original.com\/nl\/wp-json\/wp\/v2\/types\/product"}],"replies":[{"embeddable":true,"href":"https:\/\/hellenics-original.com\/nl\/wp-json\/wp\/v2\/comments?post=35460"}],"version-history":[{"count":0,"href":"https:\/\/hellenics-original.com\/nl\/wp-json\/wp\/v2\/product\/35460\/revisions"}],"wp:featuredmedia":[{"embeddable":true,"href":"https:\/\/hellenics-original.com\/nl\/wp-json\/wp\/v2\/media\/33795"}],"wp:attachment":[{"href":"https:\/\/hellenics-original.com\/nl\/wp-json\/wp\/v2\/media?parent=35460"}],"wp:term":[{"taxonomy":"product_brand","embeddable":true,"href":"https:\/\/hellenics-original.com\/nl\/wp-json\/wp\/v2\/product_brand?post=35460"},{"taxonomy":"product_cat","embeddable":true,"href":"https:\/\/hellenics-original.com\/nl\/wp-json\/wp\/v2\/product_cat?post=35460"},{"taxonomy":"product_tag","embeddable":true,"href":"https:\/\/hellenics-original.com\/nl\/wp-json\/wp\/v2\/product_tag?post=35460"}],"curies":[{"name":"wp","href":"https:\/\/api.w.org\/{rel}","templated":true}]}}