{"id":35481,"date":"2024-02-22T13:00:24","date_gmt":"2024-02-22T12:00:24","guid":{"rendered":"https:\/\/hellenics-original.com\/produkt\/3-delige-zonnebescherming-verzorgingsset-op-basis-van-olijfolie\/"},"modified":"2024-02-22T13:00:24","modified_gmt":"2024-02-22T12:00:24","slug":"3-delige-zonnebescherming-verzorgingsset-op-basis-van-olijfolie","status":"publish","type":"product","link":"https:\/\/hellenics-original.com\/nl\/produkt\/3-delige-zonnebescherming-verzorgingsset-op-basis-van-olijfolie\/","title":{"rendered":"3-delige zonnebescherming &amp; verzorgingsset op basis van olijfolie"},"content":{"rendered":"<p><span style=\"color: #000000\"><strong>3-delige zonbeschermings- en verzorgingsset op basis van olijfolie <span style=\"color: #ff0000\">SPARSET<\/span> <\/strong><\/span><\/p>\n<p><del>51,55\u20ac <\/del><strong><span style=\"color: #ff0000\"> (-10%) 46,40\u20ac<\/span><\/strong><\/p>\n<p><span style=\"color: #000000\">Bestaande uit:<\/span><\/p>\n<p><span style=\"color: #000000\"><strong>1x zonnemelk voor gezicht &amp; lichaam SPF30 (200ml)<\/strong><\/span><\/p>\n<p><span style=\"color: #000000\"><strong>1x zonnebrandcr\u00e8me voor gezicht SPF50 (50ml)<\/strong><\/span><\/p>\n<p><span style=\"color: #000000\"><strong>1x Bruiningsboter SPF10 (150ml)<\/strong><\/span><\/p>\n<p><span style=\"color: #000000\">Beschrijving:<\/span><\/p>\n<p><span style=\"color: #000000\"><strong>Zonnecr\u00e8me voor gezicht (SPF 50) 50ml<\/strong><\/span><\/p>\n<p><em><span style=\"color: #000000\">Zonnebrandcr\u00e8me die speciaal is ontwikkeld,<\/span><\/em><\/p>\n<p><em><span style=\"color: #000000\">om je gezicht te hydrateren en te beschermen tegen zonlicht.<\/span><\/em><\/p>\n<p><em><span style=\"color: #000000\">Hyaluronzuur heeft een hydraterend en verouderingsremmend effect op de huid.<\/span><\/em><\/p>\n<p><em><span style=\"color: #000000\">Bevat panthenol, alo\u00eb vera en olijfbladextract, zodat je niet alleen perfect beschermd bent tegen de zon, maar tegelijkertijd ook je huid verzorgt!<\/span><\/em><\/p>\n<p><span style=\"color: #000000\"><strong>ZONDMELK VOOR GEZICHT &amp; BODEM (SPF 30) 200ml<\/strong><\/span><\/p>\n<p><em><span style=\"color: #000000\">met panthenol, alo\u00eb vera en olijfbladextracten.<\/span><\/em><\/p>\n<p><em><span style=\"color: #000000\">A zonnebrandemulsie met hoge bescherming, speciaal ontwikkeld om de huid te hydrateren en te beschermen tegen zonlicht.<\/span><\/em><\/p>\n<p><em><span style=\"color: #000000\">Panthenol in combinatie met hyaluronzuur biedt verzorging bij blootstelling aan de zon.<\/span><\/em><\/p>\n<p><em><span style=\"color: #000000\">De antioxiderende eigenschappen van olijfbladextracten gaan het optreden van vrije radicalen tegen.<\/span><\/em><\/p>\n<p><em><span style=\"color: #000000\">Daarnaast verbetert alo\u00eb vera de stevigheid van de opperhuid als krachtige vochtinbrengende factor.<\/span><\/em><\/p>\n<p><em><span style=\"color: #000000\">en biedt onmiddellijke hydratatie en effectieve bescherming van de huid met een zachte<\/span><\/em><\/p>\n<p><em><span style=\"color: #000000\">en zijdezacht gevoel dat lang aanhoudt.<\/span><\/em><\/p>\n<p><em><span style=\"color: #000000\">Zonbescherming en verzorging in \u00e9\u00e9n!<\/span><\/em><\/p>\n<p><span style=\"color: #000000\"><strong>Zonnebeschermingsboter met bruinend effect (SPF10) 150ml<\/strong><\/span><\/p>\n<p><em><span style=\"color: #000000\">Zonnebeschermingsproduct gebaseerd op een unieke combinatie van cosmetisch effect<\/span><\/em><\/p>\n<p><em><span style=\"color: #000000\">en bruiningstechnologie.<\/span><\/em><\/p>\n<p><em><span style=\"color: #000000\">De antioxiderende eigenschappen van olijfolie en de ingredi\u00ebnten ervan hebben een positief effect op je huid, terwijl vitamine E beschermt tegen de vorming van vrije radicalen.<\/span><\/em><\/p>\n<p><em><span style=\"color: #000000\">Amandelolie voedt en beschermt je huid dankzij de antiverouderingseigenschappen.<\/span><\/em><\/p>\n<p><em><span style=\"color: #000000\">Zonbescherming, verzorging en bruining in \u00e9\u00e9n product!<\/span><\/em><\/p>\n<p><span style=\"color: #000000\"><strong>Dankzij de speciale textuur zijn alle 3 de producten super gemakkelijk aan te brengen  <\/strong><\/span><\/p>\n<p><span style=\"color: #000000\"><strong>en worden snel geabsorbeerd!<\/strong><\/span><\/p>\n<p><strong>Informatie zoals ingredi\u00ebnten en gegevens van de fabrikant vind je onder de afzonderlijke artikelen in onze shop!<\/strong><\/p>\n<p>&nbsp;<\/p>\n<p>Ben je op zoek naar een leuk cadeau voor je dierbaren? Dan hebben we een mooie selectie kant-en-klare cosmetica cadeausets voor je. <\/p>\n<p>Wij bieden je unieke natuurlijke cosmetica van de hoogste kwaliteit en veiligheid.<\/p>\n<p>De belangrijkste ingredi\u00ebnten in onze recepten zijn biologische olijfolie, planten, kruiden en essenti\u00eble oli\u00ebn,<\/p>\n<p>die de schoonheid en gezondheid van je huid verzorgen zoals alleen de natuur dat kan.<\/p>\n<p>Onze producten bevatten GEEN PARABENS, PARRAFINOLI\u00cbN, ZILICONEN OF MINERAALOLI\u00cbN!<\/p>\n<p>Ze zijn dermatologisch getest en bevatten kruiden- en organische extracten.<\/p>\n<p>Ze zijn NIET UITGEPRObeerd op DIEREN!<\/p>\n<p><strong>Je kunt ook andere geweldige producten vinden in onze online shop!<\/strong><\/p>\n<p>Rizes Griekenland,<\/p>\n<p>Giannoudi,Rethymno<\/p>\n<p>Kreta, Griekenland<\/p>\n<p>Telefoon: +302831042626<\/p>\n<p>Buiten bereik van kinderen houden! Alleen voor uitwendig gebruik! <\/p>\n<p>&nbsp;<\/p>\n<p>.<\/p>\n<p>&nbsp;<\/p>\n<p>&nbsp;<\/p>\n<p>&nbsp;<\/p>\n","protected":false},"excerpt":{"rendered":"<p>3-delige zonnebescherming &amp; verzorgingsset op basis van olijfolie <\/p>\n","protected":false},"featured_media":34203,"comment_status":"closed","ping_status":"closed","template":"","meta":[],"product_brand":[],"product_cat":[771,765,865,769,770,784],"product_tag":[927,903,911,901,926],"class_list":{"0":"post-35481","1":"product","2":"type-product","3":"status-publish","4":"has-post-thumbnail","6":"product_cat-bescherming-tegen-de-zon","7":"product_cat-cosmetica","8":"product_cat-economische-sets","9":"product_cat-gezichtsverzorging","10":"product_cat-lichaamsverzorging","11":"product_cat-verkoop","12":"product_tag-bescherming","13":"product_tag-natuurlijke-cosmetica","14":"product_tag-olijfolie","15":"product_tag-zomer","16":"product_tag-zonnebrandcreme","17":"pa_kategorie-cosmetica","18":"pa_produktart-lichaamsverzorging","20":"first","21":"instock","22":"sale","23":"taxable","24":"shipping-taxable","25":"purchasable","26":"product-type-simple"},"_links":{"self":[{"href":"https:\/\/hellenics-original.com\/nl\/wp-json\/wp\/v2\/product\/35481","targetHints":{"allow":["GET"]}}],"collection":[{"href":"https:\/\/hellenics-original.com\/nl\/wp-json\/wp\/v2\/product"}],"about":[{"href":"https:\/\/hellenics-original.com\/nl\/wp-json\/wp\/v2\/types\/product"}],"replies":[{"embeddable":true,"href":"https:\/\/hellenics-original.com\/nl\/wp-json\/wp\/v2\/comments?post=35481"}],"version-history":[{"count":0,"href":"https:\/\/hellenics-original.com\/nl\/wp-json\/wp\/v2\/product\/35481\/revisions"}],"wp:featuredmedia":[{"embeddable":true,"href":"https:\/\/hellenics-original.com\/nl\/wp-json\/wp\/v2\/media\/34203"}],"wp:attachment":[{"href":"https:\/\/hellenics-original.com\/nl\/wp-json\/wp\/v2\/media?parent=35481"}],"wp:term":[{"taxonomy":"product_brand","embeddable":true,"href":"https:\/\/hellenics-original.com\/nl\/wp-json\/wp\/v2\/product_brand?post=35481"},{"taxonomy":"product_cat","embeddable":true,"href":"https:\/\/hellenics-original.com\/nl\/wp-json\/wp\/v2\/product_cat?post=35481"},{"taxonomy":"product_tag","embeddable":true,"href":"https:\/\/hellenics-original.com\/nl\/wp-json\/wp\/v2\/product_tag?post=35481"}],"curies":[{"name":"wp","href":"https:\/\/api.w.org\/{rel}","templated":true}]}}