{"id":35648,"date":"2024-10-08T13:14:19","date_gmt":"2024-10-08T12:14:19","guid":{"rendered":"https:\/\/hellenics-original.com\/produkt\/amelliti-assyrtiko-pnevmatikakis\/"},"modified":"2024-10-08T13:14:19","modified_gmt":"2024-10-08T12:14:19","slug":"amelliti-assyrtiko-pnevmatikakis","status":"publish","type":"product","link":"https:\/\/hellenics-original.com\/nl\/produkt\/amelliti-assyrtiko-pnevmatikakis\/","title":{"rendered":"Amelliti Assyrtiko Pnevmatikakis"},"content":{"rendered":"<p><span style=\"color: #000000\"><strong>Amelliti Assyrtiko Pnevmatikakis\/750ml<\/strong><\/span><\/p>\n<p><span style=\"color: #000000\"><strong><em>wit, droog<\/em><\/strong><\/span><\/p>\n<p><em><strong>Druivensoort: Assyrtiko<\/strong><\/em><\/p>\n<p>&nbsp;<\/p>\n<p><span class=\"HwtZe\" lang=\"de\"><span class=\"jCAhz ChMk0b\"><span class=\"ryNqvb\">De witte druif van de Assyrtiko vari\u00ebteit,<\/span><\/span><\/span><\/p>\n<p><span class=\"HwtZe\" lang=\"de\"><span class=\"jCAhz ChMk0b\"><span class=\"ryNqvb\">  die groeit in de zonovergoten wijngaarden van Metochi in het klooster van Agia Irini,<\/span><\/span><\/span><\/p>\n<p><span class=\"HwtZe\" lang=\"de\"><span class=\"jCAhz ChMk0b\"><span class=\"ryNqvb\">betovert ons met een heerlijke wijn!<\/span><\/span><\/span><\/p>\n<p><span class=\"HwtZe\" lang=\"de\"><span class=\"jCAhz ChMk0b\"><span class=\"ryNqvb\">  Een elegante wijn met smaken van sinaasappel, grapefruit en honing.<\/span><\/span><\/span><\/p>\n<p>De klassieker voor een Griekse lunch!<\/p>\n<p>&nbsp;<\/p>\n<p><span class=\"HwtZe\" lang=\"de\" style=\"color: #000000\">TIP:<\/span><\/p>\n<p><span class=\"HwtZe\" lang=\"de\" style=\"color: #000000\"><span class=\"jCAhz ChMk0b\"><span class=\"ryNqvb\"><span class=\"HwtZe\" lang=\"de\">Door zijn hoge zuurgraad past deze wijn perfect bij gerechten zoals gebraden lamsvlees,<\/span><\/span><\/span><\/span><\/p>\n<p><span class=\"HwtZe\" lang=\"de\" style=\"color: #000000\"><span class=\"jCAhz ChMk0b\"><span class=\"ryNqvb\"><span class=\"HwtZe\" lang=\"de\">  gegrilde vis en zalm.<\/span><\/span><\/span><\/span><\/p>\n<p>&nbsp;<\/p>\n<div dir=\"ltr\"><span class=\"HwtZe\" lang=\"de\" style=\"color: #000000\"><span class=\"jCAhz ChMk0b\"><span class=\"ryNqvb\">Geserveerd bij 10\u02da-12\u02da C.<\/span><\/span><\/span><\/div>\n<div class=\"lRu31\" dir=\"ltr\">\n<div id=\"ow13\"><span style=\"color: #000000\">Vintage 2023<\/span><\/div>\n<\/div>\n<div dir=\"ltr\"><span style=\"color: #000000\">13% vol<\/span><\/div>\n<div dir=\"ltr\">Bevat sulfieten!<\/div>\n<div dir=\"ltr\"><\/div>\n<div dir=\"ltr\">Pnevmatikakis S.A.<\/div>\n<div dir=\"ltr\">Kissamos, Chania, Kreta<\/div>\n<div dir=\"ltr\">Griekenland<\/div>\n<div dir=\"ltr\">\n<p><strong>Belangrijk:<\/strong> Dit product bevat alcohol en mag niet worden verkocht aan personen onder de wettelijk toegestane leeftijd om alcohol te drinken. Door je bestelling te plaatsen bevestig je dat je de wettelijk vereiste leeftijd hebt om alcohol te drinken. <\/p>\n<\/div>\n<p>&nbsp;<\/p>\n<div dir=\"ltr\"><\/div>\n<div dir=\"ltr\"><span style=\"color: #800000\">Wil je de wijn cadeau geven? Geen probleem,   <\/span><\/div>\n<div dir=\"ltr\"><span style=\"color: #800000\">voeg gewoon een bijpassende geschenkdoos toe aan je winkelmandje<\/span><\/div>\n<div dir=\"ltr\"><span style=\"color: #800000\">en je wijn wordt kant-en-klaar verpakt geleverd!<\/span><\/div>\n<div dir=\"ltr\"><\/div>\n<div dir=\"ltr\">Vind meer geweldige wijnen in onze online shop!<\/div>\n<div dir=\"ltr\"><\/div>\n<div class=\"UdTY9 WdefRb\" aria-hidden=\"true\" data-location=\"2\">\n<div class=\"kO6q6e\"><\/div>\n<\/div>\n<div class=\"XL3Kf XExWNc\">\n<div class=\"a8FIud\">\n<div data-show-delay-ms=\"250\" data-append-to-body=\"false\" data-propagate-tooltip-mouseover-events=\"true\" data-anchor-corner=\"bottom-end\" data-enable-skip-handler=\"false\" data-popup-corner=\"top-end\">\n<div class=\"dig2sb\"><\/div>\n<\/div>\n<\/div>\n<\/div>\n<div class=\"ebT7ne VOLvac sMVRZe\">\n<div class=\"F0pQVc\"><\/div>\n<\/div>\n<div class=\"VO9ucd\">\n<div class=\"aJIq1d\" dir=\"ltr\" data-language-code=\"de\" data-language-name=\"Deutsch\" data-text=\"Kretischer Wein, der an den H\u00e4ngen von Chania in unseren Weinbergen am Metochion von Agia Irini w\u00e4chst. Kristallgelbe Farbe, sanfte Aromen von Orangen, Kr\u00e4utern und bunten Blumen aus Chania, mit einer diskreten, milden S\u00e4ure und feinem Geschmack. Genie\u00dfen Sie ihn zu gegrilltem Fisch und Meeresfr\u00fcchten, K\u00e4se und gegrilltem Fleisch. Serviert bei 10\u02da-12 \u200b\u200b\u02da C.\" data-crosslingual-hint=\"\" data-location=\"2\" data-enable-toggle-playback-speed=\"true\" data-results-count=\"1\" data-result-index=\"1\">\n<div class=\"m0Qfkd\"><\/div>\n<\/div>\n<\/div>\n<div><\/div>\n<div class=\"AxqVh\">\n<div class=\"OPPzxe\">\n<div class=\"QcsUad BDJ8fb BLojaf sMVRZe hCXDsb wneUed\">\n<div class=\"usGWQd\">\n<div class=\"KkbLmb\">\n<div class=\"VO9ucd\">\n<div class=\"YJGJsb\"><\/div>\n<\/div>\n<\/div>\n<\/div>\n<\/div>\n<\/div>\n<\/div>\n<div class=\"HWmS8\">\n<div class=\"kGmWO\"><\/div>\n<div class=\"OwOEge\">\n<div class=\"cJ1Ndf\"><\/div>\n<\/div>\n<\/div>\n<p>&nbsp;<\/p>\n","protected":false},"excerpt":{"rendered":"<p>Amelliti Assyrtiko Pnevmatikakis\/750ml<\/p>\n","protected":false},"featured_media":27990,"comment_status":"closed","ping_status":"closed","template":"","meta":[],"product_brand":[],"product_cat":[766,813,816],"product_tag":[],"class_list":{"0":"post-35648","1":"product","2":"type-product","3":"status-publish","4":"has-post-thumbnail","6":"product_cat-cadeau-ideeen","7":"product_cat-wijn","8":"product_cat-witte-wijn","10":"first","11":"instock","12":"taxable","13":"shipping-taxable","14":"purchasable","15":"product-type-simple"},"_links":{"self":[{"href":"https:\/\/hellenics-original.com\/nl\/wp-json\/wp\/v2\/product\/35648","targetHints":{"allow":["GET"]}}],"collection":[{"href":"https:\/\/hellenics-original.com\/nl\/wp-json\/wp\/v2\/product"}],"about":[{"href":"https:\/\/hellenics-original.com\/nl\/wp-json\/wp\/v2\/types\/product"}],"replies":[{"embeddable":true,"href":"https:\/\/hellenics-original.com\/nl\/wp-json\/wp\/v2\/comments?post=35648"}],"version-history":[{"count":0,"href":"https:\/\/hellenics-original.com\/nl\/wp-json\/wp\/v2\/product\/35648\/revisions"}],"wp:featuredmedia":[{"embeddable":true,"href":"https:\/\/hellenics-original.com\/nl\/wp-json\/wp\/v2\/media\/27990"}],"wp:attachment":[{"href":"https:\/\/hellenics-original.com\/nl\/wp-json\/wp\/v2\/media?parent=35648"}],"wp:term":[{"taxonomy":"product_brand","embeddable":true,"href":"https:\/\/hellenics-original.com\/nl\/wp-json\/wp\/v2\/product_brand?post=35648"},{"taxonomy":"product_cat","embeddable":true,"href":"https:\/\/hellenics-original.com\/nl\/wp-json\/wp\/v2\/product_cat?post=35648"},{"taxonomy":"product_tag","embeddable":true,"href":"https:\/\/hellenics-original.com\/nl\/wp-json\/wp\/v2\/product_tag?post=35648"}],"curies":[{"name":"wp","href":"https:\/\/api.w.org\/{rel}","templated":true}]}}