{"id":35682,"date":"2024-09-24T11:43:56","date_gmt":"2024-09-24T10:43:56","guid":{"rendered":"https:\/\/hellenics-original.com\/produkt\/lippenbalsem-met-biologische-olijfolie-bijenwas\/"},"modified":"2024-09-24T11:43:56","modified_gmt":"2024-09-24T10:43:56","slug":"lippenbalsem-met-biologische-olijfolie-bijenwas","status":"publish","type":"product","link":"https:\/\/hellenics-original.com\/nl\/produkt\/lippenbalsem-met-biologische-olijfolie-bijenwas\/","title":{"rendered":"Lippenbalsem met biologische olijfolie &amp; bijenwas"},"content":{"rendered":"<p><span style=\"color: #000000\"><strong>Lippenbalsem \/ lippenbalsem met biologische olijfolie<br \/><\/strong><\/span><\/p>\n<p><span style=\"color: #000000\"><em>Een handgemaakte lippenbalsem  <\/em><\/span><\/p>\n<p><span style=\"color: #000000\"><em>met hoogwaardige biologische olijfolie, bijenwas en sheaboter!  <\/em><\/span><\/p>\n<p><span style=\"color: #000000\"><em>Ideaal voor bijzonder droge lippen,  <\/em><\/span><\/p>\n<p><span style=\"color: #000000\"><em>Deze lippenbalsem biedt een hydraterende boost die ook de lippen verzorgt<\/em><\/span><\/p>\n<p><span style=\"color: #000000\"><em>zonder te smeren. Met beschermingsfactor 10! <\/em><\/span><\/p>\n<p><span style=\"color: #000000\"><em>Unisex<\/em><\/span><\/p>\n<p><span style=\"color: #000000\"><em>VEGAAN! KLEURVRIJ! <\/em><\/span><\/p>\n<p><span style=\"color: #000000\"><em>Verkrijgbaar in verschillende soorten:<\/em><\/span><\/p>\n<ul>\n<li><span style=\"color: #000000\"><em>Natuur<\/em><\/span><\/li>\n<li><span style=\"color: #000000\"><em>Alo\u00eb Vera<\/em><\/span><\/li>\n<li><span style=\"color: #000000\"><em>Arganolie<\/em><\/span><\/li>\n<li><span style=\"color: #000000\"><em>Aardbei<\/em><\/span><\/li>\n<li><span style=\"color: #000000\"><em>Kers<\/em><\/span><\/li>\n<li><span style=\"color: #000000\"><em>Granaatappel<\/em><\/span><\/li>\n<\/ul>\n<p><em>Een must voor iedereen die van gladde, zachte lippen houdt!<\/em><\/p>\n<p><span style=\"color: #333333\">RIZES biedt je unieke natuurlijke cosmetica van de hoogste kwaliteit en veiligheid.<\/span><br \/><span style=\"color: #333333\">De belangrijkste ingredi\u00ebnten in onze formules zijn biologische olijfolie, planten, kruiden en essenti\u00eble oli\u00ebn,<\/span><br \/><span style=\"color: #333333\">die de schoonheid en gezondheid van je huid verzorgen zoals alleen de natuur dat kan.<\/span><br \/><span style=\"color: #333333\">Onze producten bevatten GEEN PARABENS, PARRAFINOLI\u00cbN, SILICONES OF MINERAALOLI\u00cbN!<\/span><br \/><span style=\"color: #333333\">Ze zijn dermatologisch getest en bevatten kruiden- en organische extracten.<\/span><br \/><span style=\"color: #333333\">Ze zijn NIET OP DIEREN UITGEPRObeerd!<\/span><\/p>\n<p><span style=\"color: #333333\">Vind meer geweldige cosmeticaproducten in onze online shop!<\/span><\/p>\n<p><span style=\"color: #333333\">Ingredi\u00ebnten:<\/span><\/p>\n<ul>\n<li><span style=\"color: #333333\"><strong>Natuur:<\/strong> Cera Alba (bijenwas)**, Helianthus annuus hybride olie**, theobroma cacao (cacao)zaadboter**, prunus amygdalus dulcis (amandel)olie*, ethylhexyl methoxycinnamate, olus (plantaardige) olie**, olea europaea (olijf)fruitolie*, butyrospemum parkii (shea)boter**, siliciumdioxide**, aroma (smaak), synthetische bijenwas, tocoferol**, hexylcinnamal, helianthus annuus (zonnebloem)zaadolie, linalool, limoneen, citronellol, hydroxycitronellal, geraniol, benzylalcohol, alfa-isomethylionon<\/span><\/li>\n<li><span style=\"color: #333333\"><strong>Alo\u00eb Vera: <\/strong>Cera Alba (bijenwas)**, Helianthus annuus hybride olie**, theobroma cacao (cacao)zaadboter**, prunus amygdalus dulcis (amandel)olie*, ethylhexyl methoxycinnamate, olus (plantaardige) olie**, olea europaea (olijf)fruitolie*, butyrospemum parkii (shea)boter**, siliciumdioxide**, aroma, synthetische bijenwas, tocoferol**, helianthus annuus (zonnebloem)zaadolie, limoneen, alo\u00eb barbadensisleaf extract**, linalool, benzylalcohol, hexylcinnamal, tocoferylacetaat, citronellol, bht, bha<\/span><\/li>\n<li><strong>Arganolie: <\/strong> Cera Alba (bijenwas)**, Helianthus annuus hybride olie**, theobroma cacao (cacao)zaadboter**, prunus amygdalus dulcis (amandel)olie*, ethylhexyl methoxycinnamate, olus (plantaardige) olie**, olea europaea (olijf)fruitolie*, butyrospemum parkii (shea)boter**, siliciumdioxide**, aroma, argania spinosa kernolie**, synthetische bijenwas, tocoferol**, helianthus annuus (zonnebloem) zaadolie**, linalool, citronellol, hydroxycitronellal, limoneen, geraniol, benzylalcohol, alfa-isomethyl, ionon<\/li>\n<li><strong>Kersen:<\/strong> Cera Alba (bijenwas)**, Helianthus annuus hybride olie**, theobroma cacao (cacao)zaadboter**, prunus amygdalus dulcis (amandel)olie*, ethylhexyl methoxycinnamaat, olus (plantaardige) olie**, olea europaea (olijf)vruchtenolie*, butyrospemum parkii (shea)boter**, siliciumdioxide**, aroma (smaak), synthetische bijenwas, tocoferol**, helianthus annuus (zonnebloem)zaadolie, limoneen<\/li>\n<li><strong>Aardbei:<\/strong> Cera Alba (bijenwas)**, Helianthus annuus hybride olie**, theobroma cacao (cacao)zaadboter**, prunus amygdalus dulcis (amandel)olie*, ethylhexyl methoxycinnamaat, olus (plantaardige) olie**, olea europaea (olijf)vruchtenolie*, butyrospemum parkii (shea)boter**, siliciumdioxide**, aroma (smaak), synthetische bijenwas, tocoferol**, heliantus annuus (zonnebloem)zaadolie, limoneen<\/li>\n<li><strong>Granaatappel:<\/strong> Cera Alba (bijenwas)**, Helianthus annuus hybride olie**, theobroma cacao (cacao)zaadboter**, prunus amygdalus dulcis (amandel)olie*, ethylhexyl methoxycinnamate, olus (plantaardige) olie**, olea europaea (olijf)vruchtenolie*, butyrospemum parkii (shea)boter**, siliciumdioxide**, aroma (smaak), punica granatumzaadolie**, synthetische bijenwas, tocoferol**, helianthus annuus (zonnebloem)zaadolie, limoneen<\/li>\n<\/ul>\n<p>Rizes Griekenland,<\/p>\n<p>Giannoudi,Rethymno<\/p>\n<p>Kreta, Griekenland<\/p>\n<p>Telefoon: +302831042626<\/p>\n<p>Buiten bereik van kinderen houden! Alleen voor uitwendig gebruik! <\/p>\n<p>&nbsp;<\/p>\n","protected":false},"excerpt":{"rendered":"<p>Lippenbalsem \/ lippenbalsem met biologische olijfolie<\/p>\n","protected":false},"featured_media":27940,"comment_status":"closed","ping_status":"closed","template":"","meta":[],"product_brand":[],"product_cat":[765,769,770],"product_tag":[],"class_list":{"0":"post-35682","1":"product","2":"type-product","3":"status-publish","4":"has-post-thumbnail","6":"product_cat-cosmetica","7":"product_cat-gezichtsverzorging","8":"product_cat-lichaamsverzorging","10":"first","11":"instock","12":"taxable","13":"shipping-taxable","14":"purchasable","15":"product-type-variable"},"_links":{"self":[{"href":"https:\/\/hellenics-original.com\/nl\/wp-json\/wp\/v2\/product\/35682","targetHints":{"allow":["GET"]}}],"collection":[{"href":"https:\/\/hellenics-original.com\/nl\/wp-json\/wp\/v2\/product"}],"about":[{"href":"https:\/\/hellenics-original.com\/nl\/wp-json\/wp\/v2\/types\/product"}],"replies":[{"embeddable":true,"href":"https:\/\/hellenics-original.com\/nl\/wp-json\/wp\/v2\/comments?post=35682"}],"version-history":[{"count":0,"href":"https:\/\/hellenics-original.com\/nl\/wp-json\/wp\/v2\/product\/35682\/revisions"}],"wp:featuredmedia":[{"embeddable":true,"href":"https:\/\/hellenics-original.com\/nl\/wp-json\/wp\/v2\/media\/27940"}],"wp:attachment":[{"href":"https:\/\/hellenics-original.com\/nl\/wp-json\/wp\/v2\/media?parent=35682"}],"wp:term":[{"taxonomy":"product_brand","embeddable":true,"href":"https:\/\/hellenics-original.com\/nl\/wp-json\/wp\/v2\/product_brand?post=35682"},{"taxonomy":"product_cat","embeddable":true,"href":"https:\/\/hellenics-original.com\/nl\/wp-json\/wp\/v2\/product_cat?post=35682"},{"taxonomy":"product_tag","embeddable":true,"href":"https:\/\/hellenics-original.com\/nl\/wp-json\/wp\/v2\/product_tag?post=35682"}],"curies":[{"name":"wp","href":"https:\/\/api.w.org\/{rel}","templated":true}]}}