{"id":35739,"date":"2024-06-20T15:08:47","date_gmt":"2024-06-20T14:08:47","guid":{"rendered":"https:\/\/hellenics-original.com\/produkt\/ezelinnenmelk-gezichtsverzorgingsset-6-stuks-sparset\/"},"modified":"2024-06-20T15:08:47","modified_gmt":"2024-06-20T14:08:47","slug":"ezelinnenmelk-gezichtsverzorgingsset-6-stuks-sparset","status":"publish","type":"product","link":"https:\/\/hellenics-original.com\/nl\/produkt\/ezelinnenmelk-gezichtsverzorgingsset-6-stuks-sparset\/","title":{"rendered":"Ezelinnenmelk gezichtsverzorgingsset 6 stuks SPARSET"},"content":{"rendered":"<p><span style=\"color: #000000\"><strong>Ezelinnenmelk gezichtsverzorgingsset 6 st. <span style=\"color: #ff0000\">SPARSET <span style=\"color: #000000\">in plaats van <\/span><del><span style=\"color: #000000\">130,70\u20ac<\/span> slechts <\/del> 120\u20ac<\/span><\/strong><\/span><span style=\"color: #000000\"><strong><span style=\"color: #ff0000\">!<\/span><\/strong><\/span><\/p>\n<p><strong><span style=\"color: #000000\">Inhoud:  <\/span><\/strong><\/p>\n<p><strong>24h vochtinbrengende cr\u00e8me \/50ml<\/strong><\/p>\n<p><strong>Antiverouderende gezichtscr\u00e8me\/ 50ml<\/strong><\/p>\n<p><strong>Oogverzorgingscr\u00e8me \/ 15ml<\/strong><\/p>\n<p><strong>Gezichtsserum \/30ml<\/strong><\/p>\n<p><strong>Set van 5 gezichtsmaskers<\/strong><\/p>\n<p><strong>10-delige peeling\/maskerset <\/strong><\/p>\n<p><span style=\"color: #000000\"><em>All-round verzorging voor je gezichtshuid!<\/em><\/span><\/p>\n<p><span style=\"color: #000000\"><em>Helpt de algehele gezondheid van de huid te behouden en <\/em><\/span><span style=\"color: #000000\"><em>Ezelinnenmelk hydrateert,<\/em><\/span><\/p>\n<p><span style=\"color: #000000\"><em>  Voedt en verwent je huid met de luxe die ze verdient.<\/em><\/span><\/p>\n<p><em><span style=\"color: #000000\">Er wordt gezegd dat koningin Cleopatra in het oude Egypte een bad nam in ezelinnenmelk,<\/span><\/em><\/p>\n<p><em><span style=\"color: #000000\">om de schoonheid en jeugdigheid van je huid te behouden.<\/span><\/em><\/p>\n<p><em><span style=\"color: #000000\">Ezelinnenmelk komt het dichtst in de buurt van moedermelk, met een opmerkelijk lage vetratio<\/span><\/em><\/p>\n<p><em><span style=\"color: #000000\">en een hoog lactosegehalte. Er wordt algemeen aangenomen dat ezelinnenmelk rimpels in het gezicht vermindert, de huid verzacht en haar wit behoudt. <\/span><\/em><\/p>\n<p><em><span style=\"color: #000000\">Olijfolie bevat vier belangrijke antioxidanten die ervoor zorgen dat het<\/span><\/em><\/p>\n<p><em><span style=\"color: #000000\">werkt als reiniger, vochtinbrenger en huidbeschermer.<\/span><\/em><\/p>\n<p><em><span style=\"color: #000000\">Deze antioxidanten zijn onder andere vitamine A en vitamine E.<\/span><\/em><\/p>\n<p><em><span style=\"color: #000000\">Vitamine E is gedeeltelijk verantwoordelijk voor de anti-verouderingsvoordelen van deze stoffen,<\/span><\/em><\/p>\n<p><em><span style=\"color: #000000\">omdat het de elasticiteit van de huid helpt herstellen.<\/span><\/em><\/p>\n<p><em>Gun jezelf een rustgevende onderbreking van de dagelijkse stress en verwen je huid!<\/em><\/p>\n<p>DE INDIVIDUELE DETAILS VAN DE INGREDI\u00cbNTEN ZIJN TE VINDEN IN ONZE SHOP ONDER HET BETREFFENDE ARTIKEL!<\/p>\n<p>Ben je op zoek naar een leuk cadeau voor je dierbaren? Dan hebben we een mooie selectie kant-en-klare cosmetica cadeausets voor je. <\/p>\n<p>Wij bieden je unieke natuurlijke cosmetica van de hoogste kwaliteit en veiligheid.<\/p>\n<p>De belangrijkste ingredi\u00ebnten in onze recepten zijn biologische olijfolie, planten, kruiden en essenti\u00eble oli\u00ebn,<\/p>\n<p>die de schoonheid en gezondheid van je huid verzorgen zoals alleen de natuur dat kan.<\/p>\n<p>Onze producten bevatten <strong>GEEN PARABENS<\/strong><\/p>\n<p>Ze zijn dermatologisch getest en bevatten kruiden- en organische extracten.<\/p>\n<p>Ze zijn <strong>NIET UITGEPRObeerd op DIEREN<\/strong>!<\/p>\n<p><strong><span style=\"color: #99cc00\">Je kunt ook andere geweldige producten vinden in onze online shop!<\/span><\/strong><\/p>\n<p>Kollectiva, Fotinatos B. Konstantinos<\/p>\n<p>Agios Dimitrios, 17342,<\/p>\n<p>Athene, Griekenland<\/p>\n<p>Telefoon: +302109739617<\/p>\n<p>Alleen voor uitwendig gebruik! Buiten bereik van kinderen houden! <\/p>\n","protected":false},"excerpt":{"rendered":"<p>Ezelinnenmelk gezichtsverzorgingsset 6 stuks SPARSET <\/p>\n","protected":false},"featured_media":35742,"comment_status":"closed","ping_status":"closed","template":"","meta":[],"product_brand":[],"product_cat":[766,765,865,769,796,784],"product_tag":[],"class_list":{"0":"post-35739","1":"product","2":"type-product","3":"status-publish","4":"has-post-thumbnail","6":"product_cat-cadeau-ideeen","7":"product_cat-cosmetica","8":"product_cat-economische-sets","9":"product_cat-gezichtsverzorging","10":"product_cat-speciale-aanbiedingen","11":"product_cat-verkoop","13":"first","14":"instock","15":"sale","16":"taxable","17":"shipping-taxable","18":"purchasable","19":"product-type-simple"},"_links":{"self":[{"href":"https:\/\/hellenics-original.com\/nl\/wp-json\/wp\/v2\/product\/35739","targetHints":{"allow":["GET"]}}],"collection":[{"href":"https:\/\/hellenics-original.com\/nl\/wp-json\/wp\/v2\/product"}],"about":[{"href":"https:\/\/hellenics-original.com\/nl\/wp-json\/wp\/v2\/types\/product"}],"replies":[{"embeddable":true,"href":"https:\/\/hellenics-original.com\/nl\/wp-json\/wp\/v2\/comments?post=35739"}],"version-history":[{"count":0,"href":"https:\/\/hellenics-original.com\/nl\/wp-json\/wp\/v2\/product\/35739\/revisions"}],"wp:featuredmedia":[{"embeddable":true,"href":"https:\/\/hellenics-original.com\/nl\/wp-json\/wp\/v2\/media\/35742"}],"wp:attachment":[{"href":"https:\/\/hellenics-original.com\/nl\/wp-json\/wp\/v2\/media?parent=35739"}],"wp:term":[{"taxonomy":"product_brand","embeddable":true,"href":"https:\/\/hellenics-original.com\/nl\/wp-json\/wp\/v2\/product_brand?post=35739"},{"taxonomy":"product_cat","embeddable":true,"href":"https:\/\/hellenics-original.com\/nl\/wp-json\/wp\/v2\/product_cat?post=35739"},{"taxonomy":"product_tag","embeddable":true,"href":"https:\/\/hellenics-original.com\/nl\/wp-json\/wp\/v2\/product_tag?post=35739"}],"curies":[{"name":"wp","href":"https:\/\/api.w.org\/{rel}","templated":true}]}}