{"id":35760,"date":"2024-06-20T13:43:08","date_gmt":"2024-06-20T12:43:08","guid":{"rendered":"https:\/\/hellenics-original.com\/produkt\/oogcreme-met-ezelinnenmelk-olijfolie\/"},"modified":"2024-06-20T13:43:08","modified_gmt":"2024-06-20T12:43:08","slug":"oogcreme-met-ezelinnenmelk-olijfolie","status":"publish","type":"product","link":"https:\/\/hellenics-original.com\/nl\/produkt\/oogcreme-met-ezelinnenmelk-olijfolie\/","title":{"rendered":"Oogcr\u00e8me met ezelinnenmelk &amp; olijfolie"},"content":{"rendered":"<p><span style=\"color: #000000\"><strong>Oogcr\u00e8me Ezelinnenmelk &amp; Olijfolie 15ml<\/strong><\/span><\/p>\n<p><em><span style=\"color: #000000\">Een delicate textuur gemaakt van rijke biologische olijfolie, biologische alo\u00eb vera en ezelinnenmelk.<\/span><\/em><\/p>\n<p><em><span style=\"color: #000000\">Er wordt gezegd dat koningin Cleopatra in het oude Egypte een bad nam in ezelinnenmelk,<\/span><\/em><\/p>\n<p><em><span style=\"color: #000000\">om de schoonheid en jeugdigheid van je huid te behouden.<\/span><\/em><\/p>\n<p><em><span style=\"color: #000000\">Ezelinnenmelk komt het dichtst in de buurt van moedermelk, met een opmerkelijk lage vetratio<\/span><\/em><\/p>\n<p><em><span style=\"color: #000000\">en een hoog lactosegehalte. Er wordt algemeen aangenomen dat ezelinnenmelk rimpels in het gezicht vermindert, de huid verzacht en haar wit behoudt. <\/span><\/em><\/p>\n<p><em><span style=\"color: #000000\">Olijfolie bevat vier belangrijke antioxidanten die ervoor zorgen dat het<\/span><\/em><\/p>\n<p><em><span style=\"color: #000000\">werkt als reiniger, vochtinbrenger en huidbeschermer.<\/span><\/em><\/p>\n<p><em><span style=\"color: #000000\">Deze antioxidanten zijn onder andere vitamine A en vitamine E.<\/span><\/em><\/p>\n<p><em><span style=\"color: #000000\">Vitamine E is gedeeltelijk verantwoordelijk voor de anti-verouderingsvoordelen van deze stoffen,<\/span><\/em><\/p>\n<p><em><span style=\"color: #000000\">omdat het de elasticiteit van de huid helpt herstellen.<\/span><\/em><\/p>\n<p><em><span style=\"color: #000000\">Deze cr\u00e8me bevat ook alo\u00eb vera voor extra verzorging van de gevoelige huid rond de ogen.<\/span><\/em><\/p>\n<p><em><span style=\"color: #000000\">Voor dagelijks gebruik!  <\/span><\/em><\/p>\n<p><em>Snel geabsorbeerde textuur.<\/em><\/p>\n<p>Ben je op zoek naar een leuk cadeau voor je dierbaren? Dan hebben we een mooie selectie kant-en-klare cosmetica cadeausets voor je. <\/p>\n<p>Wij bieden je unieke natuurlijke cosmetica van de hoogste kwaliteit en veiligheid.<\/p>\n<p>De belangrijkste ingredi\u00ebnten in onze recepten zijn biologische olijfolie, planten, kruiden en essenti\u00eble oli\u00ebn,<\/p>\n<p>die de schoonheid en gezondheid van je huid verzorgen zoals alleen de natuur dat kan.<\/p>\n<p>Onze producten bevatten <strong>GEEN PARABENS, PARRAFINOLI\u00cbN, ZILICONEN OF MINERAALOLI\u00cbN!<\/strong><\/p>\n<p>Ze zijn dermatologisch getest en bevatten kruiden- en organische extracten.<\/p>\n<p>Ze zijn <strong>NIET UITGEPRObeerd op DIEREN<\/strong>!<\/p>\n<p><strong><span style=\"color: #99cc00\">Je kunt ook andere geweldige producten vinden in onze online shop!<\/span><\/strong><\/p>\n<p>Kollectiva, Fotinatos B. Konstantinos<\/p>\n<p>Agios Dimitrios, 17342,<\/p>\n<p>Athene, Griekenland<\/p>\n<p>Telefoon: +302109739617<\/p>\n<p>Alleen voor uitwendig gebruik! Buiten bereik van kinderen houden! <\/p>\n<p>&nbsp;<\/p>\n","protected":false},"excerpt":{"rendered":"<p><span style=\"color: #000000\">Oogcr\u00e8me ezelinnenmelk &amp; olijfolie \/15ml<\/span><\/p>\n","protected":false},"featured_media":27877,"comment_status":"closed","ping_status":"closed","template":"","meta":[],"product_brand":[],"product_cat":[766,765,769],"product_tag":[],"class_list":{"0":"post-35760","1":"product","2":"type-product","3":"status-publish","4":"has-post-thumbnail","6":"product_cat-cadeau-ideeen","7":"product_cat-cosmetica","8":"product_cat-gezichtsverzorging","10":"first","11":"instock","12":"taxable","13":"shipping-taxable","14":"purchasable","15":"product-type-simple"},"_links":{"self":[{"href":"https:\/\/hellenics-original.com\/nl\/wp-json\/wp\/v2\/product\/35760","targetHints":{"allow":["GET"]}}],"collection":[{"href":"https:\/\/hellenics-original.com\/nl\/wp-json\/wp\/v2\/product"}],"about":[{"href":"https:\/\/hellenics-original.com\/nl\/wp-json\/wp\/v2\/types\/product"}],"replies":[{"embeddable":true,"href":"https:\/\/hellenics-original.com\/nl\/wp-json\/wp\/v2\/comments?post=35760"}],"version-history":[{"count":0,"href":"https:\/\/hellenics-original.com\/nl\/wp-json\/wp\/v2\/product\/35760\/revisions"}],"wp:featuredmedia":[{"embeddable":true,"href":"https:\/\/hellenics-original.com\/nl\/wp-json\/wp\/v2\/media\/27877"}],"wp:attachment":[{"href":"https:\/\/hellenics-original.com\/nl\/wp-json\/wp\/v2\/media?parent=35760"}],"wp:term":[{"taxonomy":"product_brand","embeddable":true,"href":"https:\/\/hellenics-original.com\/nl\/wp-json\/wp\/v2\/product_brand?post=35760"},{"taxonomy":"product_cat","embeddable":true,"href":"https:\/\/hellenics-original.com\/nl\/wp-json\/wp\/v2\/product_cat?post=35760"},{"taxonomy":"product_tag","embeddable":true,"href":"https:\/\/hellenics-original.com\/nl\/wp-json\/wp\/v2\/product_tag?post=35760"}],"curies":[{"name":"wp","href":"https:\/\/api.w.org\/{rel}","templated":true}]}}