{"id":35819,"date":"2024-02-22T10:06:58","date_gmt":"2024-02-22T09:06:58","guid":{"rendered":"https:\/\/hellenics-original.com\/produkt\/5-delige-cosmeticaset-met-ezelinnenmelk-sparpreis\/"},"modified":"2024-02-22T10:06:58","modified_gmt":"2024-02-22T09:06:58","slug":"5-delige-cosmeticaset-met-ezelinnenmelk-sparpreis","status":"publish","type":"product","link":"https:\/\/hellenics-original.com\/nl\/produkt\/5-delige-cosmeticaset-met-ezelinnenmelk-sparpreis\/","title":{"rendered":"5-delige cosmeticaset met ezelinnenmelk SPARPREIS"},"content":{"rendered":"<p><strong><span style=\"color: #000000\">Cosmeticaset 5 stuks met ezelinnenmelk<\/span> <span style=\"color: #ff0000\">BESPARING PRIJS<\/span><\/strong><\/p>\n<p><del>58,95\u20ac<\/del>  <strong><span style=\"color: #ff0000\">53,10\u20ac<\/span><\/strong><\/p>\n<p><span style=\"color: #000000\">Bestaande uit:<\/span><\/p>\n<p><span style=\"color: #000000\"><strong>1x bodylotion 100ml<\/strong><\/span><\/p>\n<p><span style=\"color: #000000\"><strong>1x Hand &amp; Voetcr\u00e8me 150ml<\/strong><\/span><\/p>\n<p><span style=\"color: #000000\"><strong>1x Bodybutter 200ml<\/strong><\/span><\/p>\n<p><span style=\"color: #000000\"><strong>1x douchegel 300ml<\/strong><\/span><\/p>\n<p><span style=\"color: #000000\"><strong>1x natuurlijke zeep 100gr<\/strong><\/span><\/p>\n<p><em><span style=\"color: #000000\">Een delicate textuur, gemaakt van rijke olijfolie en ezelinnenmelk.<\/span><\/em><\/p>\n<p><em><span style=\"color: #000000\">Er wordt gezegd dat koningin Cleopatra in het oude Egypte een bad nam in ezelinnenmelk,<\/span><\/em><\/p>\n<p><em><span style=\"color: #000000\">om de schoonheid en jeugdigheid van je huid te behouden.<\/span><\/em><\/p>\n<p><em><span style=\"color: #000000\">Ezelinnenmelk komt het dichtst in de buurt van moedermelk, met een opmerkelijk lage vetratio<\/span><\/em><\/p>\n<p><em><span style=\"color: #000000\">en een hoog lactosegehalte. Er wordt algemeen aangenomen dat ezelinnenmelk rimpels in het gezicht vermindert, de huid verzacht en haar wit behoudt. <\/span><\/em><\/p>\n<p><em><span style=\"color: #000000\">Olijfolie bevat vier belangrijke antioxidanten die ervoor zorgen dat het<\/span><\/em><\/p>\n<p><em><span style=\"color: #000000\">werkt als reiniger, vochtinbrenger en huidbeschermer.<\/span><\/em><\/p>\n<p><em><span style=\"color: #000000\">Deze antioxidanten zijn onder andere vitamine A en vitamine E.<\/span><\/em><\/p>\n<p><em><span style=\"color: #000000\">Vitamine E is gedeeltelijk verantwoordelijk voor de anti-verouderingsvoordelen van deze stoffen,<\/span><\/em><\/p>\n<p><em><span style=\"color: #000000\">omdat het de elasticiteit van de huid helpt herstellen.<\/span><\/em><\/p>\n<p>&nbsp;<\/p>\n<p>Ben je op zoek naar een leuk cadeau voor je dierbaren? Dan hebben we een mooie selectie kant-en-klare cosmetica cadeausets voor je. <\/p>\n<p>Wij bieden je unieke natuurlijke cosmetica van de hoogste kwaliteit en veiligheid.<\/p>\n<p>De belangrijkste ingredi\u00ebnten in onze recepten zijn biologische olijfolie, planten, kruiden en essenti\u00eble oli\u00ebn,<\/p>\n<p>die de schoonheid en gezondheid van je huid verzorgen zoals alleen de natuur dat kan.<\/p>\n<p>Onze producten bevatten GEEN PARABENS, PARRAFINOLI\u00cbN, ZILICONEN OF MINERAALOLI\u00cbN!<\/p>\n<p>Ze zijn dermatologisch getest en bevatten kruiden- en organische extracten.<\/p>\n<p>Ze zijn NIET UITGEPRObeerd op DIEREN!<\/p>\n<p><strong><span style=\"color: #99cc00\">Je kunt ook andere geweldige producten vinden in onze online shop!<\/span><\/strong><\/p>\n<p><strong>Informatie zoals ingredi\u00ebnten en gegevens van de fabrikant vind je onder de afzonderlijke artikelen in onze shop!<\/strong><\/p>\n<p>Kollectiva, Fotinatos B. Konstantinos<\/p>\n<p>Agios Dimitrios, 17342,<\/p>\n<p>Athene, Griekenland<\/p>\n<p>Telefoon: +302109739617<\/p>\n<p>Alleen voor uitwendig gebruik! Buiten bereik van kinderen houden! <\/p>\n<p>&nbsp;<\/p>\n","protected":false},"excerpt":{"rendered":"<p>5-delige cosmeticaset met ezelinnenmelk SPARPREIS<\/p>\n","protected":false},"featured_media":35131,"comment_status":"closed","ping_status":"closed","template":"","meta":[],"product_brand":[],"product_cat":[765,865,770,784],"product_tag":[965,967,963,969,903,914],"class_list":{"0":"post-35819","1":"product","2":"type-product","3":"status-publish","4":"has-post-thumbnail","6":"product_cat-cosmetica","7":"product_cat-economische-sets","8":"product_cat-lichaamsverzorging","9":"product_cat-verkoop","10":"product_tag-aanbod","11":"product_tag-aloe-vera","12":"product_tag-ezelinnenmelk","13":"product_tag-lichaamsverzorging","14":"product_tag-natuurlijke-cosmetica","15":"product_tag-zorg","16":"pa_kategorie-cosmetica","17":"pa_produktart-lichaamsverzorging","19":"first","20":"outofstock","21":"sale","22":"taxable","23":"shipping-taxable","24":"purchasable","25":"product-type-simple"},"_links":{"self":[{"href":"https:\/\/hellenics-original.com\/nl\/wp-json\/wp\/v2\/product\/35819","targetHints":{"allow":["GET"]}}],"collection":[{"href":"https:\/\/hellenics-original.com\/nl\/wp-json\/wp\/v2\/product"}],"about":[{"href":"https:\/\/hellenics-original.com\/nl\/wp-json\/wp\/v2\/types\/product"}],"replies":[{"embeddable":true,"href":"https:\/\/hellenics-original.com\/nl\/wp-json\/wp\/v2\/comments?post=35819"}],"version-history":[{"count":0,"href":"https:\/\/hellenics-original.com\/nl\/wp-json\/wp\/v2\/product\/35819\/revisions"}],"wp:featuredmedia":[{"embeddable":true,"href":"https:\/\/hellenics-original.com\/nl\/wp-json\/wp\/v2\/media\/35131"}],"wp:attachment":[{"href":"https:\/\/hellenics-original.com\/nl\/wp-json\/wp\/v2\/media?parent=35819"}],"wp:term":[{"taxonomy":"product_brand","embeddable":true,"href":"https:\/\/hellenics-original.com\/nl\/wp-json\/wp\/v2\/product_brand?post=35819"},{"taxonomy":"product_cat","embeddable":true,"href":"https:\/\/hellenics-original.com\/nl\/wp-json\/wp\/v2\/product_cat?post=35819"},{"taxonomy":"product_tag","embeddable":true,"href":"https:\/\/hellenics-original.com\/nl\/wp-json\/wp\/v2\/product_tag?post=35819"}],"curies":[{"name":"wp","href":"https:\/\/api.w.org\/{rel}","templated":true}]}}