{"id":36088,"date":"2025-09-17T14:12:56","date_gmt":"2025-09-17T13:12:56","guid":{"rendered":"https:\/\/hellenics-original.com\/produkt\/geest-van-de-aarde-pnevmatikakis-rood-halfdroog\/"},"modified":"2025-09-17T14:12:56","modified_gmt":"2025-09-17T13:12:56","slug":"geest-van-de-aarde-pnevmatikakis-rood-halfdroog","status":"publish","type":"product","link":"https:\/\/hellenics-original.com\/nl\/produkt\/geest-van-de-aarde-pnevmatikakis-rood-halfdroog\/","title":{"rendered":"Geest van de aarde PNEVMATIKAKIS rood halfdroog"},"content":{"rendered":"<p><span style=\"color: #000000\"><strong>Geest van de aarde PNEVMATIKAKIS rood 0,75L halfdroog<\/strong><\/span><\/p>\n<div dir=\"ltr\"><em>Een speciale afkoeling voor je zomer.<\/em><\/div>\n<div dir=\"ltr\"><em>  De fruitige smaak van de wijn voert je mee<\/em><\/div>\n<div dir=\"ltr\"><em>  van de zonovergoten wijngaarden  <\/em><\/div>\n<div dir=\"ltr\"><em>naar de vruchtbare citrusvelden van Kreta.<\/em><\/div>\n<div dir=\"ltr\"><\/div>\n<div dir=\"ltr\">Voel je teruggevoerd naar je laatste vakantie in Griekenland<\/div>\n<div dir=\"ltr\">en laat je verwennen door elke slok!<\/div>\n<div dir=\"ltr\"><\/div>\n<div dir=\"ltr\">Past heel goed bij vleesgerechten en kaasvariaties.<\/div>\n<div dir=\"ltr\"><\/div>\n<div dir=\"ltr\">Druivensoort: Liatiko en Syrah<\/div>\n<div dir=\"ltr\">Vintage: 2024<\/div>\n<div dir=\"ltr\">Drinktemperatuur: 16 &#8211; 18\u00b0<\/div>\n<div dir=\"ltr\">Alcoholgehalte: 12,5 vol.<\/div>\n<div dir=\"ltr\"><\/div>\n<div class=\"lRu31\" dir=\"ltr\"><em><span class=\"HwtZe\" lang=\"de\"><span class=\"jCAhz ChMk0b\"><span class=\"ryNqvb\">Het wijnhuis Pnevmatikakis is een familiebedrijf met vele jaren ervaring, expertise en uitgebreide aanwezigheid en betrokkenheid in de Kretenzische wijnbouw.  <\/span><\/span><\/span><\/em><\/div>\n<div class=\"lRu31\" dir=\"ltr\"><em><span class=\"HwtZe\" lang=\"de\"><span class=\"jCAhz ChMk0b\"><span class=\"ryNqvb\">Het wijnhuis Pnevmatikakis ligt in de provincie Kissamos,  <\/span><\/span><\/span><\/em><\/div>\n<div class=\"lRu31\" dir=\"ltr\"><em><span class=\"HwtZe\" lang=\"de\"><span class=\"jCAhz ChMk0b\"><span class=\"ryNqvb\">een regio met een lange wijntraditie op Kreta.<\/span><\/span><\/span><\/em><\/div>\n<div dir=\"ltr\"><em>In de ultramoderne faciliteiten in Drapanias Kissamos komen passie, ervaring en traditie samen met technologie om producten van hoge kwaliteit te produceren.  <\/em><\/div>\n<div class=\"lRu31\" dir=\"ltr\"><em><span class=\"HwtZe\" lang=\"de\"><span class=\"jCAhz ChMk0b\"><span class=\"ryNqvb\">Moderne faciliteiten, geselecteerde vari\u00ebteiten, kwaliteitscontrole en passie voor wijn kenmerken dit wijnhuis.<\/span><\/span><\/span><\/em><\/div>\n<div class=\"lRu31\" dir=\"ltr\">\n<div class=\"NQSJo\"><em>In samenwerking met twee kloosters worden er exclusieve, heerlijke wijnen geproduceerd!<\/em><\/div>\n<div><\/div>\n<div>\n<p><strong>Belangrijk:<\/strong> Dit product bevat alcohol en mag niet worden verkocht aan personen onder de wettelijk toegestane leeftijd om alcohol te drinken. Door je bestelling te plaatsen bevestig je dat je de wettelijk vereiste leeftijd hebt om alcohol te drinken. <\/p>\n<p>Wil je de wijn cadeau geven? Geen probleem, voeg gewoon een passende cadeauverpakking toe aan je winkelmandje en je wijn komt kant-en-klaar verpakt aan! <\/p>\n<p>Pnevmatikakis S.A.<\/p>\n<p>Drapanias, Kissamos,73400 Chania, Kreta<\/p>\n<p>Griekenland<\/p>\n<p>Tel : +30 28220 31740<\/p>\n<p><strong>Vind meer geweldige artikelen in onze online shop!<\/strong><\/p>\n<\/div>\n<div><\/div>\n<div>\n<div class=\"lRu31\" dir=\"ltr\">\n<div class=\"OvtS8d\"><\/div>\n<div class=\"NQSJo\"><\/div>\n<\/div>\n<div class=\"UdTY9 WdefRb\" aria-hidden=\"true\" data-location=\"2\">\n<div class=\"kO6q6e\"><\/div>\n<\/div>\n<\/div>\n<\/div>\n<div class=\"UdTY9 WdefRb\" aria-hidden=\"true\" data-location=\"2\">\n<div class=\"kO6q6e\"><\/div>\n<\/div>\n<div class=\"XL3Kf XExWNc\">\n<div class=\"a8FIud\">\n<div data-show-delay-ms=\"250\" data-append-to-body=\"false\" data-propagate-tooltip-mouseover-events=\"true\" data-anchor-corner=\"bottom-end\" data-enable-skip-handler=\"true\" data-popup-corner=\"top-end\">\n<div class=\"dig2sb\"><\/div>\n<\/div>\n<\/div>\n<\/div>\n<div class=\"ebT7ne VOLvac sMVRZe\">\n<div class=\"F0pQVc\"><\/div>\n<\/div>\n<div class=\"VO9ucd\">\n<div class=\"aJIq1d\" dir=\"ltr\" data-language-code=\"de\" data-language-name=\"Deutsch\" data-text=\"Das Weingut Pnevmatikakis liegt in der Provinz Kissamos, einer Region mit langer Weinbau- und Weinbautradition. Moderne Anlagen, ausgew\u00e4hlte Sorten, Qualit\u00e4tskontrolle und die Leidenschaft f\u00fcr den Wein zeichnen das Weingut Pnevmatikakis aus.\" data-crosslingual-hint=\"\" data-location=\"2\" data-enable-toggle-playback-speed=\"true\" data-results-count=\"1\" data-result-index=\"1\">\n<div class=\"m0Qfkd\"><\/div>\n<\/div>\n<\/div>\n<p>&nbsp;<\/p>\n<p>&nbsp;<\/p>\n","protected":false},"excerpt":{"rendered":"<p>Geest van de aarde PNEVMATIKAKIS rood 0,75L halfdroog<\/p>\n","protected":false},"featured_media":34402,"comment_status":"open","ping_status":"closed","template":"","meta":[],"product_brand":[],"product_cat":[813,816],"product_tag":[],"class_list":{"0":"post-36088","1":"product","2":"type-product","3":"status-publish","4":"has-post-thumbnail","6":"product_cat-wijn","7":"product_cat-witte-wijn","9":"first","10":"instock","11":"taxable","12":"shipping-taxable","13":"purchasable","14":"product-type-simple"},"_links":{"self":[{"href":"https:\/\/hellenics-original.com\/nl\/wp-json\/wp\/v2\/product\/36088","targetHints":{"allow":["GET"]}}],"collection":[{"href":"https:\/\/hellenics-original.com\/nl\/wp-json\/wp\/v2\/product"}],"about":[{"href":"https:\/\/hellenics-original.com\/nl\/wp-json\/wp\/v2\/types\/product"}],"replies":[{"embeddable":true,"href":"https:\/\/hellenics-original.com\/nl\/wp-json\/wp\/v2\/comments?post=36088"}],"version-history":[{"count":0,"href":"https:\/\/hellenics-original.com\/nl\/wp-json\/wp\/v2\/product\/36088\/revisions"}],"wp:featuredmedia":[{"embeddable":true,"href":"https:\/\/hellenics-original.com\/nl\/wp-json\/wp\/v2\/media\/34402"}],"wp:attachment":[{"href":"https:\/\/hellenics-original.com\/nl\/wp-json\/wp\/v2\/media?parent=36088"}],"wp:term":[{"taxonomy":"product_brand","embeddable":true,"href":"https:\/\/hellenics-original.com\/nl\/wp-json\/wp\/v2\/product_brand?post=36088"},{"taxonomy":"product_cat","embeddable":true,"href":"https:\/\/hellenics-original.com\/nl\/wp-json\/wp\/v2\/product_cat?post=36088"},{"taxonomy":"product_tag","embeddable":true,"href":"https:\/\/hellenics-original.com\/nl\/wp-json\/wp\/v2\/product_tag?post=36088"}],"curies":[{"name":"wp","href":"https:\/\/api.w.org\/{rel}","templated":true}]}}