{"id":36094,"date":"2025-09-17T13:38:09","date_gmt":"2025-09-17T12:38:09","guid":{"rendered":"https:\/\/hellenics-original.com\/produkt\/eiernoedels-roesschen-van-de-boerderij\/"},"modified":"2025-09-17T13:38:09","modified_gmt":"2025-09-17T12:38:09","slug":"eiernoedels-roesschen-van-de-boerderij","status":"publish","type":"product","link":"https:\/\/hellenics-original.com\/nl\/produkt\/eiernoedels-roesschen-van-de-boerderij\/","title":{"rendered":"Eiernoedels R\u00d6\u00dfCHEN van de boerderij"},"content":{"rendered":"<p><strong>Eiernoedels R\u00d6\u00dfCHEN van de boerderij 500g<\/strong><\/p>\n<p><em>De Linkfarm hecht veel waarde aan kwaliteit.<\/em><\/p>\n<p><em>De eieren waarvan de pasta wordt gemaakt zijn uitsluitend afkomstig van scharrelboerderijen,<\/em><\/p>\n<p><em>de kippen zelf krijgen uitsluitend biologisch voer.<\/em><\/p>\n<p><em>Geweldige kwaliteit, gecombineerd met veel liefde voor de dieren en de landbouw!<\/em><\/p>\n<p><em>De pasta wordt uitsluitend gemaakt van griesmeel van harde tarwe, eieren en zout,<\/em><\/p>\n<p><em>Ook hier worden helemaal geen additieven\/conserveringsmiddelen gebruikt!<\/em><\/p>\n<p><em>In slechts 3 minuten tover je een heerlijk pastagerecht van de beste kwaliteit op tafel!<\/em><\/p>\n<p><em>Onze heerlijke pasta&#8217;s\/pesto zijn hier ook geschikt voor!<\/em><\/p>\n<p><em>Ingredi\u00ebnten: <strong>Durum tarwegriesmeel, eieren<\/strong> (30%), zout<\/em><\/p>\n<p>DE HE 21004 EG<\/p>\n<p>Boerderij link<\/p>\n<p>Fernhagen 21<\/p>\n<p>58566 Kierspe<\/p>\n","protected":false},"excerpt":{"rendered":"<p>Eiernoedels R\u00d6\u00dfCHEN van de boerderij 500g<\/p>\n","protected":false},"featured_media":36096,"comment_status":"closed","ping_status":"closed","template":"","meta":[],"product_brand":[],"product_cat":[1012,1011,737,733],"product_tag":[1016,1017],"class_list":{"0":"post-36094","1":"product","2":"type-product","3":"status-publish","4":"has-post-thumbnail","6":"product_cat-noedels","7":"product_cat-pasta","8":"product_cat-pastas-pesto","9":"product_cat-voedsel","10":"product_tag-boerderij","11":"product_tag-van-de-producent","13":"first","14":"outofstock","15":"taxable","16":"shipping-taxable","17":"purchasable","18":"product-type-simple"},"_links":{"self":[{"href":"https:\/\/hellenics-original.com\/nl\/wp-json\/wp\/v2\/product\/36094","targetHints":{"allow":["GET"]}}],"collection":[{"href":"https:\/\/hellenics-original.com\/nl\/wp-json\/wp\/v2\/product"}],"about":[{"href":"https:\/\/hellenics-original.com\/nl\/wp-json\/wp\/v2\/types\/product"}],"replies":[{"embeddable":true,"href":"https:\/\/hellenics-original.com\/nl\/wp-json\/wp\/v2\/comments?post=36094"}],"version-history":[{"count":0,"href":"https:\/\/hellenics-original.com\/nl\/wp-json\/wp\/v2\/product\/36094\/revisions"}],"wp:featuredmedia":[{"embeddable":true,"href":"https:\/\/hellenics-original.com\/nl\/wp-json\/wp\/v2\/media\/36096"}],"wp:attachment":[{"href":"https:\/\/hellenics-original.com\/nl\/wp-json\/wp\/v2\/media?parent=36094"}],"wp:term":[{"taxonomy":"product_brand","embeddable":true,"href":"https:\/\/hellenics-original.com\/nl\/wp-json\/wp\/v2\/product_brand?post=36094"},{"taxonomy":"product_cat","embeddable":true,"href":"https:\/\/hellenics-original.com\/nl\/wp-json\/wp\/v2\/product_cat?post=36094"},{"taxonomy":"product_tag","embeddable":true,"href":"https:\/\/hellenics-original.com\/nl\/wp-json\/wp\/v2\/product_tag?post=36094"}],"curies":[{"name":"wp","href":"https:\/\/api.w.org\/{rel}","templated":true}]}}